{"id":2051,"date":"2026-02-02T18:57:44","date_gmt":"2026-02-02T17:57:44","guid":{"rendered":"https:\/\/carlstenssoldathotell.se\/about-us\/"},"modified":"2026-02-03T11:58:51","modified_gmt":"2026-02-03T10:58:51","slug":"about-us","status":"publish","type":"page","link":"https:\/\/carlstenssoldathotell.se\/en\/about-us\/","title":{"rendered":"About us"},"content":{"rendered":"\t\t<div data-elementor-type=\"wp-page\" data-elementor-id=\"2051\" class=\"elementor elementor-2051 elementor-1970\" data-elementor-post-type=\"page\">\n\t\t\t\t<div class=\"elementor-element elementor-element-40bfef0 e-flex e-con-boxed e-con e-parent\" data-id=\"40bfef0\" data-element_type=\"container\" data-e-type=\"container\" data-settings=\"{&quot;jet_parallax_layout_list&quot;:[]}\">\n\t\t\t\t\t<div class=\"e-con-inner\">\n\t\t\t\t<div class=\"elementor-element elementor-element-1650aa5 elementor-widget elementor-widget-video\" data-id=\"1650aa5\" data-element_type=\"widget\" data-e-type=\"widget\" data-settings=\"{&quot;youtube_url&quot;:&quot;https:\\\/\\\/youtu.be\\\/TL-Dm7FCo_E?si=x1K4fNFnkljDQSO_&quot;,&quot;video_type&quot;:&quot;youtube&quot;,&quot;controls&quot;:&quot;yes&quot;}\" data-widget_type=\"video.default\">\n\t\t\t\t\t\t\t<div class=\"elementor-wrapper elementor-open-inline\">\n\t\t\t<div class=\"elementor-video\"><\/div>\t\t<\/div>\n\t\t\t\t\t\t<\/div>\n\t\t\t\t\t<\/div>\n\t\t\t\t<\/div>\n\t\t<div class=\"elementor-element elementor-element-94299a1 e-flex e-con-boxed e-con e-parent\" data-id=\"94299a1\" data-element_type=\"container\" data-e-type=\"container\" data-settings=\"{&quot;jet_parallax_layout_list&quot;:[]}\">\n\t\t\t\t\t<div class=\"e-con-inner\">\n\t\t<div class=\"elementor-element elementor-element-515599e e-con-full e-flex e-con e-child\" data-id=\"515599e\" data-element_type=\"container\" data-e-type=\"container\" data-settings=\"{&quot;jet_parallax_layout_list&quot;:[]}\">\n\t\t\t\t<div class=\"elementor-element elementor-element-6a18da2 elementor-widget elementor-widget-text-editor\" data-id=\"6a18da2\" data-element_type=\"widget\" data-e-type=\"widget\" data-widget_type=\"text-editor.default\">\n\t\t\t\t\t\t\t\t\t<div id=\"panel-43-1-0-0\" class=\"so-panel widget widget_sow-editor panel-first-child\" data-index=\"1\"><div class=\"so-widget-sow-editor so-widget-sow-editor-base\"><div class=\"siteorigin-widget-tinymce textwidget\"><h4>Find here<\/h4><p>Carlsten Fortress is located on the island of Marstrand, about 45 kilometers northwest of Gothenburg. You can get there by car, bus or boat. Since car traffic is prohibited on Marstrand Island, you can take the ferry from Ko\u00f6n to Marstrands\u00f6n by car or bus. Ko\u00f6n is located 100-150 meters east of Marstrand and the ferry crossing takes only a few minutes.   <\/p><p><strong>By car<br><\/strong>Description from Gothenburg: Take the E6 towards Oslo. At Kung\u00e4lv (approx. 20 km) take road 168 (signposted Marstrand) and follow this (approx. 25 km) to Marstrand-Ko\u00f6n. <\/p><p><strong>Parking<\/strong><br>At the entrance to Marstrand-Ko\u00f6n there are signs to several different parking lots. The principle is that the closer to the ferry terminal, the more expensive the fee. During the winter months, most parking lots are free &#8211; see instructions on site.  <br><a href=\"https:\/\/www.destinero.com\/list\/6113\" target=\"_blank\" rel=\"noopener noreferrer\">Read more about Marstrand&#8217;s parking lots and information about charging, motorhomes etc.<\/a><\/p><p><strong>The ferry<br><\/strong>The ferry between Ko\u00f6n-Marstrand runs all day and has timetable number 322. During the day it runs every 15 minutes and during the night it runs every half hour on call. <\/p><p>For exact departure times etc. visit <a href=\"http:\/\/www.vasttrafik.se\" target=\"_blank\" rel=\"noopener noreferrer\">www.vasttrafik.se<\/a> or call customer service, tel +46 (0) 771-41 43 00<br>NOTE! If you have come by bus, the bus ticket is also valid for crossing to Marstrand Island. You do not need to buy a ferry ticket when traveling by bus.<br>Customer service, tel +46 (0) 771-41 43 00  <\/p><p><strong>Frequently asked questions<\/strong><\/p><p><a href=\"https:\/\/carlstenssoldathotell.se\/project\/svar-pa-de-vanligaste-fragorna\/\">Read the answers to the most frequently asked questions here<\/a><\/p><\/div><\/div><\/div><div id=\"panel-43-1-0-1\" class=\"so-panel widget widget_sow-editor panel-last-child\" data-index=\"2\"><div class=\"so-widget-sow-editor so-widget-sow-editor-base\"><div class=\"siteorigin-widget-tinymce textwidget\"><h4>  Guided tours at Carlsten<\/h4><p>For info on guided tours of the fortress call +46 (0) 303-61167<\/p><h4>Contact Carlstens Soldathotell<\/h4><p>Telephone: +46 (0) 303-602 65 \/ +46 (0) 70-999 50 74<br>E-mail: <a href=\"mailto:cs@carlstenssoldathotell.se\">cs@carlstenssoldathotell.se<\/a><br>Address: Carlstens F\u00e4stning, 442 67 Marstrand, Sweden.<\/p><p><strong>Prices:<br><\/strong><a title=\"Prices\" href=\"https:\/\/carlstenssoldathotell.se\/en\/?attachment_id=1598\">See Soldat Hotel prices here.<\/a><\/p><p><strong>Opening hours Carlstens F\u00e4stning:<\/strong><\/p><p>Opening hours for visitors and admission prices can be found on <a href=\"http:\/\/carlsten.se\/oppettider-och-priser\" target=\"_blank\" rel=\"noopener noreferrer\">the Carlsten Fortress website here<\/a>.<\/p><\/div><\/div><\/div>\t\t\t\t\t\t\t\t<\/div>\n\t\t\t\t<\/div>\n\t\t<div class=\"elementor-element elementor-element-ce88037 e-con-full e-flex e-con e-child\" data-id=\"ce88037\" data-element_type=\"container\" data-e-type=\"container\" data-settings=\"{&quot;background_background&quot;:&quot;classic&quot;,&quot;jet_parallax_layout_list&quot;:[]}\">\n\t\t\t\t<div class=\"elementor-element elementor-element-8f236ed elementor-widget elementor-widget-text-editor\" data-id=\"8f236ed\" data-element_type=\"widget\" data-e-type=\"widget\" data-widget_type=\"text-editor.default\">\n\t\t\t\t\t\t\t\t\t<h4>Follow us on Facebook!<\/h4>\t\t\t\t\t\t\t\t<\/div>\n\t\t\t\t<div class=\"elementor-element elementor-element-6ab84df elementor-widget elementor-widget-html\" data-id=\"6ab84df\" data-element_type=\"widget\" data-e-type=\"widget\" data-widget_type=\"html.default\">\n\t\t\t\t\t<iframe style=\"border: none; overflow: hidden; width: 100%; height: 395px;\" src=\"\/\/www.facebook.com\/plugins\/likebox.php?href=http%3A%2F%2Fwww.facebook.com%2FCarlstensSoldathotell&amp;width=292&amp;height=395&amp;colorscheme=light&amp;show_faces=false&amp;border_color=%2399a2aa&amp;stream=true&amp;header=false&amp;appId=281044508593097\" width=\"100%\" height=\"100%\" frameborder=\"0\" scrolling=\"no\"><\/iframe>\t\t\t\t<\/div>\n\t\t\t\t<div class=\"elementor-element elementor-element-985e270 elementor-widget elementor-widget-image\" data-id=\"985e270\" data-element_type=\"widget\" data-e-type=\"widget\" data-widget_type=\"image.default\">\n\t\t\t\t\t\t\t\t\t\t\t\t<figure class=\"wp-caption\">\n\t\t\t\t\t\t\t\t\t\t<img fetchpriority=\"high\" decoding=\"async\" width=\"226\" height=\"401\" src=\"https:\/\/carlstenssoldathotell.se\/wp-content\/uploads\/2012\/11\/Charles-soldat.png\" class=\"attachment-full size-full wp-image-1592\" alt=\"\" srcset=\"https:\/\/carlstenssoldathotell.se\/wp-content\/uploads\/2012\/11\/Charles-soldat.png 226w, https:\/\/carlstenssoldathotell.se\/wp-content\/uploads\/2012\/11\/Charles-soldat-169x300.png 169w\" sizes=\"(max-width: 226px) 100vw, 226px\" \/>\t\t\t\t\t\t\t\t\t\t\t<figcaption class=\"widget-image-caption wp-caption-text\">Hej, det \u00e4r jag som \u00e4r Charles! Ring eller mejla mig om du har n\u00e5gra fr\u00e5gor!<\/figcaption>\n\t\t\t\t\t\t\t\t\t\t<\/figure>\n\t\t\t\t\t\t\t\t\t<\/div>\n\t\t\t\t<\/div>\n\t\t\t\t\t<\/div>\n\t\t\t\t<\/div>\n\t\t\t\t<\/div>\n\t\t","protected":false},"excerpt":{"rendered":"<p>https:\/\/youtu.be\/TL-Dm7FCo_E?si=x1K4fNFnkljDQSO_ Find here Carlsten Fortress is located on the island of Marstrand, about 45 kilometers northwest of Gothenburg. You can get there by car, bus or boat. Since car traffic is prohibited on Marstrand Island, you can take the ferry from Ko\u00f6n to Marstrands\u00f6n by car or bus. Ko\u00f6n is located 100-150 meters east of [&hellip;]<\/p>\n","protected":false},"author":1,"featured_media":0,"parent":0,"menu_order":0,"comment_status":"closed","ping_status":"closed","template":"","meta":{"ngg_post_thumbnail":0,"footnotes":""},"class_list":["post-2051","page","type-page","status-publish","hentry"],"_links":{"self":[{"href":"https:\/\/carlstenssoldathotell.se\/en\/wp-json\/wp\/v2\/pages\/2051","targetHints":{"allow":["GET"]}}],"collection":[{"href":"https:\/\/carlstenssoldathotell.se\/en\/wp-json\/wp\/v2\/pages"}],"about":[{"href":"https:\/\/carlstenssoldathotell.se\/en\/wp-json\/wp\/v2\/types\/page"}],"author":[{"embeddable":true,"href":"https:\/\/carlstenssoldathotell.se\/en\/wp-json\/wp\/v2\/users\/1"}],"replies":[{"embeddable":true,"href":"https:\/\/carlstenssoldathotell.se\/en\/wp-json\/wp\/v2\/comments?post=2051"}],"version-history":[{"count":3,"href":"https:\/\/carlstenssoldathotell.se\/en\/wp-json\/wp\/v2\/pages\/2051\/revisions"}],"predecessor-version":[{"id":2058,"href":"https:\/\/carlstenssoldathotell.se\/en\/wp-json\/wp\/v2\/pages\/2051\/revisions\/2058"}],"wp:attachment":[{"href":"https:\/\/carlstenssoldathotell.se\/en\/wp-json\/wp\/v2\/media?parent=2051"}],"curies":[{"name":"wp","href":"https:\/\/api.w.org\/{rel}","templated":true}]}}