{"id":1862,"date":"2012-11-01T13:51:14","date_gmt":"2012-11-01T12:51:14","guid":{"rendered":"https:\/\/carlstenssoldathotell.se\/contact-map\/"},"modified":"2012-11-01T13:51:14","modified_gmt":"2012-11-01T12:51:14","slug":"contact-map","status":"publish","type":"page","link":"https:\/\/carlstenssoldathotell.se\/en\/contact-map\/","title":{"rendered":"Contact &amp; map"},"content":{"rendered":"<div id=\"pl-1862\"  class=\"panel-layout\" ><div id=\"pg-1862-0\"  class=\"panel-grid panel-no-style\" ><div id=\"pgc-1862-0-0\"  class=\"panel-grid-cell\" ><div id=\"panel-1862-0-0-0\" class=\"so-panel widget widget_sow-editor panel-first-child panel-last-child\" data-index=\"0\" ><div\n\t\t\t\n\t\t\tclass=\"so-widget-sow-editor so-widget-sow-editor-base\"\n\t\t\t\n\t\t>\n<div class=\"siteorigin-widget-tinymce textwidget\">\n\t<p>&nbsp;<\/p>\n<h2 style=\"text-align: center;\">Watch the movie about the Soldat Hotel!<\/h2>\n<p><iframe width=\"1080\" height=\"608\" src=\"https:\/\/www.youtube.com\/embed\/TL-Dm7FCo_E?rel=0&amp;showinfo=0\" frameborder=\"0\" allowfullscreen=\"\"><\/iframe><\/p>\n<p>&nbsp;<\/p>\n<\/div>\n<\/div><\/div><\/div><\/div><div id=\"pg-1862-1\"  class=\"panel-grid panel-no-style\" ><div id=\"pgc-1862-1-0\"  class=\"panel-grid-cell\" ><div id=\"panel-1862-1-0-0\" class=\"so-panel widget widget_sow-editor panel-first-child\" data-index=\"1\" ><div\n\t\t\t\n\t\t\tclass=\"so-widget-sow-editor so-widget-sow-editor-base\"\n\t\t\t\n\t\t>\n<div class=\"siteorigin-widget-tinymce textwidget\">\n\t<h4>Find here<\/h4>\n<p>Carlsten Fortress is located on the island of Marstrand, about 45 kilometers northwest of Gothenburg. You can get there by car, bus or boat. Since car traffic is prohibited on Marstrand Island, you can take the ferry from Ko\u00f6n to Marstrands\u00f6n by car or bus. Ko\u00f6n is located 100-150 meters east of Marstrand and the ferry crossing takes only a few minutes.   <\/p>\n<p><strong>By car<br \/><\/strong>Description from Gothenburg: Take the E6 towards Oslo. At Kung\u00e4lv (approx. 20 km) take road 168 (signposted Marstrand) and follow this (approx. 25 km) to Marstrand-Ko\u00f6n. <\/p>\n<p><strong>Parking<\/strong><br \/>At the entrance to Marstrand-Ko\u00f6n there are signs to several different parking lots. The principle is that the closer to the ferry terminal, the more expensive the fee. During the winter months, most parking lots are free - see instructions on site.  <br \/><a href=\"https:\/\/www.destinero.com\/list\/6113\" target=\"_blank\" rel=\"noopener noreferrer\">Read more about Marstrand's parking lots and information about charging, motorhomes etc.<\/a><\/p>\n<p><strong>The ferry<br \/><\/strong>The ferry between Ko\u00f6n-Marstrand runs all day and has timetable number 322. During the day it runs every 15 minutes and during the night it runs every half hour on call. <\/p>\n<p>For exact departure times etc. visit <a href=\"http:\/\/www.vasttrafik.se\" target=\"_blank\" rel=\"noopener noreferrer\">www.vasttrafik.se<\/a> or call customer service, tel +46 (0) 771-41 43 00<br \/>NOTE! If you have come by bus, the bus ticket is also valid for crossing to Marstrand Island. You do not need to buy a ferry ticket when traveling by bus.<br \/>Customer service, tel +46 (0) 771-41 43 00  <\/p>\n<p><strong>Frequently asked questions<\/strong><\/p>\n<p><a href=\"https:\/\/carlstenssoldathotell.se\/project\/svar-pa-de-vanligaste-fragorna\/\">Read the answers to the most frequently asked questions here<\/a><\/p>\n<\/div>\n<\/div><\/div><div id=\"panel-1862-1-0-1\" class=\"so-panel widget widget_sow-editor panel-last-child\" data-index=\"2\" ><div\n\t\t\t\n\t\t\tclass=\"so-widget-sow-editor so-widget-sow-editor-base\"\n\t\t\t\n\t\t>\n<div class=\"siteorigin-widget-tinymce textwidget\">\n\t<h4>&nbsp;Guided tours at Carlsten<\/h4>\n<p>For info on guided tours of the fortress call +46 (0) 303-61167<\/p>\n<h4>Contact Carlstens Soldathotell<\/h4>\n<p>Telephone: +46 (0) 303-602 65 \/ +46 (0) 70-999 50 74<br \/>E-mail: <a href=\"mailto:cs@carlstenssoldathotell.se\">cs@carlstenssoldathotell.se<\/a><br \/>Address: Carlstens F\u00e4stning, 442 67 Marstrand, Sweden.<\/p>\n<p><strong>Prices:<br \/><\/strong><a title=\"Prices\" href=\"https:\/\/carlstenssoldathotell.se\/project\/priser\/\">See Soldat Hotel prices here.<\/a><\/p>\n<p><strong>Opening hours Carlstens F\u00e4stning:<\/strong><\/p>\n<p>Opening hours for visitors and admission prices can be found on <a href=\"http:\/\/carlsten.se\/oppettider-och-priser\" target=\"_blank\" rel=\"noopener noreferrer\">the Carlsten Fortress website here<\/a>.<\/p>\n<\/div>\n<\/div><\/div><\/div><div id=\"pgc-1862-1-1\"  class=\"panel-grid-cell\" ><div id=\"panel-1862-1-1-0\" class=\"so-panel widget widget_sow-editor panel-first-child\" data-index=\"3\" ><div\n\t\t\t\n\t\t\tclass=\"so-widget-sow-editor so-widget-sow-editor-base\"\n\t\t\t\n\t\t>\n<div class=\"siteorigin-widget-tinymce textwidget\">\n\t<h4>Follow us on Facebook!<\/h4>\n<p>&nbsp;<\/p>\n<p><iframe style=\"border: none; overflow: hidden; width: 100%; height: 395px;\" src=\"\/\/www.facebook.com\/plugins\/likebox.php?href=http%3A%2F%2Fwww.facebook.com%2FCarlstensSoldathotell&amp;width=292&amp;height=395&amp;colorscheme=light&amp;show_faces=false&amp;border_color=%2399a2aa&amp;stream=true&amp;header=false&amp;appId=281044508593097\" width=\"100%\" height=\"100%\" frameborder=\"0\" scrolling=\"no\"><\/iframe><\/p>\n<\/div>\n<\/div><\/div><div id=\"panel-1862-1-1-1\" class=\"so-panel widget widget_sow-editor panel-last-child\" data-index=\"4\" ><div\n\t\t\t\n\t\t\tclass=\"so-widget-sow-editor so-widget-sow-editor-base\"\n\t\t\t\n\t\t>\n<div class=\"siteorigin-widget-tinymce textwidget\">\n\t<p><img fetchpriority=\"high\" fetchpriority=\"high\" decoding=\"async\" class=\"alignnone size-full wp-image-404\" title=\"Charles soldier\" src=\"https:\/\/carlstenssoldathotell.se\/wp-content\/uploads\/2012\/11\/Charles-soldat.png\" alt=\"\" width=\"226\" height=\"401\" srcset=\"https:\/\/carlstenssoldathotell.se\/wp-content\/uploads\/2012\/11\/Charles-soldat.png 226w, https:\/\/carlstenssoldathotell.se\/wp-content\/uploads\/2012\/11\/Charles-soldat-169x300.png 169w\" sizes=\"(max-width: 226px) 100vw, 226px\" \/><\/p>\n<blockquote><p>Hi, I'm Charles! Call or email me if you have any questions! <\/p><\/blockquote>\n<\/div>\n<\/div><\/div><\/div><\/div><\/div>","protected":false},"excerpt":{"rendered":"<p>&nbsp; Watch the movie about the Soldat Hotel! &nbsp; Find here Carlsten Fortress is located on the island of Marstrand, about 45 kilometers northwest of Gothenburg. You can get there by car, bus or boat. Since car traffic is prohibited on Marstrand Island, you can take the ferry from Ko\u00f6n to Marstrands\u00f6n by car or [&hellip;]<\/p>\n","protected":false},"author":1,"featured_media":0,"parent":0,"menu_order":0,"comment_status":"closed","ping_status":"closed","template":"page-full-width.php","meta":{"ngg_post_thumbnail":0,"footnotes":""},"class_list":["post-1862","page","type-page","status-publish","hentry"],"_links":{"self":[{"href":"https:\/\/carlstenssoldathotell.se\/en\/wp-json\/wp\/v2\/pages\/1862","targetHints":{"allow":["GET"]}}],"collection":[{"href":"https:\/\/carlstenssoldathotell.se\/en\/wp-json\/wp\/v2\/pages"}],"about":[{"href":"https:\/\/carlstenssoldathotell.se\/en\/wp-json\/wp\/v2\/types\/page"}],"author":[{"embeddable":true,"href":"https:\/\/carlstenssoldathotell.se\/en\/wp-json\/wp\/v2\/users\/1"}],"replies":[{"embeddable":true,"href":"https:\/\/carlstenssoldathotell.se\/en\/wp-json\/wp\/v2\/comments?post=1862"}],"version-history":[{"count":0,"href":"https:\/\/carlstenssoldathotell.se\/en\/wp-json\/wp\/v2\/pages\/1862\/revisions"}],"wp:attachment":[{"href":"https:\/\/carlstenssoldathotell.se\/en\/wp-json\/wp\/v2\/media?parent=1862"}],"curies":[{"name":"wp","href":"https:\/\/api.w.org\/{rel}","templated":true}]}}