{"id":2059,"date":"2026-02-02T18:51:51","date_gmt":"2026-02-02T17:51:51","guid":{"rendered":"https:\/\/carlstenssoldathotell.se\/haeufig-gestellte-fragen\/"},"modified":"2026-02-03T11:58:55","modified_gmt":"2026-02-03T10:58:55","slug":"haeufig-gestellte-fragen","status":"publish","type":"page","link":"https:\/\/carlstenssoldathotell.se\/de\/haeufig-gestellte-fragen\/","title":{"rendered":"H\u00e4ufig gestellte Fragen"},"content":{"rendered":"\t\t<div data-elementor-type=\"wp-page\" data-elementor-id=\"2059\" class=\"elementor elementor-2059 elementor-1959\" data-elementor-post-type=\"page\">\n\t\t\t\t<div class=\"elementor-element elementor-element-bfe0ff1 e-flex e-con-boxed e-con e-parent\" data-id=\"bfe0ff1\" data-element_type=\"container\" data-e-type=\"container\" data-settings=\"{&quot;jet_parallax_layout_list&quot;:[]}\">\n\t\t\t\t\t<div class=\"e-con-inner\">\n\t\t\t\t<div class=\"elementor-element elementor-element-efd3efa elementor-widget elementor-widget-text-editor\" data-id=\"efd3efa\" data-element_type=\"widget\" data-e-type=\"widget\" data-widget_type=\"text-editor.default\">\n\t\t\t\t\t\t\t\t\t<p>Hier finden Sie die Antworten auf einige der am h\u00e4ufigsten gestellten Fragen.<\/p><ul><li><strong><em>Ist das Hotel im Winter geschlossen?<br><\/em><\/strong>Nein, Carlstens Soldathotell ist das ganze Jahr \u00fcber f\u00fcr Buchungen ge\u00f6ffnet!<\/li><li><em><strong>Wie komme ich ins Hotel, wenn die Festung geschlossen ist?<\/strong><\/em><br>Wenn Sie im Soldat Hotel einchecken, erhalten Sie Ihren eigenen Schl\u00fcssel f\u00fcr das m\u00e4chtige Festungstor, so dass Sie kommen und gehen k\u00f6nnen, wie Sie wollen.<\/li><li><em><strong>Kann ich meinen Hund zur Festung Carlsten mitbringen?<\/strong><\/em><br>Ja, Hunde sind auf dem Festungsgel\u00e4nde immer willkommen und wir haben auch einige Zimmer f\u00fcr Hotelg\u00e4ste mit Hunden.<\/li><li><em><strong>Muss ich Eintritt f\u00fcr die Festung bezahlen, wenn ich im Hotel wohne?<\/strong><\/em><br>Nat\u00fcrlich ist der Eintritt in die Festung in Ihrem Aufenthalt bei uns inbegriffen.<\/li><li><strong><em>Kann ich mein Auto mit auf die Insel Marstrand nehmen?<br><\/em><\/strong>Nein, auf der Insel Marstrand gibt es nur gewerblichen Verkehr. Allerdings gibt es Parkpl\u00e4tze neben der F\u00e4hre auf Ko\u00f6n. Die F\u00e4hre braucht nur ein paar Minuten \u00fcber die Meerenge.  <br><a href=\"https:\/\/carlstenssoldathotell.se\/de\/kontakt-karte\/\">Weitere Informationen zur F\u00e4hre und zu den Parkpl\u00e4tzen finden Sie auf der Registerkarte Kontakt<\/a>.<\/li><li><em><strong>Wann muss ich aus den Zimmern auschecken?<\/strong><\/em><br>Sofern bei der Buchung nicht anders vereinbart, muss der Check-out um 11.00 Uhr erfolgen.<\/li><li><strong><em>Bis wann muss man in den Zimmern eingecheckt haben?<\/em><\/strong><br>Check-in zwischen 14.00-18.00 Uhr, sofern nichts anderes vereinbart wurde. <\/li><li><strong><em>Kann ich \u00fcber die Website bezahlen?<\/em><\/strong><br>Nein, die Zahlung erfolgt vor Ort, wenn Sie im Hotel ankommen. Sie k\u00f6nnen jedoch ganz einfach ein Zimmer auf <a href=\"https:\/\/carlstenssoldathotell.se\/project\/boka\/\">unserer Buchungsseite<\/a> buchen. Denken Sie daran, dass die Buchung erst dann g\u00fcltig ist, wenn Sie eine Buchungsbest\u00e4tigung von uns erhalten haben.    <a href=\"https:\/\/carlstenssoldathotell.se\/project\/boka\/\">Klicken Sie hier, um zur Buchungsseite zu gelangen.<\/a><\/li><li><strong><em>Ist das Fr\u00fchst\u00fcck in den Preisen enthalten?<\/em><\/strong><br><em>Das Fr\u00fchst\u00fcck ist im Preis inbegriffen und wird zwischen 08.00-10.00 Uhr in der Mensa serviert.<\/em><\/li><li><em><strong>Haben alle Zimmer eine eigene Dusche und Toilette?<\/strong><\/em><br>Ja, alle Zimmer haben eine eigene Dusche und Toilette, aber einige Zimmer haben eine eigene Dusche und Toilette au\u00dferhalb ihres Zimmers.<\/li><li><strong><em>Gibt es im Hotel einen Tagungsraum f\u00fcr gr\u00f6\u00dfere Gruppen?<\/em><\/strong><br>Ja, geben Sie dies einfach bei der Buchung an, damit wir wissen, was Sie w\u00fcnschen.<\/li><li><strong><em>Kann ich F\u00fchrungen durch die Festung Carlsten buchen?<\/em><\/strong><br>Ja, f\u00fcr \u00d6ffnungszeiten und F\u00fchrungen von Carlstens F\u00e4stning rufen Sie bitte an: 0303-611 67<\/li><li><em><strong>Wie ist die Festung f\u00fcr Besucher ge\u00f6ffnet?<\/strong><\/em><br>Die aktuellen \u00d6ffnungszeiten finden Sie <a href=\"http:\/\/carlsten.se\/oppettider-och-priser\" target=\"_blank\" rel=\"noopener\">hier<\/a>.<\/li><li><em><strong>Wann ist der letzte Tag, um ein Zimmer zu stornieren?<\/strong><\/em><br>Informieren Sie sich \u00fcber unsere Stornierungsbedingungen auf unserer <a href=\"https:\/\/carlstenssoldathotell.se\/de\/allgemeine-geschaeftsbedingungen-und-stornierungsbedingungen\/\">Seite Allgemeine Gesch\u00e4ftsbedingungen<\/a>.<\/li><li><em><strong>Kann ich die Anzahl der gebuchten Personen \u00e4ndern?<\/strong><\/em><br>Nat\u00fcrlich ist eine \u00c4nderung m\u00f6glich, aber mindestens 24 Stunden vor dem gebuchten Termin.<\/li><\/ul>\t\t\t\t\t\t\t\t<\/div>\n\t\t\t\t\t<\/div>\n\t\t\t\t<\/div>\n\t\t\t\t<\/div>\n\t\t","protected":false},"excerpt":{"rendered":"<p>Hier finden Sie die Antworten auf einige der am h\u00e4ufigsten gestellten Fragen. Ist das Hotel im Winter geschlossen?Nein, Carlstens Soldathotell ist das ganze Jahr \u00fcber f\u00fcr Buchungen ge\u00f6ffnet! Wie komme ich ins Hotel, wenn die Festung geschlossen ist?Wenn Sie im Soldat Hotel einchecken, erhalten Sie Ihren eigenen Schl\u00fcssel f\u00fcr das m\u00e4chtige Festungstor, so dass Sie [&hellip;]<\/p>\n","protected":false},"author":1,"featured_media":0,"parent":0,"menu_order":0,"comment_status":"closed","ping_status":"closed","template":"","meta":{"ngg_post_thumbnail":0,"footnotes":""},"class_list":["post-2059","page","type-page","status-publish","hentry"],"_links":{"self":[{"href":"https:\/\/carlstenssoldathotell.se\/de\/wp-json\/wp\/v2\/pages\/2059","targetHints":{"allow":["GET"]}}],"collection":[{"href":"https:\/\/carlstenssoldathotell.se\/de\/wp-json\/wp\/v2\/pages"}],"about":[{"href":"https:\/\/carlstenssoldathotell.se\/de\/wp-json\/wp\/v2\/types\/page"}],"author":[{"embeddable":true,"href":"https:\/\/carlstenssoldathotell.se\/de\/wp-json\/wp\/v2\/users\/1"}],"replies":[{"embeddable":true,"href":"https:\/\/carlstenssoldathotell.se\/de\/wp-json\/wp\/v2\/comments?post=2059"}],"version-history":[{"count":1,"href":"https:\/\/carlstenssoldathotell.se\/de\/wp-json\/wp\/v2\/pages\/2059\/revisions"}],"predecessor-version":[{"id":2060,"href":"https:\/\/carlstenssoldathotell.se\/de\/wp-json\/wp\/v2\/pages\/2059\/revisions\/2060"}],"wp:attachment":[{"href":"https:\/\/carlstenssoldathotell.se\/de\/wp-json\/wp\/v2\/media?parent=2059"}],"curies":[{"name":"wp","href":"https:\/\/api.w.org\/{rel}","templated":true}]}}