{"id":2053,"date":"2026-02-02T18:57:44","date_gmt":"2026-02-02T17:57:44","guid":{"rendered":"https:\/\/carlstenssoldathotell.se\/ueber-uns\/"},"modified":"2026-02-03T11:58:54","modified_gmt":"2026-02-03T10:58:54","slug":"ueber-uns","status":"publish","type":"page","link":"https:\/\/carlstenssoldathotell.se\/de\/ueber-uns\/","title":{"rendered":"\u00dcber uns"},"content":{"rendered":"\t\t<div data-elementor-type=\"wp-page\" data-elementor-id=\"2053\" class=\"elementor elementor-2053 elementor-1970\" data-elementor-post-type=\"page\">\n\t\t\t\t<div class=\"elementor-element elementor-element-40bfef0 e-flex e-con-boxed e-con e-parent\" data-id=\"40bfef0\" data-element_type=\"container\" data-e-type=\"container\" data-settings=\"{&quot;jet_parallax_layout_list&quot;:[]}\">\n\t\t\t\t\t<div class=\"e-con-inner\">\n\t\t\t\t<div class=\"elementor-element elementor-element-1650aa5 elementor-widget elementor-widget-video\" data-id=\"1650aa5\" data-element_type=\"widget\" data-e-type=\"widget\" data-settings=\"{&quot;youtube_url&quot;:&quot;https:\\\/\\\/youtu.be\\\/TL-Dm7FCo_E?si=x1K4fNFnkljDQSO_&quot;,&quot;video_type&quot;:&quot;youtube&quot;,&quot;controls&quot;:&quot;yes&quot;}\" data-widget_type=\"video.default\">\n\t\t\t\t\t\t\t<div class=\"elementor-wrapper elementor-open-inline\">\n\t\t\t<div class=\"elementor-video\"><\/div>\t\t<\/div>\n\t\t\t\t\t\t<\/div>\n\t\t\t\t\t<\/div>\n\t\t\t\t<\/div>\n\t\t<div class=\"elementor-element elementor-element-94299a1 e-flex e-con-boxed e-con e-parent\" data-id=\"94299a1\" data-element_type=\"container\" data-e-type=\"container\" data-settings=\"{&quot;jet_parallax_layout_list&quot;:[]}\">\n\t\t\t\t\t<div class=\"e-con-inner\">\n\t\t<div class=\"elementor-element elementor-element-515599e e-con-full e-flex e-con e-child\" data-id=\"515599e\" data-element_type=\"container\" data-e-type=\"container\" data-settings=\"{&quot;jet_parallax_layout_list&quot;:[]}\">\n\t\t\t\t<div class=\"elementor-element elementor-element-6a18da2 elementor-widget elementor-widget-text-editor\" data-id=\"6a18da2\" data-element_type=\"widget\" data-e-type=\"widget\" data-widget_type=\"text-editor.default\">\n\t\t\t\t\t\t\t\t\t<div id=\"panel-43-1-0-0\" class=\"so-panel widget widget_sow-editor panel-first-child\" data-index=\"1\"><div class=\"so-widget-sow-editor so-widget-sow-editor-base\"><div class=\"siteorigin-widget-tinymce textwidget\"><h4>Hier finden Sie<\/h4><p>Die Festung Carlsten liegt auf der Insel Marstrand, etwa 45 Kilometer nordwestlich von G\u00f6teborg. Sie k\u00f6nnen mit dem Auto, dem Bus oder dem Schiff anreisen. Da der Autoverkehr auf Marstrands\u00f6n verboten ist, m\u00fcssen Reisende mit dem Auto oder Bus die F\u00e4hre von Ko\u00f6n nach Marstrands\u00f6n nehmen. Ko\u00f6n liegt 100-150 Meter \u00f6stlich von Marstrand, und die \u00dcberfahrt mit der F\u00e4hre dauert nur ein paar Minuten.   <\/p><p><strong>Mit dem Auto<br><\/strong>Beschreibung von G\u00f6teborg: Nehmen Sie die E6 in Richtung Oslo. Bei Kung\u00e4lv (ca. 20 km) nehmen Sie die Stra\u00dfe 168 (Richtung Marstrand) und folgen dieser (ca. 25 km) bis Marstrand-Ko\u00f6n. <\/p><p><strong>Parken<\/strong><br>Am Eingang zu Marstrand-Ko\u00f6n sind verschiedene Parkpl\u00e4tze ausgeschildert. Es gilt der Grundsatz: Je n\u00e4her am F\u00e4hrterminal, desto teurer die Geb\u00fchr. In den Wintermonaten sind die meisten Parkpl\u00e4tze kostenlos &#8211; siehe Anweisungen vor Ort.  <br><a href=\"https:\/\/www.destinero.com\/list\/6113\" target=\"_blank\" rel=\"noopener noreferrer\">Lesen Sie mehr \u00fcber die Parkpl\u00e4tze von Marstrand und Informationen \u00fcber Geb\u00fchren, Wohnmobile usw.<\/a><\/p><p><strong>Die F\u00e4hre<br><\/strong>Die F\u00e4hre zwischen Ko\u00f6n-Marstrand verkehrt ganzt\u00e4gig und hat die Fahrplannummer 322. Sie f\u00e4hrt tags\u00fcber alle 15 Minuten und nachts auf Abruf alle halbe Stunde. <\/p><p>Genaue Abfahrtszeiten usw. finden Sie unter <a href=\"http:\/\/www.vasttrafik.se\" target=\"_blank\" rel=\"noopener noreferrer\">www.vasttrafik.se<\/a> oder rufen Sie den Kundenservice an, Tel. +46 (0) 771-41 43 00<br>HINWEIS! Wenn Sie mit dem Bus gereist sind, gilt das Busticket auch f\u00fcr die \u00dcberfahrt zur Insel Marstrand. Sie brauchen kein F\u00e4hrticket zu kaufen, wenn Sie mit dem Bus reisen.<br>Kundenservice, Tel. +46 (0) 771-41 43 00  <\/p><p><strong>H\u00e4ufig gestellte Fragen<\/strong><\/p><p><a href=\"https:\/\/carlstenssoldathotell.se\/project\/svar-pa-de-vanligaste-fragorna\/\">Lesen Sie hier die Antworten auf die am h\u00e4ufigsten gestellten Fragen<\/a><\/p><\/div><\/div><\/div><div id=\"panel-43-1-0-1\" class=\"so-panel widget widget_sow-editor panel-last-child\" data-index=\"2\"><div class=\"so-widget-sow-editor so-widget-sow-editor-base\"><div class=\"siteorigin-widget-tinymce textwidget\"><h4>  F\u00fchrungen bei Carlsten<\/h4><p>Informationen \u00fcber F\u00fchrungen durch die Festung erhalten Sie unter der Telefonnummer +46 (0) 303-61167<\/p><h4>Kontakt zu Carlstens Soldathotell<\/h4><p>Telefon: +46 (0) 303-602 65 \/ +46 (0) 70-999 50 74<br>E-Mail: <a href=\"mailto:cs@carlstenssoldathotell.se\">cs@carlstenssoldathotell.se<\/a><br>Anschrift: Carlstens F\u00e4stning, 442 67 Marstrand, Schweden.<\/p><p><strong>Preise:<br><\/strong><a title=\"Preise\" href=\"https:\/\/carlstenssoldathotell.se\/de\/?attachment_id=1599\">Die Preise des Soldat Hotels finden Sie hier.<\/a><\/p><p><strong>\u00d6ffnungszeiten der Festung Carlsten:<\/strong><\/p><p>Die \u00d6ffnungszeiten f\u00fcr Besucher und die Eintrittspreise finden Sie auf der <a href=\"http:\/\/carlsten.se\/oppettider-och-priser\" target=\"_blank\" rel=\"noopener noreferrer\">Website der Festung Carlsten hier<\/a>.<\/p><\/div><\/div><\/div>\t\t\t\t\t\t\t\t<\/div>\n\t\t\t\t<\/div>\n\t\t<div class=\"elementor-element elementor-element-ce88037 e-con-full e-flex e-con e-child\" data-id=\"ce88037\" data-element_type=\"container\" data-e-type=\"container\" data-settings=\"{&quot;background_background&quot;:&quot;classic&quot;,&quot;jet_parallax_layout_list&quot;:[]}\">\n\t\t\t\t<div class=\"elementor-element elementor-element-8f236ed elementor-widget elementor-widget-text-editor\" data-id=\"8f236ed\" data-element_type=\"widget\" data-e-type=\"widget\" data-widget_type=\"text-editor.default\">\n\t\t\t\t\t\t\t\t\t<h4>Folgen Sie uns auf Facebook!<\/h4>\t\t\t\t\t\t\t\t<\/div>\n\t\t\t\t<div class=\"elementor-element elementor-element-6ab84df elementor-widget elementor-widget-html\" data-id=\"6ab84df\" data-element_type=\"widget\" data-e-type=\"widget\" data-widget_type=\"html.default\">\n\t\t\t\t\t<iframe style=\"border: none; overflow: hidden; width: 100%; height: 395px;\" src=\"\/\/www.facebook.com\/plugins\/likebox.php?href=http%3A%2F%2Fwww.facebook.com%2FCarlstensSoldathotell&amp;width=292&amp;height=395&amp;colorscheme=light&amp;show_faces=false&amp;border_color=%2399a2aa&amp;stream=true&amp;header=false&amp;appId=281044508593097\" width=\"100%\" height=\"100%\" frameborder=\"0\" scrolling=\"no\"><\/iframe>\t\t\t\t<\/div>\n\t\t\t\t<div class=\"elementor-element elementor-element-985e270 elementor-widget elementor-widget-image\" data-id=\"985e270\" data-element_type=\"widget\" data-e-type=\"widget\" data-widget_type=\"image.default\">\n\t\t\t\t\t\t\t\t\t\t\t\t<figure class=\"wp-caption\">\n\t\t\t\t\t\t\t\t\t\t<img fetchpriority=\"high\" decoding=\"async\" width=\"226\" height=\"401\" src=\"https:\/\/carlstenssoldathotell.se\/wp-content\/uploads\/2012\/11\/Charles-soldat.png\" class=\"attachment-full size-full wp-image-1593\" alt=\"\" srcset=\"https:\/\/carlstenssoldathotell.se\/wp-content\/uploads\/2012\/11\/Charles-soldat.png 226w, https:\/\/carlstenssoldathotell.se\/wp-content\/uploads\/2012\/11\/Charles-soldat-169x300.png 169w\" sizes=\"(max-width: 226px) 100vw, 226px\" \/>\t\t\t\t\t\t\t\t\t\t\t<figcaption class=\"widget-image-caption wp-caption-text\">Hej, det \u00e4r jag som \u00e4r Charles! Ring eller mejla mig om du har n\u00e5gra fr\u00e5gor!<\/figcaption>\n\t\t\t\t\t\t\t\t\t\t<\/figure>\n\t\t\t\t\t\t\t\t\t<\/div>\n\t\t\t\t<\/div>\n\t\t\t\t\t<\/div>\n\t\t\t\t<\/div>\n\t\t\t\t<\/div>\n\t\t","protected":false},"excerpt":{"rendered":"<p>https:\/\/youtu.be\/TL-Dm7FCo_E?si=x1K4fNFnkljDQSO_ Hier finden Sie Die Festung Carlsten liegt auf der Insel Marstrand, etwa 45 Kilometer nordwestlich von G\u00f6teborg. Sie k\u00f6nnen mit dem Auto, dem Bus oder dem Schiff anreisen. Da der Autoverkehr auf Marstrands\u00f6n verboten ist, m\u00fcssen Reisende mit dem Auto oder Bus die F\u00e4hre von Ko\u00f6n nach Marstrands\u00f6n nehmen. Ko\u00f6n liegt 100-150 Meter \u00f6stlich [&hellip;]<\/p>\n","protected":false},"author":1,"featured_media":0,"parent":0,"menu_order":0,"comment_status":"closed","ping_status":"closed","template":"","meta":{"ngg_post_thumbnail":0,"footnotes":""},"class_list":["post-2053","page","type-page","status-publish","hentry"],"_links":{"self":[{"href":"https:\/\/carlstenssoldathotell.se\/de\/wp-json\/wp\/v2\/pages\/2053","targetHints":{"allow":["GET"]}}],"collection":[{"href":"https:\/\/carlstenssoldathotell.se\/de\/wp-json\/wp\/v2\/pages"}],"about":[{"href":"https:\/\/carlstenssoldathotell.se\/de\/wp-json\/wp\/v2\/types\/page"}],"author":[{"embeddable":true,"href":"https:\/\/carlstenssoldathotell.se\/de\/wp-json\/wp\/v2\/users\/1"}],"replies":[{"embeddable":true,"href":"https:\/\/carlstenssoldathotell.se\/de\/wp-json\/wp\/v2\/comments?post=2053"}],"version-history":[{"count":3,"href":"https:\/\/carlstenssoldathotell.se\/de\/wp-json\/wp\/v2\/pages\/2053\/revisions"}],"predecessor-version":[{"id":2062,"href":"https:\/\/carlstenssoldathotell.se\/de\/wp-json\/wp\/v2\/pages\/2053\/revisions\/2062"}],"wp:attachment":[{"href":"https:\/\/carlstenssoldathotell.se\/de\/wp-json\/wp\/v2\/media?parent=2053"}],"curies":[{"name":"wp","href":"https:\/\/api.w.org\/{rel}","templated":true}]}}