{"id":2043,"date":"2026-02-02T18:53:57","date_gmt":"2026-02-02T17:53:57","guid":{"rendered":"https:\/\/carlstenssoldathotell.se\/bedingungen-und-konditionen\/"},"modified":"2026-02-03T11:58:47","modified_gmt":"2026-02-03T10:58:47","slug":"bedingungen-und-konditionen","status":"publish","type":"page","link":"https:\/\/carlstenssoldathotell.se\/de\/bedingungen-und-konditionen\/","title":{"rendered":"Bedingungen und Konditionen"},"content":{"rendered":"\t\t<div data-elementor-type=\"wp-page\" data-elementor-id=\"2043\" class=\"elementor elementor-2043 elementor-1964\" data-elementor-post-type=\"page\">\n\t\t\t\t<div class=\"elementor-element elementor-element-2eca571 e-flex e-con-boxed e-con e-parent\" data-id=\"2eca571\" data-element_type=\"container\" data-e-type=\"container\" data-settings=\"{&quot;jet_parallax_layout_list&quot;:[]}\">\n\t\t\t\t\t<div class=\"e-con-inner\">\n\t\t\t\t<div class=\"elementor-element elementor-element-b13ff98 elementor-widget elementor-widget-text-editor\" data-id=\"b13ff98\" data-element_type=\"widget\" data-e-type=\"widget\" data-widget_type=\"text-editor.default\">\n\t\t\t\t\t\t\t\t\t<h2>In der Zimmerbuchung enthalten:<\/h2><p> <\/p><ul><li>Die Zimmerpreise beinhalten Bettw\u00e4sche, Handt\u00fccher und Fr\u00fchst\u00fcck.<\/li><li>F\u00fcr unsere Hotelg\u00e4ste sind der freie Zugang zum Festungsgel\u00e4nde und F\u00fchrungen vom 1. Juni bis 31. August inbegriffen (zu anderen Zeiten m\u00fcssen F\u00fchrungen vereinbart werden: 0303-611 67).<\/li><li>Als Einwohner von Soldathotellet haben Sie Ihren eigenen Schl\u00fcssel f\u00fcr das m\u00e4chtige Festungstor von Carlsten. Alle Preise enthalten die Mehrwertsteuer und sind g\u00fcltig bis 2025-12-31<\/li><\/ul><h2> <\/h2><h2>Buchungsregeln &amp; Check-in:<\/h2><p> <\/p><ul><li>Buchungen, die \u00fcber <a href=\"https:\/\/carlstenssoldathotell.se\/project\/boka\/\" target=\"_blank\" rel=\"noopener noreferrer\">das Buchungsformular auf der Website <\/a>get\u00e4tigt werden, sind erst dann g\u00fcltig, wenn Sie von uns eine Buchungsbest\u00e4tigung an die von Ihnen angegebene E-Mail Adresse erhalten haben.<br><strong>ACHTUNG!<\/strong>  Bei einigen E-Mail-Programmen kann die Best\u00e4tigung als Spam markiert werden. Bitte \u00fcberpr\u00fcfen Sie Ihren Spam-Ordner, wenn Sie keine Best\u00e4tigung erhalten haben.<\/li><li>Der Check-in erfolgt zwischen 14:00 und 18:00 Uhr oder nach vorheriger Absprache. (Check-in zwischen 14.00-18.00 Uhr, sofern nicht anders vereinbart).<\/li><li>Das Mindestalter f\u00fcr den Check-in betr\u00e4gt 20 Jahre (gilt nicht f\u00fcr die Unterbringung in Begleitung eines Elternteils oder Erziehungsberechtigten)<\/li><li>Buchungen f\u00fcr Junggesellen- oder Junggesellinnenabschiede m\u00fcssen mit dem Personal von Carlstens Soldathotell abgesprochen werden, bitte teilen Sie dies vor der Buchung auf der Website per Telefon mit.<\/li><\/ul><h2> <\/h2><h2>Stornierungsbedingungen f\u00fcr Einzelzimmer (1-4 Zimmer):<\/h2><p> <\/p><ul><li>Zimmerstornierungen m\u00fcssen mindestens 48 Stunden vor dem gebuchten Termin erfolgen, andernfalls wird der Zimmerpreis in Rechnung gestellt.<\/li><\/ul><h2> <\/h2><h2>Stornierungsbedingungen f\u00fcr Gruppenbuchungen (5 Zimmer oder mehr):<\/h2><p> <\/p><ul><li>Die Stornierung von 5 oder mehr Zimmern muss mindestens 1 Woche vor dem gebuchten Termin erfolgen.<\/li><\/ul>\t\t\t\t\t\t\t\t<\/div>\n\t\t\t\t\t<\/div>\n\t\t\t\t<\/div>\n\t\t\t\t<\/div>\n\t\t","protected":false},"excerpt":{"rendered":"<p>In der Zimmerbuchung enthalten: Die Zimmerpreise beinhalten Bettw\u00e4sche, Handt\u00fccher und Fr\u00fchst\u00fcck. F\u00fcr unsere Hotelg\u00e4ste sind der freie Zugang zum Festungsgel\u00e4nde und F\u00fchrungen vom 1. Juni bis 31. August inbegriffen (zu anderen Zeiten m\u00fcssen F\u00fchrungen vereinbart werden: 0303-611 67). Als Einwohner von Soldathotellet haben Sie Ihren eigenen Schl\u00fcssel f\u00fcr das m\u00e4chtige Festungstor von Carlsten. Alle Preise [&hellip;]<\/p>\n","protected":false},"author":1,"featured_media":0,"parent":0,"menu_order":0,"comment_status":"closed","ping_status":"closed","template":"","meta":{"ngg_post_thumbnail":0,"footnotes":""},"class_list":["post-2043","page","type-page","status-publish","hentry"],"_links":{"self":[{"href":"https:\/\/carlstenssoldathotell.se\/de\/wp-json\/wp\/v2\/pages\/2043","targetHints":{"allow":["GET"]}}],"collection":[{"href":"https:\/\/carlstenssoldathotell.se\/de\/wp-json\/wp\/v2\/pages"}],"about":[{"href":"https:\/\/carlstenssoldathotell.se\/de\/wp-json\/wp\/v2\/types\/page"}],"author":[{"embeddable":true,"href":"https:\/\/carlstenssoldathotell.se\/de\/wp-json\/wp\/v2\/users\/1"}],"replies":[{"embeddable":true,"href":"https:\/\/carlstenssoldathotell.se\/de\/wp-json\/wp\/v2\/comments?post=2043"}],"version-history":[{"count":1,"href":"https:\/\/carlstenssoldathotell.se\/de\/wp-json\/wp\/v2\/pages\/2043\/revisions"}],"predecessor-version":[{"id":2045,"href":"https:\/\/carlstenssoldathotell.se\/de\/wp-json\/wp\/v2\/pages\/2043\/revisions\/2045"}],"wp:attachment":[{"href":"https:\/\/carlstenssoldathotell.se\/de\/wp-json\/wp\/v2\/media?parent=2043"}],"curies":[{"name":"wp","href":"https:\/\/api.w.org\/{rel}","templated":true}]}}