{"id":2034,"date":"2026-02-02T18:32:55","date_gmt":"2026-02-02T17:32:55","guid":{"rendered":"https:\/\/carlstenssoldathotell.se\/preise\/"},"modified":"2026-02-03T11:58:07","modified_gmt":"2026-02-03T10:58:07","slug":"preise","status":"publish","type":"page","link":"https:\/\/carlstenssoldathotell.se\/de\/preise\/","title":{"rendered":"Preise"},"content":{"rendered":"\t\t<div data-elementor-type=\"wp-page\" data-elementor-id=\"2034\" class=\"elementor elementor-2034 elementor-1933\" data-elementor-post-type=\"page\">\n\t\t\t\t<div class=\"elementor-element elementor-element-a0f1e32 e-flex e-con-boxed e-con e-parent\" data-id=\"a0f1e32\" data-element_type=\"container\" data-e-type=\"container\" data-settings=\"{&quot;background_background&quot;:&quot;classic&quot;,&quot;jet_parallax_layout_list&quot;:[]}\">\n\t\t\t\t\t<div class=\"e-con-inner\">\n\t\t\t\t\t<\/div>\n\t\t\t\t<\/div>\n\t\t<div class=\"elementor-element elementor-element-1e583ca e-flex e-con-boxed e-con e-parent\" data-id=\"1e583ca\" data-element_type=\"container\" data-e-type=\"container\" data-settings=\"{&quot;jet_parallax_layout_list&quot;:[]}\">\n\t\t\t\t\t<div class=\"e-con-inner\">\n\t\t\t\t<div class=\"elementor-element elementor-element-60f54d2 elementor-widget elementor-widget-text-editor\" data-id=\"60f54d2\" data-element_type=\"widget\" data-e-type=\"widget\" data-widget_type=\"text-editor.default\">\n\t\t\t\t\t\t\t\t\t<h1>Preise 2026<\/h1><p>Bettw\u00e4sche, Handt\u00fccher und Fr\u00fchst\u00fcck sind im Preis enthalten.<br>Wochentag = Sonntag bis Donnerstag<br>Wochenende = Freitag und Samstag.<\/p>\t\t\t\t\t\t\t\t<\/div>\n\t\t\t\t<div class=\"elementor-element elementor-element-de118b8 elementor-widget elementor-widget-heading\" data-id=\"de118b8\" data-element_type=\"widget\" data-e-type=\"widget\" data-widget_type=\"heading.default\">\n\t\t\t\t\t<h4 class=\"elementor-heading-title elementor-size-default\">Preise der Unterkunft:<\/h4>\t\t\t\t<\/div>\n\t\t\t\t\t<\/div>\n\t\t\t\t<\/div>\n\t\t<div class=\"elementor-element elementor-element-dba9b3c e-flex e-con-boxed e-con e-parent\" data-id=\"dba9b3c\" data-element_type=\"container\" data-e-type=\"container\" data-settings=\"{&quot;jet_parallax_layout_list&quot;:[]}\">\n\t\t\t\t\t<div class=\"e-con-inner\">\n\t\t<div class=\"elementor-element elementor-element-d405e03 e-con-full e-flex e-con e-child\" data-id=\"d405e03\" data-element_type=\"container\" data-e-type=\"container\" data-settings=\"{&quot;jet_parallax_layout_list&quot;:[]}\">\n\t\t\t\t<div class=\"elementor-element elementor-element-fe7f990 elementor-widget elementor-widget-text-editor\" data-id=\"fe7f990\" data-element_type=\"widget\" data-e-type=\"widget\" data-widget_type=\"text-editor.default\">\n\t\t\t\t\t\t\t\t\t<div id=\"panel-91-2-0-0\" class=\"so-panel widget widget_sow-editor panel-first-child\" data-index=\"2\"><div class=\"cs-priser panel-widget-style panel-widget-style-for-91-2-0-0\"><div class=\"so-widget-sow-editor so-widget-sow-editor-base\"><div class=\"siteorigin-widget-tinymce textwidget\"><p><strong>Datum: 1. Januar &#8211; 31. M\u00e4rz<\/strong><\/p><hr><\/div><\/div><\/div><\/div><div id=\"panel-91-2-0-1\" class=\"so-panel widget widget_sow-editor panel-last-child\" data-index=\"3\"><div class=\"panel-widget-style panel-widget-style-for-91-2-0-1\"><div class=\"so-widget-sow-editor so-widget-sow-editor-base\"><div class=\"siteorigin-widget-tinymce textwidget\"><h3><strong>Mehrbettzimmer<\/strong><\/h3><p><strong>650 SEK\/Erwachsener<\/strong> <em>inkl. Fr\u00fchst\u00fcck. Minimum 3 Personen <br><\/em><\/p><p><strong>550 SEK\/Kind bis zu 11 Jahren<\/strong><em> inkl. Fr\u00fchst\u00fcck<br><\/em><\/p><h3><strong>Zweibettzimmer<\/strong><\/h3><p><strong>1 700 SEK\/Zimmer<\/strong> <em>inkl. Fr\u00fchst\u00fcck <br><\/em> <\/p><h3><strong>Einzelzimmer<\/strong><\/h3><p><strong>1 700 SEK\/Zimmer<\/strong> <em>inkl. Fr\u00fchst\u00fcck<\/em><\/p><\/div><\/div><\/div><\/div>\t\t\t\t\t\t\t\t<\/div>\n\t\t\t\t<\/div>\n\t\t<div class=\"elementor-element elementor-element-e3395ba e-con-full e-flex e-con e-child\" data-id=\"e3395ba\" data-element_type=\"container\" data-e-type=\"container\" data-settings=\"{&quot;jet_parallax_layout_list&quot;:[]}\">\n\t\t\t\t<div class=\"elementor-element elementor-element-c8c4841 elementor-widget elementor-widget-text-editor\" data-id=\"c8c4841\" data-element_type=\"widget\" data-e-type=\"widget\" data-widget_type=\"text-editor.default\">\n\t\t\t\t\t\t\t\t\t<div id=\"panel-91-2-1-0\" class=\"so-panel widget widget_sow-editor panel-first-child\" data-index=\"4\"><div class=\"cs-priser panel-widget-style panel-widget-style-for-91-2-1-0\"><div class=\"so-widget-sow-editor so-widget-sow-editor-base\"><div class=\"siteorigin-widget-tinymce textwidget\"><p><strong>Termine: 1. April &#8211; 17. Juni<\/strong><\/p><hr><\/div><\/div><\/div><\/div><div id=\"panel-91-2-1-1\" class=\"so-panel widget widget_sow-editor panel-last-child\" data-index=\"5\"><div class=\"panel-widget-style panel-widget-style-for-91-2-1-1\"><div class=\"so-widget-sow-editor so-widget-sow-editor-base\"><div class=\"siteorigin-widget-tinymce textwidget\"><h3><strong>Mehrbettzimmer<\/strong><\/h3><p><strong>Wochentag: 700 SEK\/Erwachsener<\/strong> <em>inkl. Fr\u00fchst\u00fcck. Minimum 3 Personen <br><\/em><strong>Wochenende: 800 SEK\/Erwachsener  <\/strong><em>inkl. Fr\u00fchst\u00fcck. Minimum 3 Personen <\/em><\/p><p><strong>Kinder wochentags: 600 SEK\/Kind bis zu 11 Jahren<\/strong><em> inkl. Fr\u00fchst\u00fcck<br><strong>Kinder Wochenende: 700 SEK\/Kind bis zu 11 Jahren<\/strong> inkl. Fr\u00fchst\u00fcck<br><\/em><\/p><h3><strong>Zweibettzimmer<\/strong><\/h3><p><strong>Wochentag: 1 750 SEK\/Zimmer<\/strong> <em>inkl. Fr\u00fchst\u00fcck<br><\/em><strong>Wochenende: 1 950 SEK\/Zimmer <\/strong><em>inkl. Fr\u00fchst\u00fcck<br><\/em><\/p><h3><strong>Einzelzimmer<\/strong><\/h3><p><strong>1 750 SEK\/Zimmer<\/strong> <em>inkl. Fr\u00fchst\u00fcck<\/em><br><strong>Wochenende: 1 950 SEK\/Zimmer <\/strong><em>inkl. Fr\u00fchst\u00fcck <\/em> <\/p><\/div><\/div><\/div><\/div>\t\t\t\t\t\t\t\t<\/div>\n\t\t\t\t<\/div>\n\t\t\t\t\t<\/div>\n\t\t\t\t<\/div>\n\t\t<div class=\"elementor-element elementor-element-709d8b5 e-flex e-con-boxed e-con e-parent\" data-id=\"709d8b5\" data-element_type=\"container\" data-e-type=\"container\" data-settings=\"{&quot;jet_parallax_layout_list&quot;:[]}\">\n\t\t\t\t\t<div class=\"e-con-inner\">\n\t\t<div class=\"elementor-element elementor-element-488412d e-con-full e-flex e-con e-child\" data-id=\"488412d\" data-element_type=\"container\" data-e-type=\"container\" data-settings=\"{&quot;jet_parallax_layout_list&quot;:[]}\">\n\t\t\t\t<div class=\"elementor-element elementor-element-441034d elementor-widget elementor-widget-text-editor\" data-id=\"441034d\" data-element_type=\"widget\" data-e-type=\"widget\" data-widget_type=\"text-editor.default\">\n\t\t\t\t\t\t\t\t\t<div id=\"panel-91-3-0-0\" class=\"so-panel widget widget_sow-editor panel-first-child\" data-index=\"6\"><div class=\"cs-priser panel-widget-style panel-widget-style-for-91-3-0-0\"><div class=\"so-widget-sow-editor so-widget-sow-editor-base\"><div class=\"siteorigin-widget-tinymce textwidget\"><p><strong>Datum: 18. Juni &#8211; 31. August<\/strong><\/p><hr><\/div><\/div><\/div><\/div><div id=\"panel-91-3-0-1\" class=\"so-panel widget widget_sow-editor panel-last-child\" data-index=\"7\"><div class=\"panel-widget-style panel-widget-style-for-91-3-0-1\"><div class=\"so-widget-sow-editor so-widget-sow-editor-base\"><div class=\"siteorigin-widget-tinymce textwidget\"><h3><strong>Mehrbettzimmer<\/strong><\/h3><p><strong>Wochentag: 800 SEK\/Erwachsener<\/strong> <em>inkl. Fr\u00fchst\u00fcck. Minimum 3 Personen <br><\/em><strong>Wochenenden: 850 SEK\/Erwachsener  <\/strong><em>inkl. Fr\u00fchst\u00fcck. Minimum 3 Personen <\/em><\/p><p><strong>700 SEK\/Kind bis zu 11 Jahren<\/strong><em> inkl. Fr\u00fchst\u00fcck<br><\/em><\/p><h3><strong>Zweibettzimmer<\/strong><\/h3><p><strong>Wochentag: 2000 SEK\/Zimmer<\/strong> <em>inkl. Fr\u00fchst\u00fcck <br><\/em><strong>Wochenende: 2200 SEK\/Zimmer<\/strong> <em>inkl. Fr\u00fchst\u00fcck <br><\/em> <\/p><h3><strong>Einzelzimmer<\/strong><\/h3><p><strong>Wochentag: 2 000 SEK\/Zimmer<\/strong> <em>inkl. Fr\u00fchst\u00fcck<br><\/em><strong>Wochenende: 2 200 SEK\/Zimmer <\/strong><em>inkl. Fr\u00fchst\u00fcck <\/em> <\/p><\/div><\/div><\/div><\/div>\t\t\t\t\t\t\t\t<\/div>\n\t\t\t\t<\/div>\n\t\t<div class=\"elementor-element elementor-element-699be1e e-con-full e-flex e-con e-child\" data-id=\"699be1e\" data-element_type=\"container\" data-e-type=\"container\" data-settings=\"{&quot;jet_parallax_layout_list&quot;:[]}\">\n\t\t\t\t<div class=\"elementor-element elementor-element-80763d4 elementor-widget elementor-widget-text-editor\" data-id=\"80763d4\" data-element_type=\"widget\" data-e-type=\"widget\" data-widget_type=\"text-editor.default\">\n\t\t\t\t\t\t\t\t\t<div id=\"panel-91-3-1-0\" class=\"so-panel widget widget_sow-editor panel-first-child\" data-index=\"8\"><div class=\"cs-priser panel-widget-style panel-widget-style-for-91-3-1-0\"><div class=\"so-widget-sow-editor so-widget-sow-editor-base\"><div class=\"siteorigin-widget-tinymce textwidget\"><p><strong>Datum: 1 Sep &#8211; 31 Dez<\/strong><\/p><hr><\/div><\/div><\/div><\/div><div id=\"panel-91-3-1-1\" class=\"so-panel widget widget_sow-editor panel-last-child\" data-index=\"9\"><div class=\"panel-widget-style panel-widget-style-for-91-3-1-1\"><div class=\"so-widget-sow-editor so-widget-sow-editor-base\"><div class=\"siteorigin-widget-tinymce textwidget\"><h3><strong>Mehrbettzimmer<\/strong><\/h3><p><strong>Wochentag: 650 SEK\/Erwachsener<\/strong> <em>inkl. Fr\u00fchst\u00fcck. Minimum 3 Personen <br><\/em><strong>Wochenende: 800 SEK\/Erwachsener<\/strong> <em>inkl. Fr\u00fchst\u00fcck. Minimum 3 Personen <br><\/em><\/p><p><strong>Wochentage: 550 SEK\/Kind bis zu 11 Jahren<\/strong><em> inkl. Fr\u00fchst\u00fcck<br><\/em><strong>Wochenenden: 700 SEK\/Kind bis 11 Jahre <\/strong><em>inkl. Fr\u00fchst\u00fcck<\/em><\/p><h3><strong>Zweibettzimmer<\/strong><\/h3><p><strong>Wochentag: 1 700 SEK\/Zimmer<\/strong> <em>inkl. Fr\u00fchst\u00fcck <br><\/em><strong>Wochenende: 1 950 SEK\/Zimmer<\/strong> <em>inkl. Fr\u00fchst\u00fcck <br><\/em> <\/p><h3><strong>Einzelzimmer<\/strong><\/h3><p><strong>1 700 SEK\/Zimmer<\/strong> <em>inkl. Fr\u00fchst\u00fcck<br><\/em><strong>Wochenenden: 1 950 SEK\/Zimmer<\/strong> <em>inkl. Fr\u00fchst\u00fcck <\/em> <\/p><\/div><\/div><\/div><\/div>\t\t\t\t\t\t\t\t<\/div>\n\t\t\t\t<\/div>\n\t\t\t\t\t<\/div>\n\t\t\t\t<\/div>\n\t\t<div class=\"elementor-element elementor-element-3b30961 e-flex e-con-boxed e-con e-parent\" data-id=\"3b30961\" data-element_type=\"container\" data-e-type=\"container\" data-settings=\"{&quot;jet_parallax_layout_list&quot;:[]}\">\n\t\t\t\t\t<div class=\"e-con-inner\">\n\t\t\t\t<div class=\"elementor-element elementor-element-5eefd8b elementor-widget elementor-widget-heading\" data-id=\"5eefd8b\" data-element_type=\"widget\" data-e-type=\"widget\" data-widget_type=\"heading.default\">\n\t\t\t\t\t<h4 class=\"elementor-heading-title elementor-size-default\">Andere Preise<\/h4>\t\t\t\t<\/div>\n\t\t\t\t<div class=\"elementor-element elementor-element-d77a22b elementor-widget elementor-widget-text-editor\" data-id=\"d77a22b\" data-element_type=\"widget\" data-e-type=\"widget\" data-widget_type=\"text-editor.default\">\n\t\t\t\t\t\t\t\t\t<p>Gr\u00f6\u00dfere Gruppen, Vereine und Unternehmen fordern ein Angebot an<\/p><p>Hund: 100 kr\/Nacht<\/p><p><strong><em>Alle Preise auf dieser Seite sind g\u00fcltig vom 1. Januar bis 31. Dezember 2026 und enthalten die Mehrwertsteuer.<\/em><\/strong><\/p>\t\t\t\t\t\t\t\t<\/div>\n\t\t\t\t\t<\/div>\n\t\t\t\t<\/div>\n\t\t<div class=\"elementor-element elementor-element-375763e e-flex e-con-boxed e-con e-parent\" data-id=\"375763e\" data-element_type=\"container\" data-e-type=\"container\" data-settings=\"{&quot;background_background&quot;:&quot;classic&quot;,&quot;jet_parallax_layout_list&quot;:[]}\">\n\t\t\t\t\t<div class=\"e-con-inner\">\n\t\t<div class=\"elementor-element elementor-element-0a2aec4 e-con-full e-flex e-con e-child\" data-id=\"0a2aec4\" data-element_type=\"container\" data-e-type=\"container\" data-settings=\"{&quot;jet_parallax_layout_list&quot;:[]}\">\n\t\t\t\t<div class=\"elementor-element elementor-element-8e57d78 elementor-widget elementor-widget-text-editor\" data-id=\"8e57d78\" data-element_type=\"widget\" data-e-type=\"widget\" data-widget_type=\"text-editor.default\">\n\t\t\t\t\t\t\t\t\t<h3>Eingeschlossen:<\/h3><p>Das ist bei einem Aufenthalt bei uns inbegriffen: Bettw\u00e4sche, Handtuch, Fr\u00fchst\u00fcck. F\u00fcr unsere Hotelg\u00e4ste sind auch der freie Zugang zum Festungsgel\u00e4nde und F\u00fchrungen inbegriffen. Die genauen Zeiten f\u00fcr die F\u00fchrungen finden Sie unter <a href=\"https:\/\/carlsten.se\/oppettider-och-priser\/#oppettider\" target=\"_blank\" rel=\"noopener\">carlsten.se<\/a>. Als Bewohner des Soldathotellet haben Sie Ihren eigenen Schl\u00fcssel f\u00fcr das m\u00e4chtige Festungstor von Carlsten.   <\/p><h3><strong>Fr\u00fchst\u00fcck<\/strong><\/h3><p><em>Das Fr\u00fchst\u00fcck ist inbegriffen und wird zwischen 08.00-10.00 Uhr serviert.<\/em><\/p><p><strong>Beherbergungstarife f\u00fcr Unternehmen, Verb\u00e4nde und Vereine Angebot anfordern.<\/strong><\/p>\t\t\t\t\t\t\t\t<\/div>\n\t\t\t\t<\/div>\n\t\t<div class=\"elementor-element elementor-element-be18d8b e-con-full e-flex e-con e-child\" data-id=\"be18d8b\" data-element_type=\"container\" data-e-type=\"container\" data-settings=\"{&quot;jet_parallax_layout_list&quot;:[]}\">\n\t\t\t\t<div class=\"elementor-element elementor-element-f215734 elementor-widget elementor-widget-text-editor\" data-id=\"f215734\" data-element_type=\"widget\" data-e-type=\"widget\" data-widget_type=\"text-editor.default\">\n\t\t\t\t\t\t\t\t\t<h4>Stornierungsbedingungen und mehr:<\/h4><ul><li>Zimmerstornierungen m\u00fcssen mindestens 48 Stunden vor dem gebuchten Termin erfolgen, andernfalls wird der Zimmerpreis in Rechnung gestellt.<\/li><li>\u00c4nderungen der gebuchten Personenzahl m\u00fcssen 24 Stunden vor dem gebuchten Termin vorgenommen werden.<\/li><li>Check-in zwischen 14.00-18.00 Uhr, sofern nichts anderes vereinbart wurde. <\/li><li>Alle Parteien, die bei uns buchen, erhalten ein privates Zimmer mit eigener Dusche und Toilette. (Allerdings haben einige der Zimmer die Dusche und Toilette direkt au\u00dferhalb des Zimmers). <\/li><\/ul>\t\t\t\t\t\t\t\t<\/div>\n\t\t\t\t<\/div>\n\t\t\t\t\t<\/div>\n\t\t\t\t<\/div>\n\t\t<div class=\"elementor-element elementor-element-a6564f4 e-flex e-con-boxed e-con e-parent\" data-id=\"a6564f4\" data-element_type=\"container\" data-e-type=\"container\" data-settings=\"{&quot;background_background&quot;:&quot;classic&quot;,&quot;jet_parallax_layout_list&quot;:[]}\">\n\t\t\t\t\t<div class=\"e-con-inner\">\n\t\t<div class=\"elementor-element elementor-element-4de55e4 e-con-full e-flex e-con e-child\" data-id=\"4de55e4\" data-element_type=\"container\" data-e-type=\"container\" data-settings=\"{&quot;jet_parallax_layout_list&quot;:[]}\">\n\t\t\t\t<\/div>\n\t\t<div class=\"elementor-element elementor-element-c74c4fc e-con-full e-flex e-con e-child\" data-id=\"c74c4fc\" data-element_type=\"container\" data-e-type=\"container\" data-settings=\"{&quot;jet_parallax_layout_list&quot;:[]}\">\n\t\t\t\t<\/div>\n\t\t\t\t\t<\/div>\n\t\t\t\t<\/div>\n\t\t\t\t<\/div>\n\t\t","protected":false},"excerpt":{"rendered":"<p>Preise 2026 Bettw\u00e4sche, Handt\u00fccher und Fr\u00fchst\u00fcck sind im Preis enthalten.Wochentag = Sonntag bis DonnerstagWochenende = Freitag und Samstag. Preise der Unterkunft: Datum: 1. Januar &#8211; 31. M\u00e4rz Mehrbettzimmer 650 SEK\/Erwachsener inkl. Fr\u00fchst\u00fcck. Minimum 3 Personen 550 SEK\/Kind bis zu 11 Jahren inkl. Fr\u00fchst\u00fcck Zweibettzimmer 1 700 SEK\/Zimmer inkl. Fr\u00fchst\u00fcck Einzelzimmer 1 700 SEK\/Zimmer inkl. Fr\u00fchst\u00fcck [&hellip;]<\/p>\n","protected":false},"author":1,"featured_media":0,"parent":0,"menu_order":0,"comment_status":"closed","ping_status":"closed","template":"","meta":{"ngg_post_thumbnail":0,"footnotes":""},"class_list":["post-2034","page","type-page","status-publish","hentry"],"_links":{"self":[{"href":"https:\/\/carlstenssoldathotell.se\/de\/wp-json\/wp\/v2\/pages\/2034","targetHints":{"allow":["GET"]}}],"collection":[{"href":"https:\/\/carlstenssoldathotell.se\/de\/wp-json\/wp\/v2\/pages"}],"about":[{"href":"https:\/\/carlstenssoldathotell.se\/de\/wp-json\/wp\/v2\/types\/page"}],"author":[{"embeddable":true,"href":"https:\/\/carlstenssoldathotell.se\/de\/wp-json\/wp\/v2\/users\/1"}],"replies":[{"embeddable":true,"href":"https:\/\/carlstenssoldathotell.se\/de\/wp-json\/wp\/v2\/comments?post=2034"}],"version-history":[{"count":1,"href":"https:\/\/carlstenssoldathotell.se\/de\/wp-json\/wp\/v2\/pages\/2034\/revisions"}],"predecessor-version":[{"id":2035,"href":"https:\/\/carlstenssoldathotell.se\/de\/wp-json\/wp\/v2\/pages\/2034\/revisions\/2035"}],"wp:attachment":[{"href":"https:\/\/carlstenssoldathotell.se\/de\/wp-json\/wp\/v2\/media?parent=2034"}],"curies":[{"name":"wp","href":"https:\/\/api.w.org\/{rel}","templated":true}]}}