{"id":2026,"date":"2026-02-02T19:07:54","date_gmt":"2026-02-02T18:07:54","guid":{"rendered":"https:\/\/carlstenssoldathotell.se\/rum\/"},"modified":"2026-02-03T11:58:08","modified_gmt":"2026-02-03T10:58:08","slug":"rum","status":"publish","type":"page","link":"https:\/\/carlstenssoldathotell.se\/de\/rum\/","title":{"rendered":"Rum"},"content":{"rendered":"\t\t<div data-elementor-type=\"wp-page\" data-elementor-id=\"2026\" class=\"elementor elementor-2026 elementor-1982\" data-elementor-post-type=\"page\">\n\t\t\t\t<div class=\"elementor-element elementor-element-c300034 e-flex e-con-boxed e-con e-parent\" data-id=\"c300034\" data-element_type=\"container\" data-e-type=\"container\" data-settings=\"{&quot;jet_parallax_layout_list&quot;:[]}\">\n\t\t\t\t\t<div class=\"e-con-inner\">\n\t\t\t\t<div class=\"elementor-element elementor-element-f1a428c elementor-widget elementor-widget-slider_revolution\" data-id=\"f1a428c\" data-element_type=\"widget\" data-e-type=\"widget\" data-widget_type=\"slider_revolution.default\">\n\t\t\t\t\t\n\t\t<div class=\"wp-block-themepunch-revslider\">\n\t\t\t<!-- START rummen1 REVOLUTION SLIDER 6.7.35 --><p class=\"rs-p-wp-fix\"><\/p>\n\t\t\t<rs-module-wrap id=\"rev_slider_4_1_wrapper\" data-source=\"gallery\" style=\"visibility:hidden;background:transparent;padding:0;margin:0px auto;margin-top:0;margin-bottom:0;\">\n\t\t\t\t<rs-module id=\"rev_slider_4_1\" style=\"\" data-version=\"6.7.35\">\n\t\t\t\t\t<rs-slides style=\"overflow: hidden; position: absolute;\">\n\t\t\t\t\t\t<rs-slide style=\"position: absolute;\" data-key=\"rs-16\" data-title=\"Slide\" data-thumb=\"\/\/carlstenssoldathotell.se\/wp-content\/uploads\/2022\/03\/carlstens_soldathotell_donjonen00001-100x50.jpg\" data-anim=\"adpr:false;\" data-in=\"o:0;\" data-out=\"a:false;\">\n\t\t\t\t\t\t\t<img decoding=\"async\" src=\"\/\/carlstenssoldathotell.se\/wp-content\/plugins\/revslider\/sr6\/assets\/assets\/dummy.png\" alt=\"\" title=\"Rum\" class=\"rev-slidebg tp-rs-img rs-lazyload\" data-lazyload=\"\/\/carlstenssoldathotell.se\/wp-content\/uploads\/2022\/03\/carlstens_soldathotell_donjonen00001.jpg\" data-no-retina>\n<!---->\t\t\t\t\t<\/rs-slide>\n\t\t\t\t\t\t<rs-slide style=\"position: absolute;\" data-key=\"rs-17\" data-title=\"Slide\" data-thumb=\"\/\/carlstenssoldathotell.se\/wp-content\/uploads\/2022\/03\/carlstens_soldathotell_donjonen00002-100x50.jpg\" data-anim=\"adpr:false;\" data-in=\"o:0;\" data-out=\"a:false;\">\n\t\t\t\t\t\t\t<img decoding=\"async\" src=\"\/\/carlstenssoldathotell.se\/wp-content\/plugins\/revslider\/sr6\/assets\/assets\/dummy.png\" alt=\"\" title=\"Rum\" class=\"rev-slidebg tp-rs-img rs-lazyload\" data-lazyload=\"\/\/carlstenssoldathotell.se\/wp-content\/uploads\/2022\/03\/carlstens_soldathotell_donjonen00002.jpg\" data-no-retina>\n<!---->\t\t\t\t\t<\/rs-slide>\n\t\t\t\t\t\t<rs-slide style=\"position: absolute;\" data-key=\"rs-18\" data-title=\"Slide\" data-thumb=\"\/\/carlstenssoldathotell.se\/wp-content\/uploads\/2022\/03\/carlstens_soldathotell_donjonen00003-100x50.jpg\" data-anim=\"adpr:false;\" data-in=\"o:0;\" data-out=\"a:false;\">\n\t\t\t\t\t\t\t<img decoding=\"async\" src=\"\/\/carlstenssoldathotell.se\/wp-content\/plugins\/revslider\/sr6\/assets\/assets\/dummy.png\" alt=\"\" title=\"Rum\" class=\"rev-slidebg tp-rs-img rs-lazyload\" data-lazyload=\"\/\/carlstenssoldathotell.se\/wp-content\/uploads\/2022\/03\/carlstens_soldathotell_donjonen00003.jpg\" data-no-retina>\n<!---->\t\t\t\t\t<\/rs-slide>\n\t\t\t\t\t\t<rs-slide style=\"position: absolute;\" data-key=\"rs-19\" data-title=\"Slide\" data-thumb=\"\/\/carlstenssoldathotell.se\/wp-content\/uploads\/2022\/03\/carlstens_soldathotell_donjonen00004-100x50.jpg\" data-anim=\"adpr:false;\" data-in=\"o:0;\" data-out=\"a:false;\">\n\t\t\t\t\t\t\t<img decoding=\"async\" src=\"\/\/carlstenssoldathotell.se\/wp-content\/plugins\/revslider\/sr6\/assets\/assets\/dummy.png\" alt=\"\" title=\"Rum\" class=\"rev-slidebg tp-rs-img rs-lazyload\" data-lazyload=\"\/\/carlstenssoldathotell.se\/wp-content\/uploads\/2022\/03\/carlstens_soldathotell_donjonen00004.jpg\" data-no-retina>\n<!---->\t\t\t\t\t<\/rs-slide>\n\t\t\t\t\t\t<rs-slide style=\"position: absolute;\" data-key=\"rs-20\" data-title=\"Slide\" data-thumb=\"\/\/carlstenssoldathotell.se\/wp-content\/uploads\/2022\/03\/carlstens_soldathotell_donjonen00005-100x50.jpg\" data-anim=\"adpr:false;\" data-in=\"o:0;\" data-out=\"a:false;\">\n\t\t\t\t\t\t\t<img decoding=\"async\" src=\"\/\/carlstenssoldathotell.se\/wp-content\/plugins\/revslider\/sr6\/assets\/assets\/dummy.png\" alt=\"\" title=\"Rum\" class=\"rev-slidebg tp-rs-img rs-lazyload\" data-lazyload=\"\/\/carlstenssoldathotell.se\/wp-content\/uploads\/2022\/03\/carlstens_soldathotell_donjonen00005.jpg\" data-no-retina>\n<!---->\t\t\t\t\t<\/rs-slide>\n\t\t\t\t\t\t<rs-slide style=\"position: absolute;\" data-key=\"rs-21\" data-title=\"Slide\" data-thumb=\"\/\/carlstenssoldathotell.se\/wp-content\/uploads\/2022\/03\/carlstens_soldathotell_donjonen00006-scaled-100x50.jpg\" data-anim=\"adpr:false;\" data-in=\"o:0;\" data-out=\"a:false;\">\n\t\t\t\t\t\t\t<img decoding=\"async\" src=\"\/\/carlstenssoldathotell.se\/wp-content\/plugins\/revslider\/sr6\/assets\/assets\/dummy.png\" alt=\"\" title=\"Rum\" class=\"rev-slidebg tp-rs-img rs-lazyload\" data-lazyload=\"\/\/carlstenssoldathotell.se\/wp-content\/uploads\/2022\/03\/carlstens_soldathotell_donjonen00006-scaled.jpg\" data-no-retina>\n<!---->\t\t\t\t\t<\/rs-slide>\n\t\t\t\t\t\t<rs-slide style=\"position: absolute;\" data-key=\"rs-22\" data-title=\"Slide\" data-thumb=\"\/\/carlstenssoldathotell.se\/wp-content\/uploads\/2022\/03\/carlstens_soldathotell_donjonen00007-100x50.jpg\" data-anim=\"adpr:false;\" data-in=\"o:0;\" data-out=\"a:false;\">\n\t\t\t\t\t\t\t<img decoding=\"async\" src=\"\/\/carlstenssoldathotell.se\/wp-content\/plugins\/revslider\/sr6\/assets\/assets\/dummy.png\" alt=\"\" title=\"Rum\" class=\"rev-slidebg tp-rs-img rs-lazyload\" data-lazyload=\"\/\/carlstenssoldathotell.se\/wp-content\/uploads\/2022\/03\/carlstens_soldathotell_donjonen00007.jpg\" data-no-retina>\n<!---->\t\t\t\t\t<\/rs-slide>\n\t\t\t\t\t\t<rs-slide style=\"position: absolute;\" data-key=\"rs-23\" data-title=\"Slide\" data-thumb=\"\/\/carlstenssoldathotell.se\/wp-content\/uploads\/2022\/03\/carlstens_soldathotell_donjonen00008-100x50.jpg\" data-anim=\"adpr:false;\" data-in=\"o:0;\" data-out=\"a:false;\">\n\t\t\t\t\t\t\t<img decoding=\"async\" src=\"\/\/carlstenssoldathotell.se\/wp-content\/plugins\/revslider\/sr6\/assets\/assets\/dummy.png\" alt=\"\" title=\"Rum\" class=\"rev-slidebg tp-rs-img rs-lazyload\" data-lazyload=\"\/\/carlstenssoldathotell.se\/wp-content\/uploads\/2022\/03\/carlstens_soldathotell_donjonen00008.jpg\" data-no-retina>\n<!---->\t\t\t\t\t<\/rs-slide>\n\t\t\t\t\t\t<rs-slide style=\"position: absolute;\" data-key=\"rs-24\" data-title=\"Slide\" data-thumb=\"\/\/carlstenssoldathotell.se\/wp-content\/uploads\/2022\/03\/carlstens_soldathotell_donjonen00009-100x50.jpg\" data-anim=\"adpr:false;\" data-in=\"o:0;\" data-out=\"a:false;\">\n\t\t\t\t\t\t\t<img decoding=\"async\" src=\"\/\/carlstenssoldathotell.se\/wp-content\/plugins\/revslider\/sr6\/assets\/assets\/dummy.png\" alt=\"\" title=\"Rum\" class=\"rev-slidebg tp-rs-img rs-lazyload\" data-lazyload=\"\/\/carlstenssoldathotell.se\/wp-content\/uploads\/2022\/03\/carlstens_soldathotell_donjonen00009.jpg\" data-no-retina>\n<!---->\t\t\t\t\t<\/rs-slide>\n\t\t\t\t\t\t<rs-slide style=\"position: absolute;\" data-key=\"rs-25\" data-title=\"Slide\" data-thumb=\"\/\/carlstenssoldathotell.se\/wp-content\/uploads\/2022\/03\/carlstens_soldathotell_donjonen00010-scaled-100x50.jpg\" data-anim=\"adpr:false;\" data-in=\"o:0;\" data-out=\"a:false;\">\n\t\t\t\t\t\t\t<img decoding=\"async\" src=\"\/\/carlstenssoldathotell.se\/wp-content\/plugins\/revslider\/sr6\/assets\/assets\/dummy.png\" alt=\"\" title=\"Rum\" class=\"rev-slidebg tp-rs-img rs-lazyload\" data-lazyload=\"\/\/carlstenssoldathotell.se\/wp-content\/uploads\/2022\/03\/carlstens_soldathotell_donjonen00010-scaled.jpg\" data-no-retina>\n<!---->\t\t\t\t\t<\/rs-slide>\n\t\t\t\t\t\t<rs-slide style=\"position: absolute;\" data-key=\"rs-26\" data-title=\"Slide\" data-thumb=\"\/\/carlstenssoldathotell.se\/wp-content\/uploads\/2022\/03\/carlstens_soldathotell_donjonen00011-100x50.jpg\" data-anim=\"adpr:false;\" data-in=\"o:0;\" data-out=\"a:false;\">\n\t\t\t\t\t\t\t<img decoding=\"async\" src=\"\/\/carlstenssoldathotell.se\/wp-content\/plugins\/revslider\/sr6\/assets\/assets\/dummy.png\" alt=\"\" title=\"Rum\" class=\"rev-slidebg tp-rs-img rs-lazyload\" data-lazyload=\"\/\/carlstenssoldathotell.se\/wp-content\/uploads\/2022\/03\/carlstens_soldathotell_donjonen00011.jpg\" data-no-retina>\n<!---->\t\t\t\t\t<\/rs-slide>\n\t\t\t\t\t\t<rs-slide style=\"position: absolute;\" data-key=\"rs-27\" data-title=\"Slide\" data-thumb=\"\/\/carlstenssoldathotell.se\/wp-content\/uploads\/2022\/03\/carlstens_soldathotell_donjonen00012-100x50.jpg\" data-anim=\"adpr:false;\" data-in=\"o:0;\" data-out=\"a:false;\">\n\t\t\t\t\t\t\t<img decoding=\"async\" src=\"\/\/carlstenssoldathotell.se\/wp-content\/plugins\/revslider\/sr6\/assets\/assets\/dummy.png\" alt=\"\" title=\"Rum\" class=\"rev-slidebg tp-rs-img rs-lazyload\" data-lazyload=\"\/\/carlstenssoldathotell.se\/wp-content\/uploads\/2022\/03\/carlstens_soldathotell_donjonen00012.jpg\" data-no-retina>\n<!---->\t\t\t\t\t<\/rs-slide>\n\t\t\t\t\t\t<rs-slide style=\"position: absolute;\" data-key=\"rs-28\" data-title=\"Slide\" data-thumb=\"\/\/carlstenssoldathotell.se\/wp-content\/uploads\/2022\/03\/carlstens_soldathotell_donjonen00013-100x50.jpg\" data-anim=\"adpr:false;\" data-in=\"o:0;\" data-out=\"a:false;\">\n\t\t\t\t\t\t\t<img decoding=\"async\" src=\"\/\/carlstenssoldathotell.se\/wp-content\/plugins\/revslider\/sr6\/assets\/assets\/dummy.png\" alt=\"\" title=\"Rum\" class=\"rev-slidebg tp-rs-img rs-lazyload\" data-lazyload=\"\/\/carlstenssoldathotell.se\/wp-content\/uploads\/2022\/03\/carlstens_soldathotell_donjonen00013.jpg\" data-no-retina>\n<!---->\t\t\t\t\t<\/rs-slide>\n\t\t\t\t\t<\/rs-slides>\n\t\t\t\t<\/rs-module>\n\t\t\t\t<script>\n\t\t\t\t\tsetREVStartSize({c: 'rev_slider_4_1',rl:[1240,1024,768,480],el:[680],gw:[1240],gh:[680],type:'standard',justify:'',layout:'fullwidth',mh:\"0\"});if (window.RS_MODULES!==undefined && window.RS_MODULES.modules!==undefined && window.RS_MODULES.modules[\"revslider41\"]!==undefined) {window.RS_MODULES.modules[\"revslider41\"].once = false;window.revapi4 = undefined;if (window.RS_MODULES.checkMinimal!==undefined) window.RS_MODULES.checkMinimal()}\n\t\t\t\t<\/script>\n\t\t\t<\/rs-module-wrap>\n\t\t\t<!-- END REVOLUTION SLIDER -->\n<\/div>\n\n\t\t\t\t\t\t<\/div>\n\t\t\t\t<div class=\"elementor-element elementor-element-65bd36b elementor-widget elementor-widget-text-editor\" data-id=\"65bd36b\" data-element_type=\"widget\" data-e-type=\"widget\" data-widget_type=\"text-editor.default\">\n\t\t\t\t\t\t\t\t\t<p>Sie wohnen im Donjonen oder Kommendanthuset. In diesen Geb\u00e4uden aus dem 18. Jahrhundert wohnen Sie in unseren charmanten Zimmern mit Blick auf Marstrand und das Meer, so wie es Tausende von Soldaten im Laufe der Jahre getan haben. <\/p>\t\t\t\t\t\t\t\t<\/div>\n\t\t\t\t\t<\/div>\n\t\t\t\t<\/div>\n\t\t<div class=\"elementor-element elementor-element-bd4726b e-flex e-con-boxed e-con e-parent\" data-id=\"bd4726b\" data-element_type=\"container\" data-e-type=\"container\" data-settings=\"{&quot;jet_parallax_layout_list&quot;:[]}\">\n\t\t\t\t\t<div class=\"e-con-inner\">\n\t\t<div class=\"elementor-element elementor-element-7939e4f e-con-full e-flex e-con e-child\" data-id=\"7939e4f\" data-element_type=\"container\" data-e-type=\"container\" data-settings=\"{&quot;jet_parallax_layout_list&quot;:[]}\">\n\t\t\t\t<div class=\"elementor-element elementor-element-1e1bf4b elementor-widget elementor-widget-text-editor\" data-id=\"1e1bf4b\" data-element_type=\"widget\" data-e-type=\"widget\" data-widget_type=\"text-editor.default\">\n\t\t\t\t\t\t\t\t\t<h4>Zimmer im Carlstens Soldathotell<\/h4><p>Soldathotellet hat alles von 1-Bett-Zimmern bis zu 6-Bett-Zimmern in Kommendanthuset und Donjonen. Alle Parteien, die bei uns buchen, bekommen ein Privatzimmer. Alle Zimmer sind einzigartig und haben eine eigene Dusche und Toilette (einige Zimmer haben eine eigene Dusche und Toilette au\u00dferhalb des Zimmers). Der Check-in erfolgt in der Regel nach der Mittagspause oder nach Vereinbarung. Die Abreise erfolgt um 11:00 Uhr am Abreisetag. <a href=\"https:\/\/carlstenssoldathotell.se\/de\/geschichte-der-festung-carlsten\/\">Mehr \u00fcber die Geschichte des Hotels k\u00f6nnen Sie hier lesen<\/a>.    <\/p>\t\t\t\t\t\t\t\t<\/div>\n\t\t\t\t<\/div>\n\t\t<div class=\"elementor-element elementor-element-098ccf9 e-con-full e-flex e-con e-child\" data-id=\"098ccf9\" data-element_type=\"container\" data-e-type=\"container\" data-settings=\"{&quot;jet_parallax_layout_list&quot;:[]}\">\n\t\t\t\t<div class=\"elementor-element elementor-element-ddca720 elementor-widget elementor-widget-text-editor\" data-id=\"ddca720\" data-element_type=\"widget\" data-e-type=\"widget\" data-widget_type=\"text-editor.default\">\n\t\t\t\t\t\t\t\t\t<h4>Preise:<\/h4><p>Im Preis inbegriffen sind Bettw\u00e4sche, Handt\u00fccher, Endreinigung und freier Zugang zum Festungsgel\u00e4nde.  <a href=\"https:\/\/carlstenssoldathotell.se\/de\/preise\/\">Um unsere Unterkunftspreise zu sehen, klicken Sie hier.<\/a><\/p>\t\t\t\t\t\t\t\t<\/div>\n\t\t\t\t<div class=\"elementor-element elementor-element-70a3e13 elementor-widget elementor-widget-button\" data-id=\"70a3e13\" data-element_type=\"widget\" data-e-type=\"widget\" data-widget_type=\"button.default\">\n\t\t\t\t\t\t\t\t\t\t<a class=\"elementor-button elementor-button-link elementor-size-sm\" href=\"https:\/\/carlstenssoldathotell.se\/de\/buchen-sie\/\">\n\t\t\t\t\t\t<span class=\"elementor-button-content-wrapper\">\n\t\t\t\t\t\t\t\t\t<span class=\"elementor-button-text\">Buchen Sie ein Zimmer<\/span>\n\t\t\t\t\t<\/span>\n\t\t\t\t\t<\/a>\n\t\t\t\t\t\t\t\t<\/div>\n\t\t\t\t<\/div>\n\t\t\t\t\t<\/div>\n\t\t\t\t<\/div>\n\t\t\t\t<\/div>\n\t\t","protected":false},"excerpt":{"rendered":"<p>Sie wohnen im Donjonen oder Kommendanthuset. In diesen Geb\u00e4uden aus dem 18. Jahrhundert wohnen Sie in unseren charmanten Zimmern mit Blick auf Marstrand und das Meer, so wie es Tausende von Soldaten im Laufe der Jahre getan haben. Zimmer im Carlstens Soldathotell Soldathotellet hat alles von 1-Bett-Zimmern bis zu 6-Bett-Zimmern in Kommendanthuset und Donjonen. Alle [&hellip;]<\/p>\n","protected":false},"author":1,"featured_media":0,"parent":0,"menu_order":0,"comment_status":"closed","ping_status":"closed","template":"","meta":{"ngg_post_thumbnail":0,"footnotes":""},"class_list":["post-2026","page","type-page","status-publish","hentry"],"_links":{"self":[{"href":"https:\/\/carlstenssoldathotell.se\/de\/wp-json\/wp\/v2\/pages\/2026","targetHints":{"allow":["GET"]}}],"collection":[{"href":"https:\/\/carlstenssoldathotell.se\/de\/wp-json\/wp\/v2\/pages"}],"about":[{"href":"https:\/\/carlstenssoldathotell.se\/de\/wp-json\/wp\/v2\/types\/page"}],"author":[{"embeddable":true,"href":"https:\/\/carlstenssoldathotell.se\/de\/wp-json\/wp\/v2\/users\/1"}],"replies":[{"embeddable":true,"href":"https:\/\/carlstenssoldathotell.se\/de\/wp-json\/wp\/v2\/comments?post=2026"}],"version-history":[{"count":2,"href":"https:\/\/carlstenssoldathotell.se\/de\/wp-json\/wp\/v2\/pages\/2026\/revisions"}],"predecessor-version":[{"id":2040,"href":"https:\/\/carlstenssoldathotell.se\/de\/wp-json\/wp\/v2\/pages\/2026\/revisions\/2040"}],"wp:attachment":[{"href":"https:\/\/carlstenssoldathotell.se\/de\/wp-json\/wp\/v2\/media?parent=2026"}],"curies":[{"name":"wp","href":"https:\/\/api.w.org\/{rel}","templated":true}]}}