{"id":2025,"date":"2026-02-02T17:33:33","date_gmt":"2026-02-02T16:33:33","guid":{"rendered":"https:\/\/carlstenssoldathotell.se\/buchen-sie\/"},"modified":"2026-02-03T11:58:04","modified_gmt":"2026-02-03T10:58:04","slug":"buchen-sie","status":"publish","type":"page","link":"https:\/\/carlstenssoldathotell.se\/de\/buchen-sie\/","title":{"rendered":"Buchen Sie"},"content":{"rendered":"\t\t<div data-elementor-type=\"wp-page\" data-elementor-id=\"2025\" class=\"elementor elementor-2025 elementor-1892\" data-elementor-post-type=\"page\">\n\t\t\t\t<div class=\"elementor-element elementor-element-dd898f0 e-flex e-con-boxed e-con e-parent\" data-id=\"dd898f0\" data-element_type=\"container\" data-e-type=\"container\" data-settings=\"{&quot;background_background&quot;:&quot;classic&quot;,&quot;jet_parallax_layout_list&quot;:[]}\">\n\t\t\t\t\t<div class=\"e-con-inner\">\n\t\t\t\t\t<\/div>\n\t\t\t\t<\/div>\n\t\t<div class=\"elementor-element elementor-element-8acdf08 e-flex e-con-boxed e-con e-parent\" data-id=\"8acdf08\" data-element_type=\"container\" data-e-type=\"container\" data-settings=\"{&quot;jet_parallax_layout_list&quot;:[]}\">\n\t\t\t\t\t<div class=\"e-con-inner\">\n\t\t<div class=\"elementor-element elementor-element-073fa4b e-flex e-con-boxed e-con e-child\" data-id=\"073fa4b\" data-element_type=\"container\" data-e-type=\"container\" data-settings=\"{&quot;background_background&quot;:&quot;classic&quot;,&quot;jet_parallax_layout_list&quot;:[]}\">\n\t\t\t\t\t<div class=\"e-con-inner\">\n\t\t\t\t<div class=\"elementor-element elementor-element-f3ac16d elementor-widget elementor-widget-text-editor\" data-id=\"f3ac16d\" data-element_type=\"widget\" data-e-type=\"widget\" data-widget_type=\"text-editor.default\">\n\t\t\t\t\t\t\t\t\t<p><strong>ACHTUNG!<\/strong><\/p><p>Die Verf\u00fcgbarkeit der Zimmer bei uns stimmt nicht immer mit der der Buchungsseite Booking.com \u00fcberein. Es kann der Eindruck entstehen, dass wir ausgebucht sind, obwohl noch Zimmer frei sind. Bitte z\u00f6gern Sie daher nicht, uns zun\u00e4chst eine Buchungsanfrage \u00fcber das unten stehende Formular zu schicken. Ich danke Ihnen!<\/p>\t\t\t\t\t\t\t\t<\/div>\n\t\t\t\t\t<\/div>\n\t\t\t\t<\/div>\n\t\t\t\t\t<\/div>\n\t\t\t\t<\/div>\n\t\t<div class=\"elementor-element elementor-element-37098e1 e-flex e-con-boxed e-con e-parent\" data-id=\"37098e1\" data-element_type=\"container\" data-e-type=\"container\" data-settings=\"{&quot;jet_parallax_layout_list&quot;:[]}\">\n\t\t\t\t\t<div class=\"e-con-inner\">\n\t\t<div class=\"elementor-element elementor-element-f55ab8b e-con-full e-flex e-con e-child\" data-id=\"f55ab8b\" data-element_type=\"container\" data-e-type=\"container\" data-settings=\"{&quot;background_background&quot;:&quot;classic&quot;,&quot;jet_parallax_layout_list&quot;:[]}\">\n\t\t\t\t<div class=\"elementor-element elementor-element-500ce51 elementor-widget elementor-widget-wpforms\" data-id=\"500ce51\" data-element_type=\"widget\" data-e-type=\"widget\" data-widget_type=\"wpforms.default\">\n\t\t\t\t<div class=\"elementor-widget-container\">\n\t\t\t\t\t<div class=\"wpforms-container wpforms-container-full\" id=\"wpforms-1395\"><form id=\"wpforms-form-1395\" class=\"wpforms-validate wpforms-form wpforms-ajax-form\" data-formid=\"1395\" method=\"post\" enctype=\"multipart\/form-data\" action=\"\/de\/wp-json\/wp\/v2\/pages\/2025\" data-token=\"89bc0ab528b42c0964c5aeb33c6729e6\" data-token-time=\"1776424652\"><noscript class=\"wpforms-error-noscript\">Bitte aktiviere JavaScript in deinem Browser, um dieses Formular fertigzustellen.<\/noscript><div class=\"wpforms-field-container\"><div id=\"wpforms-1395-field_1-container\" class=\"wpforms-field wpforms-field-name\" data-field-id=\"1\"><label class=\"wpforms-field-label\">Ihr Name <span class=\"wpforms-required-label\">*<\/span><\/label><div class=\"wpforms-field-row wpforms-field-large\"><div class=\"wpforms-field-row-block wpforms-first wpforms-one-half\"><input type=\"text\" id=\"wpforms-1395-field_1\" class=\"wpforms-field-name-first wpforms-field-required\" name=\"wpforms[fields][1][first]\" required><label for=\"wpforms-1395-field_1\" class=\"wpforms-field-sublabel after\">F\u00f6rst<\/label><\/div><div class=\"wpforms-field-row-block wpforms-one-half\"><input type=\"text\" id=\"wpforms-1395-field_1-last\" class=\"wpforms-field-name-last wpforms-field-required\" name=\"wpforms[fields][1][last]\" required><label for=\"wpforms-1395-field_1-last\" class=\"wpforms-field-sublabel after\">Sist<\/label><\/div><\/div><\/div><div id=\"wpforms-1395-field_2-container\" class=\"wpforms-field wpforms-field-email\" data-field-id=\"2\"><label class=\"wpforms-field-label\" for=\"wpforms-1395-field_2\">E-Mail Adresse <span class=\"wpforms-required-label\">*<\/span><\/label><input type=\"email\" id=\"wpforms-1395-field_2\" class=\"wpforms-field-large wpforms-field-required\" name=\"wpforms[fields][2]\" spellcheck=\"false\" required><\/div><div id=\"wpforms-1395-field_12-container\" class=\"wpforms-field wpforms-field-phone\" data-field-id=\"12\"><label class=\"wpforms-field-label\" for=\"wpforms-1395-field_12\">Telefonnummer <span class=\"wpforms-required-label\">*<\/span><\/label><input type=\"tel\" id=\"wpforms-1395-field_12\" class=\"wpforms-field-large wpforms-field-required wpforms-smart-phone-field\" data-rule-smart-phone-field=\"true\" name=\"wpforms[fields][12]\" aria-label=\"Telefonnummer\" required><\/div><div id=\"wpforms-1395-field_4-container\" class=\"wpforms-field wpforms-field-select wpforms-one-half wpforms-first wpforms-field-select-style-classic\" data-field-id=\"4\"><label class=\"wpforms-field-label\" for=\"wpforms-1395-field_4\">Anzahl Erwachsene <span class=\"wpforms-required-label\">*<\/span><\/label><select id=\"wpforms-1395-field_4\" class=\"wpforms-field-large wpforms-field-required\" name=\"wpforms[fields][4]\" required=\"required\"><option value=\"\" class=\"placeholder\" disabled  selected='selected'>---<\/option><option value=\"1\"  class=\"choice-1 depth-1\"  >1<\/option><option value=\"2\"  class=\"choice-2 depth-1\"  >2<\/option><option value=\"3\"  class=\"choice-3 depth-1\"  >3<\/option><option value=\"4\"  class=\"choice-4 depth-1\"  >4<\/option><option value=\"5\"  class=\"choice-5 depth-1\"  >5<\/option><option value=\"6\"  class=\"choice-6 depth-1\"  >6<\/option><option value=\"7\"  class=\"choice-7 depth-1\"  >7<\/option><option value=\"8\"  class=\"choice-8 depth-1\"  >8<\/option><option value=\"9\"  class=\"choice-9 depth-1\"  >9<\/option><option value=\"10\"  class=\"choice-10 depth-1\"  >10<\/option><option value=\"11\"  class=\"choice-11 depth-1\"  >11<\/option><option value=\"12\"  class=\"choice-12 depth-1\"  >12<\/option><option value=\"13\"  class=\"choice-13 depth-1\"  >13<\/option><option value=\"14\"  class=\"choice-14 depth-1\"  >14<\/option><option value=\"15\"  class=\"choice-15 depth-1\"  >15<\/option><option value=\"16\"  class=\"choice-16 depth-1\"  >16<\/option><option value=\"17\"  class=\"choice-17 depth-1\"  >17<\/option><option value=\"18\"  class=\"choice-18 depth-1\"  >18<\/option><option value=\"19\"  class=\"choice-19 depth-1\"  >19<\/option><option value=\"20\"  class=\"choice-20 depth-1\"  >20<\/option><option value=\"...mehr als 20\"  class=\"choice-21 depth-1\"  >...mehr als 20<\/option><\/select><\/div><div id=\"wpforms-1395-field_5-container\" class=\"wpforms-field wpforms-field-select wpforms-one-half wpforms-field-select-style-classic\" data-field-id=\"5\"><label class=\"wpforms-field-label\" for=\"wpforms-1395-field_5\">Anzahl der Kinder <span class=\"wpforms-required-label\">*<\/span><\/label><select id=\"wpforms-1395-field_5\" class=\"wpforms-field-large wpforms-field-required\" name=\"wpforms[fields][5]\" required=\"required\"><option value=\"\" class=\"placeholder\" disabled  selected='selected'>---<\/option><option value=\"0\"  class=\"choice-22 depth-1\"  >0<\/option><option value=\"1\"  class=\"choice-1 depth-1\"  >1<\/option><option value=\"2\"  class=\"choice-2 depth-1\"  >2<\/option><option value=\"3\"  class=\"choice-3 depth-1\"  >3<\/option><option value=\"4\"  class=\"choice-4 depth-1\"  >4<\/option><option value=\"5\"  class=\"choice-5 depth-1\"  >5<\/option><option value=\"6\"  class=\"choice-6 depth-1\"  >6<\/option><option value=\"7\"  class=\"choice-7 depth-1\"  >7<\/option><option value=\"8\"  class=\"choice-8 depth-1\"  >8<\/option><option value=\"9\"  class=\"choice-9 depth-1\"  >9<\/option><option value=\"10\"  class=\"choice-10 depth-1\"  >10<\/option><option value=\"11\"  class=\"choice-11 depth-1\"  >11<\/option><option value=\"12\"  class=\"choice-12 depth-1\"  >12<\/option><option value=\"13\"  class=\"choice-13 depth-1\"  >13<\/option><option value=\"14\"  class=\"choice-14 depth-1\"  >14<\/option><option value=\"15\"  class=\"choice-15 depth-1\"  >15<\/option><option value=\"16\"  class=\"choice-16 depth-1\"  >16<\/option><option value=\"17\"  class=\"choice-17 depth-1\"  >17<\/option><option value=\"18\"  class=\"choice-18 depth-1\"  >18<\/option><option value=\"19\"  class=\"choice-19 depth-1\"  >19<\/option><option value=\"20\"  class=\"choice-20 depth-1\"  >20<\/option><option value=\"...mehr als 20\"  class=\"choice-21 depth-1\"  >...mehr als 20<\/option><\/select><\/div><div id=\"wpforms-1395-field_6-container\" class=\"wpforms-field wpforms-field-date-time wpforms-one-half wpforms-first\" data-field-id=\"6\"><label class=\"wpforms-field-label\" for=\"wpforms-1395-field_6\">Datum der Ankunft <span class=\"wpforms-required-label\">*<\/span><\/label><div class=\"wpforms-datepicker-wrap\"><input type=\"text\" id=\"wpforms-1395-field_6\" class=\"wpforms-field-date-time-date wpforms-datepicker wpforms-field-required wpforms-field-large\" data-date-format=\"m\/d\/Y\" data-disable-past-dates=\"1\" data-disable-todays-date=\"0\" data-input=\"true\" name=\"wpforms[fields][6][date]\" required><a title=\"Datum leeren\" data-clear role=\"button\" tabindex=\"0\" class=\"wpforms-datepicker-clear\" aria-label=\"Datum leeren\" style=\"display:none;\"><\/a><\/div><\/div><div id=\"wpforms-1395-field_7-container\" class=\"wpforms-field wpforms-field-date-time wpforms-one-half\" data-field-id=\"7\"><label class=\"wpforms-field-label\" for=\"wpforms-1395-field_7\">Datum der Abreise <span class=\"wpforms-required-label\">*<\/span><\/label><div class=\"wpforms-datepicker-wrap\"><input type=\"text\" id=\"wpforms-1395-field_7\" class=\"wpforms-field-date-time-date wpforms-datepicker wpforms-field-required wpforms-field-large\" data-date-format=\"m\/d\/Y\" data-disable-past-dates=\"1\" data-disable-todays-date=\"0\" data-input=\"true\" name=\"wpforms[fields][7][date]\" required><a title=\"Datum leeren\" data-clear role=\"button\" tabindex=\"0\" class=\"wpforms-datepicker-clear\" aria-label=\"Datum leeren\" style=\"display:none;\"><\/a><\/div><\/div><div id=\"wpforms-1395-field_8-container\" class=\"wpforms-field wpforms-field-textarea\" data-field-id=\"8\"><label class=\"wpforms-field-label\" for=\"wpforms-1395-field_8\">Alle anderen Informationen an das Hotel:<\/label><textarea id=\"wpforms-1395-field_8\" class=\"wpforms-field-large\" name=\"wpforms[fields][8]\" ><\/textarea><\/div><div id=\"wpforms-1395-field_9-container\" class=\"wpforms-field wpforms-field-checkbox soldathotellet-inforuta\" data-field-id=\"9\"><label class=\"wpforms-field-label\">Bedingungen und Konditionen <span class=\"wpforms-required-label\">*<\/span><\/label><ul id=\"wpforms-1395-field_9\" class=\"wpforms-field-required\"><li class=\"choice-1 depth-1\"><input type=\"checkbox\" id=\"wpforms-1395-field_9_1\" name=\"wpforms[fields][9][]\" value=\"Ich akzeptiere die Bedingungen und Konditionen\" required ><label class=\"wpforms-field-label-inline\" for=\"wpforms-1395-field_9_1\">Ich akzeptiere die Bedingungen und Konditionen<\/label><\/li><\/ul><div class=\"wpforms-field-description\">Ich habe die <a href=\"https:\/\/carlstenssoldathotell.se\/de\/allgemeine-geschaeftsbedingungen-und-stornierungsbedingungen\/\" target=\"_blank\">Allgemeinen Gesch\u00e4ftsbedingungen und die Widerrufsbelehrung von Carlstens Soldathotell<\/a>\r\n gelesen und akzeptiere sie. (Klicken Sie auf den Link oben, um die Allgemeinen Gesch\u00e4ftsbedingungen und die Widerrufsbelehrung zu lesen)<\/div><\/div><\/div><!-- .wpforms-field-container --><div class=\"wpforms-submit-container\" ><input type=\"hidden\" name=\"wpforms[id]\" value=\"1395\"><input type=\"hidden\" name=\"page_title\" value=\"\"><input type=\"hidden\" name=\"page_url\" value=\"https:\/\/carlstenssoldathotell.se\/de\/wp-json\/wp\/v2\/pages\/2025\"><input type=\"hidden\" name=\"url_referer\" value=\"\"><button type=\"submit\" name=\"wpforms[submit]\" id=\"wpforms-submit-1395\" class=\"wpforms-submit\" data-alt-text=\"Senden ...\" data-submit-text=\"Einreichen\" aria-live=\"assertive\" value=\"wpforms-submit\">Einreichen<\/button><img decoding=\"async\" src=\"https:\/\/carlstenssoldathotell.se\/wp-content\/plugins\/wpforms\/assets\/images\/submit-spin.svg\" class=\"wpforms-submit-spinner\" style=\"display: none;\" width=\"26\" height=\"26\" alt=\"Wird geladen\"><\/div><\/form><\/div>  <!-- .wpforms-container -->\t\t\t\t<\/div>\n\t\t\t\t<\/div>\n\t\t\t\t<\/div>\n\t\t<div class=\"elementor-element elementor-element-afebe61 e-con-full e-flex e-con e-child\" data-id=\"afebe61\" data-element_type=\"container\" data-e-type=\"container\" data-settings=\"{&quot;jet_parallax_layout_list&quot;:[]}\">\n\t\t<div class=\"elementor-element elementor-element-1067c5f e-con-full e-flex e-con e-child\" data-id=\"1067c5f\" data-element_type=\"container\" data-e-type=\"container\" data-settings=\"{&quot;background_background&quot;:&quot;classic&quot;,&quot;jet_parallax_layout_list&quot;:[]}\">\n\t\t\t\t<div class=\"elementor-element elementor-element-f91db33 elementor-widget elementor-widget-text-editor\" data-id=\"f91db33\" data-element_type=\"widget\" data-e-type=\"widget\" data-widget_type=\"text-editor.default\">\n\t\t\t\t\t\t\t\t\t<p><strong>ACHTUNG!<\/strong><\/p><p>Die Buchung ist erst dann g\u00fcltig, wenn Sie von uns eine Buchungsbest\u00e4tigung per E-Mail erhalten haben. Bei Buchungen zu sp\u00e4ter Stunde kann die Best\u00e4tigung bis zum n\u00e4chsten Tag dauern.  <br>ACHTUNG! In manchen F\u00e4llen landet die Best\u00e4tigung als Spam. Bitte \u00fcberpr\u00fcfen Sie Ihren Spam-Ordner, wenn Sie keine Best\u00e4tigung erhalten haben.<\/p>\t\t\t\t\t\t\t\t<\/div>\n\t\t\t\t<\/div>\n\t\t\t\t<div class=\"elementor-element elementor-element-4293901 elementor-widget elementor-widget-text-editor\" data-id=\"4293901\" data-element_type=\"widget\" data-e-type=\"widget\" data-widget_type=\"text-editor.default\">\n\t\t\t\t\t\t\t\t\t<h4>Sie k\u00f6nnen auch ein Zimmer buchen, indem Sie die unten stehenden Optionen nutzen:<\/h4><ul><li>Senden Sie uns eine E-Mail: <a href=\"mailto:cs@carlstenssoldathotell.se\">cs@carlstenssoldathotell.se<\/a><\/li><li>Rufen Sie uns an: Telefonzeiten M\u00e4rz: Wochentags 9-15 Uhr<br>+46 303-60265<br>jour: +46 709-995 074<\/li><\/ul><h4>Einchecken<\/h4><ul><li>Der Check-in erfolgt bis sp\u00e4testens 18:00 Uhr oder nach vorheriger Absprache.  <em>(Der Check-in muss vor 18:00 Uhr erfolgen, sofern nichts anderes vereinbart wurde).<\/em><\/li><\/ul><h4>Stornierungsbedingungen:<\/h4><ul><li>Zimmerstornierungen m\u00fcssen mindestens 48 Stunden vor dem gebuchten Termin erfolgen, andernfalls wird der Zimmerpreis in Rechnung gestellt.<\/li><li>\u00c4nderungen der gebuchten Personenzahl m\u00fcssen 24 Stunden vor dem gebuchten Termin vorgenommen werden.<\/li><li>Alle Parteien, die bei uns buchen, erhalten ein privates Zimmer mit eigener Dusche und Toilette. (In einigen Zimmern befinden sich die Dusche und die Toilette jedoch au\u00dferhalb des Zimmers).<\/li><\/ul>\t\t\t\t\t\t\t\t<\/div>\n\t\t\t\t<\/div>\n\t\t\t\t\t<\/div>\n\t\t\t\t<\/div>\n\t\t\t\t<\/div>\n\t\t","protected":false},"excerpt":{"rendered":"<p>ACHTUNG! Die Verf\u00fcgbarkeit der Zimmer bei uns stimmt nicht immer mit der der Buchungsseite Booking.com \u00fcberein. Es kann der Eindruck entstehen, dass wir ausgebucht sind, obwohl noch Zimmer frei sind. Bitte z\u00f6gern Sie daher nicht, uns zun\u00e4chst eine Buchungsanfrage \u00fcber das unten stehende Formular zu schicken. Ich danke Ihnen! Aktivera JavaScript i din webbl\u00e4sare f\u00f6r [&hellip;]<\/p>\n","protected":false},"author":1,"featured_media":0,"parent":0,"menu_order":0,"comment_status":"closed","ping_status":"closed","template":"","meta":{"ngg_post_thumbnail":0,"footnotes":""},"class_list":["post-2025","page","type-page","status-publish","hentry"],"_links":{"self":[{"href":"https:\/\/carlstenssoldathotell.se\/de\/wp-json\/wp\/v2\/pages\/2025","targetHints":{"allow":["GET"]}}],"collection":[{"href":"https:\/\/carlstenssoldathotell.se\/de\/wp-json\/wp\/v2\/pages"}],"about":[{"href":"https:\/\/carlstenssoldathotell.se\/de\/wp-json\/wp\/v2\/types\/page"}],"author":[{"embeddable":true,"href":"https:\/\/carlstenssoldathotell.se\/de\/wp-json\/wp\/v2\/users\/1"}],"replies":[{"embeddable":true,"href":"https:\/\/carlstenssoldathotell.se\/de\/wp-json\/wp\/v2\/comments?post=2025"}],"version-history":[{"count":2,"href":"https:\/\/carlstenssoldathotell.se\/de\/wp-json\/wp\/v2\/pages\/2025\/revisions"}],"predecessor-version":[{"id":2032,"href":"https:\/\/carlstenssoldathotell.se\/de\/wp-json\/wp\/v2\/pages\/2025\/revisions\/2032"}],"wp:attachment":[{"href":"https:\/\/carlstenssoldathotell.se\/de\/wp-json\/wp\/v2\/media?parent=2025"}],"curies":[{"name":"wp","href":"https:\/\/api.w.org\/{rel}","templated":true}]}}