{"id":2017,"date":"2026-02-02T18:14:45","date_gmt":"2026-02-02T17:14:45","guid":{"rendered":"https:\/\/carlstenssoldathotell.se\/home-2026\/"},"modified":"2026-02-03T11:58:55","modified_gmt":"2026-02-03T10:58:55","slug":"home-2026","status":"publish","type":"page","link":"https:\/\/carlstenssoldathotell.se\/de\/","title":{"rendered":"HOME 2026"},"content":{"rendered":"\t\t<div data-elementor-type=\"wp-page\" data-elementor-id=\"2017\" class=\"elementor elementor-2017 elementor-1909\" data-elementor-post-type=\"page\">\n\t\t\t\t<div class=\"elementor-element elementor-element-dff1ade e-con-full e-flex e-con e-parent\" data-id=\"dff1ade\" data-element_type=\"container\" data-e-type=\"container\" data-settings=\"{&quot;jet_parallax_layout_list&quot;:[]}\">\n\t\t\t\t<div class=\"elementor-element elementor-element-19f29c3 elementor-widget elementor-widget-slider_revolution\" data-id=\"19f29c3\" data-element_type=\"widget\" data-e-type=\"widget\" data-widget_type=\"slider_revolution.default\">\n\t\t\t\t\t\n\t\t<div class=\"wp-block-themepunch-revslider\">\n\t\t\t<!-- START Forstasidan1 REVOLUTION SLIDER 6.7.35 --><p class=\"rs-p-wp-fix\"><\/p>\n\t\t\t<rs-module-wrap id=\"rev_slider_3_1_wrapper\" data-source=\"gallery\" style=\"visibility:hidden;background:transparent;padding:0;margin:0px auto;margin-top:0;margin-bottom:0;\">\n\t\t\t\t<rs-module id=\"rev_slider_3_1\" style=\"\" data-version=\"6.7.35\">\n\t\t\t\t\t<rs-slides style=\"overflow: hidden; position: absolute;\">\n\t\t\t\t\t\t<rs-slide style=\"position: absolute;\" data-key=\"rs-9\" data-title=\"Slide\" data-anim=\"adpr:false;ms:600;\" data-in=\"o:0;\" data-out=\"a:false;\">\n\t\t\t\t\t\t\t<img fetchpriority=\"high\" decoding=\"async\" src=\"\/\/carlstenssoldathotell.se\/wp-content\/plugins\/revslider\/sr6\/assets\/assets\/dummy.png\" alt=\"Carlstens Soldathotell Marstrand\" title=\"Carlstens Soldathotell Marstrand\" width=\"2400\" height=\"1032\" class=\"rev-slidebg tp-rs-img rs-lazyload\" data-lazyload=\"\/\/carlstenssoldathotell.se\/wp-content\/uploads\/2016\/12\/carlstens_soldathotell.jpg\" data-parallax=\"2\" data-no-retina>\n<!--\n\t\t\t\t\t\t\t--><rs-layer\n\t\t\t\t\t\t\t\tid=\"slider-3-slide-9-layer-0\" \n\t\t\t\t\t\t\t\tdata-type=\"text\"\n\t\t\t\t\t\t\t\tdata-color=\"#ffffff\"\n\t\t\t\t\t\t\t\tdata-rsp_ch=\"on\"\n\t\t\t\t\t\t\t\tdata-xy=\"x:c;y:120px;\"\n\t\t\t\t\t\t\t\tdata-text=\"w:normal;s:80;l:60;fw:600;a:center;\"\n\t\t\t\t\t\t\t\tdata-frame_999=\"o:0;st:w;\"\n\t\t\t\t\t\t\t\tstyle=\"z-index:8;font-family:'Georgia', 'serif';\"\n\t\t\t\t\t\t\t>Bo p\u00e5 Carlstens F\u00e4stning \n\t\t\t\t\t\t\t<\/rs-layer><!--\n-->\t\t\t\t\t<\/rs-slide>\n\t\t\t\t\t<\/rs-slides>\n\t\t\t\t<\/rs-module>\n\t\t\t\t<script>\n\t\t\t\t\tsetREVStartSize({c: 'rev_slider_3_1',rl:[1240,1024,768,480],el:[500],gw:[1200],gh:[500],type:'hero',justify:'',layout:'fullwidth',mh:\"0\"});if (window.RS_MODULES!==undefined && window.RS_MODULES.modules!==undefined && window.RS_MODULES.modules[\"revslider31\"]!==undefined) {window.RS_MODULES.modules[\"revslider31\"].once = false;window.revapi3 = undefined;if (window.RS_MODULES.checkMinimal!==undefined) window.RS_MODULES.checkMinimal()}\n\t\t\t\t<\/script>\n\t\t\t<\/rs-module-wrap>\n\t\t\t<!-- END REVOLUTION SLIDER -->\n<\/div>\n\n\t\t\t\t\t\t<\/div>\n\t\t\t\t<\/div>\n\t\t<div class=\"elementor-element elementor-element-ce57ae5 e-flex e-con-boxed e-con e-parent\" data-id=\"ce57ae5\" data-element_type=\"container\" data-e-type=\"container\" data-settings=\"{&quot;background_background&quot;:&quot;classic&quot;,&quot;jet_parallax_layout_list&quot;:[]}\">\n\t\t\t\t\t<div class=\"e-con-inner\">\n\t\t<div class=\"elementor-element elementor-element-fb1359a e-con-full e-flex e-con e-child\" data-id=\"fb1359a\" data-element_type=\"container\" data-e-type=\"container\" data-settings=\"{&quot;jet_parallax_layout_list&quot;:[]}\">\n\t\t\t\t<div class=\"elementor-element elementor-element-817578d elementor-widget elementor-widget-image\" data-id=\"817578d\" data-element_type=\"widget\" data-e-type=\"widget\" data-widget_type=\"image.default\">\n\t\t\t\t\t\t\t\t\t\t\t\t\t\t\t\t<a href=\"https:\/\/carlstenssoldathotell.se\/de\/preise\/\">\n\t\t\t\t\t\t\t<img decoding=\"async\" width=\"300\" height=\"175\" src=\"https:\/\/carlstenssoldathotell.se\/wp-content\/uploads\/2012\/11\/Priser.jpg\" class=\"attachment-full size-full wp-image-1599\" alt=\"\" \/>\t\t\t\t\t\t\t\t<\/a>\n\t\t\t\t\t\t\t\t\t\t\t\t\t\t\t<\/div>\n\t\t\t\t<div class=\"elementor-element elementor-element-e348d68 elementor-widget elementor-widget-text-editor\" data-id=\"e348d68\" data-element_type=\"widget\" data-e-type=\"widget\" data-widget_type=\"text-editor.default\">\n\t\t\t\t\t\t\t\t\t<p>Werfen Sie einen Blick auf unsere Preise und Pakete &#8211; egal, ob Sie sich eine Nacht g\u00f6nnen oder etwas l\u00e4nger bleiben m\u00f6chten. Einfach und klar.<\/p>\t\t\t\t\t\t\t\t<\/div>\n\t\t\t\t<\/div>\n\t\t<div class=\"elementor-element elementor-element-be7d56e e-con-full e-flex e-con e-child\" data-id=\"be7d56e\" data-element_type=\"container\" data-e-type=\"container\" data-settings=\"{&quot;jet_parallax_layout_list&quot;:[]}\">\n\t\t\t\t<div class=\"elementor-element elementor-element-1bacbc6 elementor-widget elementor-widget-image\" data-id=\"1bacbc6\" data-element_type=\"widget\" data-e-type=\"widget\" data-widget_type=\"image.default\">\n\t\t\t\t\t\t\t\t\t\t\t\t\t\t\t\t<a href=\"https:\/\/carlstenssoldathotell.se\/de\/buchen-sie\/\">\n\t\t\t\t\t\t\t<img decoding=\"async\" width=\"300\" height=\"175\" src=\"https:\/\/carlstenssoldathotell.se\/wp-content\/uploads\/2012\/11\/Boka-Rum.jpg\" class=\"attachment-full size-full wp-image-1597\" alt=\"\" \/>\t\t\t\t\t\t\t\t<\/a>\n\t\t\t\t\t\t\t\t\t\t\t\t\t\t\t<\/div>\n\t\t\t\t<div class=\"elementor-element elementor-element-c713b3e elementor-widget elementor-widget-text-editor\" data-id=\"c713b3e\" data-element_type=\"widget\" data-e-type=\"widget\" data-widget_type=\"text-editor.default\">\n\t\t\t\t\t\t\t\t\t<p>Bereit f\u00fcr einen Aufenthalt auf <span class=\"hover:entity-accent entity-underline inline cursor-pointer align-baseline\"><span class=\"whitespace-normal\">Festung Carlsten<\/span><\/span>? Buchen Sie Ihr Zimmer in wenigen Klicks und sichern Sie sich Ihren Platz.<\/p>\t\t\t\t\t\t\t\t<\/div>\n\t\t\t\t<\/div>\n\t\t<div class=\"elementor-element elementor-element-0b82067 e-con-full e-flex e-con e-child\" data-id=\"0b82067\" data-element_type=\"container\" data-e-type=\"container\" data-settings=\"{&quot;jet_parallax_layout_list&quot;:[]}\">\n\t\t\t\t<div class=\"elementor-element elementor-element-9f56e81 elementor-widget elementor-widget-image\" data-id=\"9f56e81\" data-element_type=\"widget\" data-e-type=\"widget\" data-widget_type=\"image.default\">\n\t\t\t\t\t\t\t\t\t\t\t\t\t\t\t\t<a href=\"https:\/\/carlstenssoldathotell.se\/de\/haeufig-gestellte-fragen\/\">\n\t\t\t\t\t\t\t<img loading=\"lazy\" decoding=\"async\" width=\"300\" height=\"175\" src=\"https:\/\/carlstenssoldathotell.se\/wp-content\/uploads\/2012\/11\/Vanliga-fr\u00e5gor.jpg\" class=\"attachment-full size-full wp-image-1601\" alt=\"\" \/>\t\t\t\t\t\t\t\t<\/a>\n\t\t\t\t\t\t\t\t\t\t\t\t\t\t\t<\/div>\n\t\t\t\t<div class=\"elementor-element elementor-element-86e0208 elementor-widget elementor-widget-text-editor\" data-id=\"86e0208\" data-element_type=\"widget\" data-e-type=\"widget\" data-widget_type=\"text-editor.default\">\n\t\t\t\t\t\t\t\t\t<p>Sie fragen sich, wie Sie einchecken, fr\u00fchst\u00fccken, parken oder anreisen k\u00f6nnen? Hier finden Sie schnelle Antworten &#8211; und ersparen sich die Suche.<\/p>\t\t\t\t\t\t\t\t<\/div>\n\t\t\t\t<\/div>\n\t\t\t\t\t<\/div>\n\t\t\t\t<\/div>\n\t\t\t\t<\/div>\n\t\t","protected":false},"excerpt":{"rendered":"<p>Werfen Sie einen Blick auf unsere Preise und Pakete &#8211; egal, ob Sie sich eine Nacht g\u00f6nnen oder etwas l\u00e4nger bleiben m\u00f6chten. Einfach und klar. Bereit f\u00fcr einen Aufenthalt auf Festung Carlsten? Buchen Sie Ihr Zimmer in wenigen Klicks und sichern Sie sich Ihren Platz. Sie fragen sich, wie Sie einchecken, fr\u00fchst\u00fccken, parken oder anreisen [&hellip;]<\/p>\n","protected":false},"author":1,"featured_media":0,"parent":0,"menu_order":0,"comment_status":"closed","ping_status":"closed","template":"","meta":{"ngg_post_thumbnail":0,"footnotes":""},"class_list":["post-2017","page","type-page","status-publish","hentry"],"_links":{"self":[{"href":"https:\/\/carlstenssoldathotell.se\/de\/wp-json\/wp\/v2\/pages\/2017","targetHints":{"allow":["GET"]}}],"collection":[{"href":"https:\/\/carlstenssoldathotell.se\/de\/wp-json\/wp\/v2\/pages"}],"about":[{"href":"https:\/\/carlstenssoldathotell.se\/de\/wp-json\/wp\/v2\/types\/page"}],"author":[{"embeddable":true,"href":"https:\/\/carlstenssoldathotell.se\/de\/wp-json\/wp\/v2\/users\/1"}],"replies":[{"embeddable":true,"href":"https:\/\/carlstenssoldathotell.se\/de\/wp-json\/wp\/v2\/comments?post=2017"}],"version-history":[{"count":6,"href":"https:\/\/carlstenssoldathotell.se\/de\/wp-json\/wp\/v2\/pages\/2017\/revisions"}],"predecessor-version":[{"id":2063,"href":"https:\/\/carlstenssoldathotell.se\/de\/wp-json\/wp\/v2\/pages\/2017\/revisions\/2063"}],"wp:attachment":[{"href":"https:\/\/carlstenssoldathotell.se\/de\/wp-json\/wp\/v2\/media?parent=2017"}],"curies":[{"name":"wp","href":"https:\/\/api.w.org\/{rel}","templated":true}]}}