{"id":1865,"date":"2012-11-01T13:51:14","date_gmt":"2012-11-01T12:51:14","guid":{"rendered":"https:\/\/carlstenssoldathotell.se\/kontakt-karte\/"},"modified":"2012-11-01T13:51:14","modified_gmt":"2012-11-01T12:51:14","slug":"kontakt-karte","status":"publish","type":"page","link":"https:\/\/carlstenssoldathotell.se\/de\/kontakt-karte\/","title":{"rendered":"Kontakt &amp; Karte"},"content":{"rendered":"<div id=\"pl-1865\"  class=\"panel-layout\" ><div id=\"pg-1865-0\"  class=\"panel-grid panel-no-style\" ><div id=\"pgc-1865-0-0\"  class=\"panel-grid-cell\" ><div id=\"panel-1865-0-0-0\" class=\"so-panel widget widget_sow-editor panel-first-child panel-last-child\" data-index=\"0\" ><div\n\t\t\t\n\t\t\tclass=\"so-widget-sow-editor so-widget-sow-editor-base\"\n\t\t\t\n\t\t>\n<div class=\"siteorigin-widget-tinymce textwidget\">\n\t<p>&nbsp;<\/p>\n<h2 style=\"text-align: center;\">Sehen Sie sich den Film \u00fcber das Soldat Hotel an!<\/h2>\n<p><iframe width=\"1080\" height=\"608\" src=\"https:\/\/www.youtube.com\/embed\/TL-Dm7FCo_E?rel=0&amp;showinfo=0\" frameborder=\"0\" allowfullscreen=\"\"><\/iframe><\/p>\n<p>&nbsp;<\/p>\n<\/div>\n<\/div><\/div><\/div><\/div><div id=\"pg-1865-1\"  class=\"panel-grid panel-no-style\" ><div id=\"pgc-1865-1-0\"  class=\"panel-grid-cell\" ><div id=\"panel-1865-1-0-0\" class=\"so-panel widget widget_sow-editor panel-first-child\" data-index=\"1\" ><div\n\t\t\t\n\t\t\tclass=\"so-widget-sow-editor so-widget-sow-editor-base\"\n\t\t\t\n\t\t>\n<div class=\"siteorigin-widget-tinymce textwidget\">\n\t<h4>Hier finden Sie<\/h4>\n<p>Die Festung Carlsten befindet sich auf der Insel Marstrand, etwa 45 Kilometer nordwestlich von G\u00f6teborg. Sie k\u00f6nnen sie mit dem Auto, dem Bus oder dem Schiff erreichen. Da der Autoverkehr auf Marstrands\u00f6n verboten ist, m\u00fcssen diejenigen, die mit dem Auto oder Bus anreisen, die F\u00e4hre von Ko\u00f6n nach Marstrands\u00f6n nehmen. Ko\u00f6n liegt 100-150 Meter \u00f6stlich von Marstrand und die \u00dcberfahrt mit der F\u00e4hre dauert nur ein paar Minuten.   <\/p>\n<p><strong>Mit dem Auto<br \/><\/strong>Beschreibung aus G\u00f6teborg: Nehmen Sie die E6 in Richtung Oslo. Nehmen Sie bei Kung\u00e4lv (ca. 20 km) die Stra\u00dfe 168 (ausgeschildert nach Marstrand) und folgen Sie dieser (ca. 25 km) nach Marstrand-Ko\u00f6n. <\/p>\n<p><strong>Parken<\/strong><br \/>Am Eingang von Marstrand-Ko\u00f6n finden Sie Schilder f\u00fcr verschiedene Parkh\u00e4user. Es gilt der Grundsatz: Je n\u00e4her am F\u00e4hrterminal, desto teurer die Geb\u00fchr. In den Wintermonaten sind die meisten Parkpl\u00e4tze kostenlos - siehe Anweisungen vor Ort.  <br \/><a href=\"https:\/\/www.destinero.com\/list\/6113\" target=\"_blank\" rel=\"noopener noreferrer\">Lesen Sie mehr \u00fcber die Parkpl\u00e4tze von Marstrand und Informationen \u00fcber Geb\u00fchren, Wohnmobile usw.<\/a><\/p>\n<p><strong>Die F\u00e4hre<br \/><\/strong>Die F\u00e4hre zwischen Ko\u00f6n-Marstrand verkehrt ganzt\u00e4gig und hat die Fahrplannummer 322. Sie verkehrt tags\u00fcber alle 15 Minuten und nachts auf Abruf alle halbe Stunde. <\/p>\n<p>Die genauen Abfahrtszeiten usw. finden Sie unter <a href=\"http:\/\/www.vasttrafik.se\" target=\"_blank\" rel=\"noopener noreferrer\">www.vasttrafik.se<\/a> oder rufen Sie den Kundenservice an, Tel. +46 (0) 771-41 43 00<br \/>HINWEIS! Wenn Sie mit dem Bus gereist sind, ist das Busticket auch f\u00fcr die \u00dcberfahrt zur Insel Marstrand g\u00fcltig. Sie m\u00fcssen kein F\u00e4hrticket kaufen, wenn Sie mit dem Bus reisen.<br \/>Kundenservice, Tel. +46 (0) 771-41 43 00  <\/p>\n<p><strong>H\u00e4ufig gestellte Fragen<\/strong><\/p>\n<p><a href=\"https:\/\/carlstenssoldathotell.se\/project\/svar-pa-de-vanligaste-fragorna\/\">Lesen Sie hier die Antworten auf die am h\u00e4ufigsten gestellten Fragen<\/a><\/p>\n<\/div>\n<\/div><\/div><div id=\"panel-1865-1-0-1\" class=\"so-panel widget widget_sow-editor panel-last-child\" data-index=\"2\" ><div\n\t\t\t\n\t\t\tclass=\"so-widget-sow-editor so-widget-sow-editor-base\"\n\t\t\t\n\t\t>\n<div class=\"siteorigin-widget-tinymce textwidget\">\n\t<h4>&nbsp;Gef\u00fchrte Touren bei Carlsten<\/h4>\n<p>Informationen \u00fcber F\u00fchrungen durch die Festung erhalten Sie unter +46 (0) 303-61167<\/p>\n<h4>Kontakt zu Carlstens Soldathotell<\/h4>\n<p>Telefon: +46 (0) 303-602 65 \/ +46 (0) 70-999 50 74<br \/>E-Mail: <a href=\"mailto:cs@carlstenssoldathotell.se\">cs@carlstenssoldathotell.se<\/a><br \/>Adresse: Carlstens F\u00e4stning, 442 67 Marstrand, Schweden.<\/p>\n<p><strong>Preise:<br \/><\/strong><a title=\"Preise\" href=\"https:\/\/carlstenssoldathotell.se\/project\/priser\/\">Sehen Sie die Preise des Soldat Hotels hier.<\/a><\/p>\n<p><strong>\u00d6ffnungszeiten der Festung Carlsten:<\/strong><\/p>\n<p>Die \u00d6ffnungszeiten f\u00fcr Besucher und die Eintrittspreise finden Sie auf der <a href=\"http:\/\/carlsten.se\/oppettider-och-priser\" target=\"_blank\" rel=\"noopener noreferrer\">Website der Festung Carlsten hier<\/a>.<\/p>\n<\/div>\n<\/div><\/div><\/div><div id=\"pgc-1865-1-1\"  class=\"panel-grid-cell\" ><div id=\"panel-1865-1-1-0\" class=\"so-panel widget widget_sow-editor panel-first-child\" data-index=\"3\" ><div\n\t\t\t\n\t\t\tclass=\"so-widget-sow-editor so-widget-sow-editor-base\"\n\t\t\t\n\t\t>\n<div class=\"siteorigin-widget-tinymce textwidget\">\n\t<h4>Folgen Sie uns auf Facebook!<\/h4>\n<p>&nbsp;<\/p>\n<p><iframe style=\"border: none; overflow: hidden; width: 100%; height: 395px;\" src=\"\/\/www.facebook.com\/plugins\/likebox.php?href=http%3A%2F%2Fwww.facebook.com%2FCarlstensSoldathotell&amp;width=292&amp;height=395&amp;colorscheme=light&amp;show_faces=false&amp;border_color=%2399a2aa&amp;stream=true&amp;header=false&amp;appId=281044508593097\" width=\"100%\" height=\"100%\" frameborder=\"0\" scrolling=\"no\"><\/iframe><\/p>\n<\/div>\n<\/div><\/div><div id=\"panel-1865-1-1-1\" class=\"so-panel widget widget_sow-editor panel-last-child\" data-index=\"4\" ><div\n\t\t\t\n\t\t\tclass=\"so-widget-sow-editor so-widget-sow-editor-base\"\n\t\t\t\n\t\t>\n<div class=\"siteorigin-widget-tinymce textwidget\">\n\t<p><img fetchpriority=\"high\" fetchpriority=\"high\" decoding=\"async\" class=\"alignnone size-full wp-image-404\" title=\"Karl Soldat\" src=\"https:\/\/carlstenssoldathotell.se\/wp-content\/uploads\/2012\/11\/Charles-soldat.png\" alt=\"\" width=\"226\" height=\"401\" srcset=\"https:\/\/carlstenssoldathotell.se\/wp-content\/uploads\/2012\/11\/Charles-soldat.png 226w, https:\/\/carlstenssoldathotell.se\/wp-content\/uploads\/2012\/11\/Charles-soldat-169x300.png 169w\" sizes=\"(max-width: 226px) 100vw, 226px\" \/><\/p>\n<blockquote><p>Hallo, ich bin Charles! Rufen Sie mich an oder mailen Sie mir, wenn Sie Fragen haben! <\/p><\/blockquote>\n<\/div>\n<\/div><\/div><\/div><\/div><\/div>","protected":false},"excerpt":{"rendered":"<p>&nbsp; Sehen Sie sich den Film \u00fcber das Soldat Hotel an! &nbsp; Hier finden Sie Die Festung Carlsten befindet sich auf der Insel Marstrand, etwa 45 Kilometer nordwestlich von G\u00f6teborg. Sie k\u00f6nnen sie mit dem Auto, dem Bus oder dem Schiff erreichen. Da der Autoverkehr auf Marstrands\u00f6n verboten ist, m\u00fcssen diejenigen, die mit dem Auto [&hellip;]<\/p>\n","protected":false},"author":1,"featured_media":0,"parent":0,"menu_order":0,"comment_status":"closed","ping_status":"closed","template":"page-full-width.php","meta":{"ngg_post_thumbnail":0,"footnotes":""},"class_list":["post-1865","page","type-page","status-publish","hentry"],"_links":{"self":[{"href":"https:\/\/carlstenssoldathotell.se\/de\/wp-json\/wp\/v2\/pages\/1865","targetHints":{"allow":["GET"]}}],"collection":[{"href":"https:\/\/carlstenssoldathotell.se\/de\/wp-json\/wp\/v2\/pages"}],"about":[{"href":"https:\/\/carlstenssoldathotell.se\/de\/wp-json\/wp\/v2\/types\/page"}],"author":[{"embeddable":true,"href":"https:\/\/carlstenssoldathotell.se\/de\/wp-json\/wp\/v2\/users\/1"}],"replies":[{"embeddable":true,"href":"https:\/\/carlstenssoldathotell.se\/de\/wp-json\/wp\/v2\/comments?post=1865"}],"version-history":[{"count":0,"href":"https:\/\/carlstenssoldathotell.se\/de\/wp-json\/wp\/v2\/pages\/1865\/revisions"}],"wp:attachment":[{"href":"https:\/\/carlstenssoldathotell.se\/de\/wp-json\/wp\/v2\/media?parent=1865"}],"curies":[{"name":"wp","href":"https:\/\/api.w.org\/{rel}","templated":true}]}}