{"id":1861,"date":"2012-11-01T15:00:26","date_gmt":"2012-11-01T14:00:26","guid":{"rendered":"https:\/\/carlstenssoldathotell.se\/unsere-zimmer\/"},"modified":"2012-11-01T15:00:26","modified_gmt":"2012-11-01T14:00:26","slug":"unsere-zimmer","status":"publish","type":"page","link":"https:\/\/carlstenssoldathotell.se\/de\/unsere-zimmer\/","title":{"rendered":"Unsere Zimmer"},"content":{"rendered":"<div id=\"pl-1861\"  class=\"panel-layout\" ><div id=\"pg-1861-0\"  class=\"panel-grid panel-no-style\" ><div id=\"pgc-1861-0-0\"  class=\"panel-grid-cell\" ><div id=\"panel-1861-0-0-0\" class=\"so-panel widget widget_rev-slider-widget widget_revslider panel-first-child\" data-index=\"0\" >\n\t\t\t<!-- START rummen1 REVOLUTION SLIDER 6.7.35 --><p class=\"rs-p-wp-fix\"><\/p>\n\t\t\t<rs-module-wrap id=\"rev_slider_4_1_wrapper\" data-source=\"gallery\" style=\"visibility:hidden;background:transparent;padding:0;margin:0px auto;margin-top:0;margin-bottom:0;\">\n\t\t\t\t<rs-module id=\"rev_slider_4_1\" style=\"\" data-version=\"6.7.35\">\n\t\t\t\t\t<rs-slides style=\"overflow: hidden; position: absolute;\">\n\t\t\t\t\t\t<rs-slide style=\"position: absolute;\" data-key=\"rs-16\" data-title=\"Slide\" data-thumb=\"\/\/carlstenssoldathotell.se\/wp-content\/uploads\/2022\/03\/carlstens_soldathotell_donjonen00001-100x50.jpg\" data-anim=\"adpr:false;\" data-in=\"o:0;\" data-out=\"a:false;\">\n\t\t\t\t\t\t\t<img decoding=\"async\" src=\"\/\/carlstenssoldathotell.se\/wp-content\/plugins\/revslider\/sr6\/assets\/assets\/dummy.png\" alt=\"\" title=\"Unsere Zimmer\" class=\"rev-slidebg tp-rs-img rs-lazyload\" data-lazyload=\"\/\/carlstenssoldathotell.se\/wp-content\/uploads\/2022\/03\/carlstens_soldathotell_donjonen00001.jpg\" data-no-retina>\n<!---->\t\t\t\t\t<\/rs-slide>\n\t\t\t\t\t\t<rs-slide style=\"position: absolute;\" data-key=\"rs-17\" data-title=\"Slide\" data-thumb=\"\/\/carlstenssoldathotell.se\/wp-content\/uploads\/2022\/03\/carlstens_soldathotell_donjonen00002-100x50.jpg\" data-anim=\"adpr:false;\" data-in=\"o:0;\" data-out=\"a:false;\">\n\t\t\t\t\t\t\t<img decoding=\"async\" src=\"\/\/carlstenssoldathotell.se\/wp-content\/plugins\/revslider\/sr6\/assets\/assets\/dummy.png\" alt=\"\" title=\"Unsere Zimmer\" class=\"rev-slidebg tp-rs-img rs-lazyload\" data-lazyload=\"\/\/carlstenssoldathotell.se\/wp-content\/uploads\/2022\/03\/carlstens_soldathotell_donjonen00002.jpg\" data-no-retina>\n<!---->\t\t\t\t\t<\/rs-slide>\n\t\t\t\t\t\t<rs-slide style=\"position: absolute;\" data-key=\"rs-18\" data-title=\"Slide\" data-thumb=\"\/\/carlstenssoldathotell.se\/wp-content\/uploads\/2022\/03\/carlstens_soldathotell_donjonen00003-100x50.jpg\" data-anim=\"adpr:false;\" data-in=\"o:0;\" data-out=\"a:false;\">\n\t\t\t\t\t\t\t<img decoding=\"async\" src=\"\/\/carlstenssoldathotell.se\/wp-content\/plugins\/revslider\/sr6\/assets\/assets\/dummy.png\" alt=\"\" title=\"Unsere Zimmer\" class=\"rev-slidebg tp-rs-img rs-lazyload\" data-lazyload=\"\/\/carlstenssoldathotell.se\/wp-content\/uploads\/2022\/03\/carlstens_soldathotell_donjonen00003.jpg\" data-no-retina>\n<!---->\t\t\t\t\t<\/rs-slide>\n\t\t\t\t\t\t<rs-slide style=\"position: absolute;\" data-key=\"rs-19\" data-title=\"Slide\" data-thumb=\"\/\/carlstenssoldathotell.se\/wp-content\/uploads\/2022\/03\/carlstens_soldathotell_donjonen00004-100x50.jpg\" data-anim=\"adpr:false;\" data-in=\"o:0;\" data-out=\"a:false;\">\n\t\t\t\t\t\t\t<img decoding=\"async\" src=\"\/\/carlstenssoldathotell.se\/wp-content\/plugins\/revslider\/sr6\/assets\/assets\/dummy.png\" alt=\"\" title=\"Unsere Zimmer\" class=\"rev-slidebg tp-rs-img rs-lazyload\" data-lazyload=\"\/\/carlstenssoldathotell.se\/wp-content\/uploads\/2022\/03\/carlstens_soldathotell_donjonen00004.jpg\" data-no-retina>\n<!---->\t\t\t\t\t<\/rs-slide>\n\t\t\t\t\t\t<rs-slide style=\"position: absolute;\" data-key=\"rs-20\" data-title=\"Slide\" data-thumb=\"\/\/carlstenssoldathotell.se\/wp-content\/uploads\/2022\/03\/carlstens_soldathotell_donjonen00005-100x50.jpg\" data-anim=\"adpr:false;\" data-in=\"o:0;\" data-out=\"a:false;\">\n\t\t\t\t\t\t\t<img decoding=\"async\" src=\"\/\/carlstenssoldathotell.se\/wp-content\/plugins\/revslider\/sr6\/assets\/assets\/dummy.png\" alt=\"\" title=\"Unsere Zimmer\" class=\"rev-slidebg tp-rs-img rs-lazyload\" data-lazyload=\"\/\/carlstenssoldathotell.se\/wp-content\/uploads\/2022\/03\/carlstens_soldathotell_donjonen00005.jpg\" data-no-retina>\n<!---->\t\t\t\t\t<\/rs-slide>\n\t\t\t\t\t\t<rs-slide style=\"position: absolute;\" data-key=\"rs-21\" data-title=\"Slide\" data-thumb=\"\/\/carlstenssoldathotell.se\/wp-content\/uploads\/2022\/03\/carlstens_soldathotell_donjonen00006-scaled-100x50.jpg\" data-anim=\"adpr:false;\" data-in=\"o:0;\" data-out=\"a:false;\">\n\t\t\t\t\t\t\t<img decoding=\"async\" src=\"\/\/carlstenssoldathotell.se\/wp-content\/plugins\/revslider\/sr6\/assets\/assets\/dummy.png\" alt=\"\" title=\"Unsere Zimmer\" class=\"rev-slidebg tp-rs-img rs-lazyload\" data-lazyload=\"\/\/carlstenssoldathotell.se\/wp-content\/uploads\/2022\/03\/carlstens_soldathotell_donjonen00006-scaled.jpg\" data-no-retina>\n<!---->\t\t\t\t\t<\/rs-slide>\n\t\t\t\t\t\t<rs-slide style=\"position: absolute;\" data-key=\"rs-22\" data-title=\"Slide\" data-thumb=\"\/\/carlstenssoldathotell.se\/wp-content\/uploads\/2022\/03\/carlstens_soldathotell_donjonen00007-100x50.jpg\" data-anim=\"adpr:false;\" data-in=\"o:0;\" data-out=\"a:false;\">\n\t\t\t\t\t\t\t<img decoding=\"async\" src=\"\/\/carlstenssoldathotell.se\/wp-content\/plugins\/revslider\/sr6\/assets\/assets\/dummy.png\" alt=\"\" title=\"Unsere Zimmer\" class=\"rev-slidebg tp-rs-img rs-lazyload\" data-lazyload=\"\/\/carlstenssoldathotell.se\/wp-content\/uploads\/2022\/03\/carlstens_soldathotell_donjonen00007.jpg\" data-no-retina>\n<!---->\t\t\t\t\t<\/rs-slide>\n\t\t\t\t\t\t<rs-slide style=\"position: absolute;\" data-key=\"rs-23\" data-title=\"Slide\" data-thumb=\"\/\/carlstenssoldathotell.se\/wp-content\/uploads\/2022\/03\/carlstens_soldathotell_donjonen00008-100x50.jpg\" data-anim=\"adpr:false;\" data-in=\"o:0;\" data-out=\"a:false;\">\n\t\t\t\t\t\t\t<img decoding=\"async\" src=\"\/\/carlstenssoldathotell.se\/wp-content\/plugins\/revslider\/sr6\/assets\/assets\/dummy.png\" alt=\"\" title=\"Unsere Zimmer\" class=\"rev-slidebg tp-rs-img rs-lazyload\" data-lazyload=\"\/\/carlstenssoldathotell.se\/wp-content\/uploads\/2022\/03\/carlstens_soldathotell_donjonen00008.jpg\" data-no-retina>\n<!---->\t\t\t\t\t<\/rs-slide>\n\t\t\t\t\t\t<rs-slide style=\"position: absolute;\" data-key=\"rs-24\" data-title=\"Slide\" data-thumb=\"\/\/carlstenssoldathotell.se\/wp-content\/uploads\/2022\/03\/carlstens_soldathotell_donjonen00009-100x50.jpg\" data-anim=\"adpr:false;\" data-in=\"o:0;\" data-out=\"a:false;\">\n\t\t\t\t\t\t\t<img decoding=\"async\" src=\"\/\/carlstenssoldathotell.se\/wp-content\/plugins\/revslider\/sr6\/assets\/assets\/dummy.png\" alt=\"\" title=\"Unsere Zimmer\" class=\"rev-slidebg tp-rs-img rs-lazyload\" data-lazyload=\"\/\/carlstenssoldathotell.se\/wp-content\/uploads\/2022\/03\/carlstens_soldathotell_donjonen00009.jpg\" data-no-retina>\n<!---->\t\t\t\t\t<\/rs-slide>\n\t\t\t\t\t\t<rs-slide style=\"position: absolute;\" data-key=\"rs-25\" data-title=\"Slide\" data-thumb=\"\/\/carlstenssoldathotell.se\/wp-content\/uploads\/2022\/03\/carlstens_soldathotell_donjonen00010-scaled-100x50.jpg\" data-anim=\"adpr:false;\" data-in=\"o:0;\" data-out=\"a:false;\">\n\t\t\t\t\t\t\t<img decoding=\"async\" src=\"\/\/carlstenssoldathotell.se\/wp-content\/plugins\/revslider\/sr6\/assets\/assets\/dummy.png\" alt=\"\" title=\"Unsere Zimmer\" class=\"rev-slidebg tp-rs-img rs-lazyload\" data-lazyload=\"\/\/carlstenssoldathotell.se\/wp-content\/uploads\/2022\/03\/carlstens_soldathotell_donjonen00010-scaled.jpg\" data-no-retina>\n<!---->\t\t\t\t\t<\/rs-slide>\n\t\t\t\t\t\t<rs-slide style=\"position: absolute;\" data-key=\"rs-26\" data-title=\"Slide\" data-thumb=\"\/\/carlstenssoldathotell.se\/wp-content\/uploads\/2022\/03\/carlstens_soldathotell_donjonen00011-100x50.jpg\" data-anim=\"adpr:false;\" data-in=\"o:0;\" data-out=\"a:false;\">\n\t\t\t\t\t\t\t<img decoding=\"async\" src=\"\/\/carlstenssoldathotell.se\/wp-content\/plugins\/revslider\/sr6\/assets\/assets\/dummy.png\" alt=\"\" title=\"Unsere Zimmer\" class=\"rev-slidebg tp-rs-img rs-lazyload\" data-lazyload=\"\/\/carlstenssoldathotell.se\/wp-content\/uploads\/2022\/03\/carlstens_soldathotell_donjonen00011.jpg\" data-no-retina>\n<!---->\t\t\t\t\t<\/rs-slide>\n\t\t\t\t\t\t<rs-slide style=\"position: absolute;\" data-key=\"rs-27\" data-title=\"Slide\" data-thumb=\"\/\/carlstenssoldathotell.se\/wp-content\/uploads\/2022\/03\/carlstens_soldathotell_donjonen00012-100x50.jpg\" data-anim=\"adpr:false;\" data-in=\"o:0;\" data-out=\"a:false;\">\n\t\t\t\t\t\t\t<img decoding=\"async\" src=\"\/\/carlstenssoldathotell.se\/wp-content\/plugins\/revslider\/sr6\/assets\/assets\/dummy.png\" alt=\"\" title=\"Unsere Zimmer\" class=\"rev-slidebg tp-rs-img rs-lazyload\" data-lazyload=\"\/\/carlstenssoldathotell.se\/wp-content\/uploads\/2022\/03\/carlstens_soldathotell_donjonen00012.jpg\" data-no-retina>\n<!---->\t\t\t\t\t<\/rs-slide>\n\t\t\t\t\t\t<rs-slide style=\"position: absolute;\" data-key=\"rs-28\" data-title=\"Slide\" data-thumb=\"\/\/carlstenssoldathotell.se\/wp-content\/uploads\/2022\/03\/carlstens_soldathotell_donjonen00013-100x50.jpg\" data-anim=\"adpr:false;\" data-in=\"o:0;\" data-out=\"a:false;\">\n\t\t\t\t\t\t\t<img decoding=\"async\" src=\"\/\/carlstenssoldathotell.se\/wp-content\/plugins\/revslider\/sr6\/assets\/assets\/dummy.png\" alt=\"\" title=\"Unsere Zimmer\" class=\"rev-slidebg tp-rs-img rs-lazyload\" data-lazyload=\"\/\/carlstenssoldathotell.se\/wp-content\/uploads\/2022\/03\/carlstens_soldathotell_donjonen00013.jpg\" data-no-retina>\n<!---->\t\t\t\t\t<\/rs-slide>\n\t\t\t\t\t<\/rs-slides>\n\t\t\t\t<\/rs-module>\n\t\t\t\t<script>\n\t\t\t\t\tsetREVStartSize({c: 'rev_slider_4_1',rl:[1240,1024,768,480],el:[680],gw:[1240],gh:[680],type:'standard',justify:'',layout:'fullwidth',mh:\"0\"});if (window.RS_MODULES!==undefined && window.RS_MODULES.modules!==undefined && window.RS_MODULES.modules[\"revslider41\"]!==undefined) {window.RS_MODULES.modules[\"revslider41\"].once = false;window.revapi4 = undefined;if (window.RS_MODULES.checkMinimal!==undefined) window.RS_MODULES.checkMinimal()}\n\t\t\t\t<\/script>\n\t\t\t<\/rs-module-wrap>\n\t\t\t<!-- END REVOLUTION SLIDER -->\n<\/div><div id=\"panel-1861-0-0-1\" class=\"so-panel widget widget_sow-editor panel-last-child\" data-index=\"1\" ><div\n\t\t\t\n\t\t\tclass=\"so-widget-sow-editor so-widget-sow-editor-base\"\n\t\t\t\n\t\t>\n<div class=\"siteorigin-widget-tinymce textwidget\">\n\t<blockquote><p>Sie wohnen im Donjonen oder Kommendanthuset. In diesen Geb\u00e4uden aus dem 18. Jahrhundert wohnen Sie in unseren charmanten Zimmern mit Blick auf Marstrand und das Meer, so wie es Tausende von Soldaten im Laufe der Jahre getan haben. <\/p><\/blockquote>\n<\/div>\n<\/div><\/div><\/div><\/div><div id=\"pg-1861-1\"  class=\"panel-grid panel-no-style\" ><div id=\"pgc-1861-1-0\"  class=\"panel-grid-cell\" ><div id=\"panel-1861-1-0-0\" class=\"so-panel widget widget_sow-editor panel-first-child panel-last-child\" data-index=\"2\" ><div\n\t\t\t\n\t\t\tclass=\"so-widget-sow-editor so-widget-sow-editor-base\"\n\t\t\t\n\t\t>\n<div class=\"siteorigin-widget-tinymce textwidget\">\n\t<h4>Zimmer im Carlstens Soldathotell<\/h4>\n<p>Soldathotellet hat alles von 1-Bett-Zimmern bis zu 6-Bett-Zimmern in Kommendanthuset und Donjonen. Alle Parteien, die bei uns buchen, erhalten ein privates Zimmer. Alle Zimmer sind einzigartig und verf\u00fcgen \u00fcber eine eigene Dusche und Toilette (einige der Zimmer haben eine eigene Dusche und Toilette direkt au\u00dferhalb des Zimmers). Der Check-in findet in der Regel nach dem Mittagessen oder nach Vereinbarung statt. Der Check-out erfolgt um 11:00 Uhr am Abreisetag. <a href=\"https:\/\/carlstenssoldathotell.se\/de\/geschichte-der-festung-carlsten\/\">Mehr \u00fcber die Geschichte des Hotels k\u00f6nnen Sie hier lesen<\/a>.    <\/p>\n<p>&nbsp;<\/p>\n<h4> <\/h4>\n<\/div>\n<\/div><\/div><\/div><div id=\"pgc-1861-1-1\"  class=\"panel-grid-cell\" ><div id=\"panel-1861-1-1-0\" class=\"so-panel widget widget_sow-editor panel-first-child panel-last-child\" data-index=\"3\" ><div\n\t\t\t\n\t\t\tclass=\"so-widget-sow-editor so-widget-sow-editor-base\"\n\t\t\t\n\t\t>\n<div class=\"siteorigin-widget-tinymce textwidget\">\n\t<h4>Preise:<\/h4>\n<p>Im Preis inbegriffen sind Bettw\u00e4sche, Handt\u00fccher und Endreinigung sowie freier Zugang zum Festungsgel\u00e4nde.  <a href=\"https:\/\/carlstenssoldathotell.se\/project\/priser\/\">Um unsere Unterkunftspreise zu sehen, klicken Sie hier.<\/a><\/p>\n<p>[button url=\"https:\/\/carlstenssoldathotell.se\/project\/boka\/\" target=\"_top\" label=\"Ein Zimmer buchen \"\"]<\/p>\n<\/div>\n<\/div><\/div><\/div><\/div><\/div>","protected":false},"excerpt":{"rendered":"<p>Sie wohnen im Donjonen oder Kommendanthuset. In diesen Geb\u00e4uden aus dem 18. Jahrhundert wohnen Sie in unseren charmanten Zimmern mit Blick auf<br \/>\nMarstrand und das Meer, so wie es Tausende von Soldaten im Laufe der Jahre getan haben. <\/p>\n","protected":false},"author":1,"featured_media":1799,"parent":0,"menu_order":0,"comment_status":"closed","ping_status":"closed","template":"page-full-width.php","meta":{"ngg_post_thumbnail":0,"footnotes":""},"class_list":["post-1861","page","type-page","status-publish","has-post-thumbnail","hentry"],"_links":{"self":[{"href":"https:\/\/carlstenssoldathotell.se\/de\/wp-json\/wp\/v2\/pages\/1861","targetHints":{"allow":["GET"]}}],"collection":[{"href":"https:\/\/carlstenssoldathotell.se\/de\/wp-json\/wp\/v2\/pages"}],"about":[{"href":"https:\/\/carlstenssoldathotell.se\/de\/wp-json\/wp\/v2\/types\/page"}],"author":[{"embeddable":true,"href":"https:\/\/carlstenssoldathotell.se\/de\/wp-json\/wp\/v2\/users\/1"}],"replies":[{"embeddable":true,"href":"https:\/\/carlstenssoldathotell.se\/de\/wp-json\/wp\/v2\/comments?post=1861"}],"version-history":[{"count":0,"href":"https:\/\/carlstenssoldathotell.se\/de\/wp-json\/wp\/v2\/pages\/1861\/revisions"}],"wp:featuredmedia":[{"embeddable":true,"href":"https:\/\/carlstenssoldathotell.se\/de\/wp-json\/wp\/v2\/media\/1799"}],"wp:attachment":[{"href":"https:\/\/carlstenssoldathotell.se\/de\/wp-json\/wp\/v2\/media?parent=1861"}],"curies":[{"name":"wp","href":"https:\/\/api.w.org\/{rel}","templated":true}]}}