{"id":1860,"date":"2013-04-01T08:00:53","date_gmt":"2013-04-01T07:00:53","guid":{"rendered":"https:\/\/carlstenssoldathotell.se\/geschichte-der-festung-carlsten\/"},"modified":"2013-04-01T08:00:53","modified_gmt":"2013-04-01T07:00:53","slug":"geschichte-der-festung-carlsten","status":"publish","type":"page","link":"https:\/\/carlstenssoldathotell.se\/de\/geschichte-der-festung-carlsten\/","title":{"rendered":"Geschichte der Festung Carlsten"},"content":{"rendered":"<p><a href=\"https:\/\/carlstenssoldathotell.se\/wp-content\/uploads\/2012\/11\/festningen_sidan.jpg\"><img fetchpriority=\"high\" decoding=\"async\" class=\"alignnone size-full wp-image-57\" title=\"festung_seite\" src=\"https:\/\/carlstenssoldathotell.se\/wp-content\/uploads\/2012\/11\/festningen_sidan.jpg\" alt=\"\" width=\"734\" height=\"340\" srcset=\"https:\/\/carlstenssoldathotell.se\/wp-content\/uploads\/2012\/11\/festningen_sidan.jpg 734w, https:\/\/carlstenssoldathotell.se\/wp-content\/uploads\/2012\/11\/festningen_sidan-300x138.jpg 300w\" sizes=\"(max-width: 734px) 100vw, 734px\" \/><\/a><\/p>\n<h2>\u00dcber die Festung Carlsten<\/h2>\n<blockquote><p>Ganz oben auf der Insel Marstrand ragt die Festung Carlsten hervor. Seit mehr als 300 Jahren besch\u00fctzt dieser m\u00e4chtige W\u00e4chter die kleine Holzstadt darunter. Heute ist die Festung ein fesselndes Gesamterlebnis jenseits des Gew\u00f6hnlichen. Willkommen bei der gr\u00f6\u00dften Attraktion von Marstrand.   <\/p><\/blockquote>\n<p>[one_half]<\/p>\n<h4>Der Bau der Festung<\/h4>\n<p>Im Frieden von Roskilde im Jahr 1658 wurde Bohusl\u00e4n und damit auch Marstrand schwedisch. Die Stadt war schon lange ein wichtiges Handelszentrum. Da der Hafen selten zufriert, war ein Teil der westschwedischen Flotte hier stationiert. Um Marstrand zu verteidigen, beschloss Carl X. Gustav, eine Festung auf dem h\u00f6chsten Punkt der Insel zu errichten. Zun\u00e4chst wurden ein quadratischer Turm und Mauern um einen kleinen Innenhof herum gebaut. In den 1680er Jahren wurde die Festung verst\u00e4rkt, indem der Turm runder und h\u00f6her gebaut und die Mauern erh\u00f6ht wurden. Anfang des 18. Jahrhunderts wurden die W\u00e4lle, die den gro\u00dfen Innenhof umschlossen, fertiggestellt. Im 18. und 19. Jahrhundert wurden die \u00e4u\u00dferen Teile gebaut. 1860 wurde die Festung als fertiggestellt gemeldet.        <\/p>\n<h4>Gefangene bei Carlsten<\/h4>\n<p>Das Schleppen von Steinen zum Bau der Festung war harte Arbeit. Um gen\u00fcgend Arbeitskr\u00e4fte zu bekommen, wurde eine neue Strafe in das schwedische Gesetz aufgenommen: die &#8218;Marstrand-Arbeit&#8216;. Kriminelle wurden aus dem ganzen Land geholt, um als Arbeitskr\u00e4fte eingesetzt zu werden. Darunter waren M\u00f6rder, schwere Diebe, Geldf\u00e4lscher und Vergewaltiger, aber auch einfachere Verbrecher wie kleine Diebe und Landstreicher. Die Strafen reichten von einigen Jahren bis zu lebenslanger Haft.    <\/p>\n<p>Um Ausbr\u00fcche zu verhindern, wurde den Gefangenen eine zwei Kilogramm schwere Eisenkugel mit einer Kette um einen Kn\u00f6chel gelegt. Schwierigen und ausbruchsgef\u00e4hrdeten Gefangenen konnte eine &#8218;Eisenkrone&#8216; aufgesetzt werden, eine Fessel, die bis zu 36 kg wiegen konnte. Die harte Arbeit und die schlechten Lebensbedingungen f\u00fchrten zu einer hohen Sterblichkeitsrate. In manchen Wintern starben bis zu 20 Prozent der Gefangenen. Die Arbeit auf Marstrand wurde 1854 abgeschafft und die meisten Gefangenen wurden nach G\u00f6teborg verlegt.    [\/one_half][one_half_last]<\/p>\n<h4>Lasse-Maja<\/h4>\n<p>Der ber\u00fchmteste Gefangene der Festung Carlsten war Lasse-Maja. Sein richtiger Name war Lars Larsson Molin und er stammte aus der Region Arboga. Lasse-Maja war ein erfolgreicher Dieb. Indem er sich als Frau verkleidete, gelang es ihm, dem Gesetz lange Zeit zu entgehen. Schlie\u00dflich wurde er jedoch gefasst und 1813 zu einer lebenslangen Haftstrafe in Marstrand verurteilt. Dank der Kochk\u00fcnste, die er als &#8218;Frau&#8216; erlernt hatte, verb\u00fc\u00dfte Lasse-Maja einen Gro\u00dfteil seiner Strafe als Koch. Im Jahr 1839, nach 26 Jahren Haft in Carlsten, wurde er von K\u00f6nig Karl XIV. begnadigt.      <\/p>\n<h4>Angriff auf die Festung<\/h4>\n<p>Die Festung Carlsten wurde zweimal angegriffen, und beide Male fiel die Festung in die H\u00e4nde der Angreifer. Im Jahr 1677 wurde Carlsten von Gyldenl\u00f6we, dem d\u00e4nischen Gouverneur von Norwegen, eingenommen. 1719 eroberte der norwegische Admiral Tordenskjold die Festung.<br \/>\nBeide Male gewannen die Schweden Carlsten durch Verhandlungen und Frieden zur\u00fcck. 1882 wurde die Festung als milit\u00e4rische Anlage abgebaut.   <\/p>\n<h4>Website der Festung Carlsten<\/h4>\n<h4><a title=\"Website der Festung Carlsten\" href=\"http:\/\/www.carlsten.se\" target=\"_blank\"><img decoding=\"async\" class=\"size-full wp-image-432\" style=\"padding-right:20px;\" src=\"https:\/\/carlstenssoldathotell.se\/wp-content\/uploads\/2012\/11\/carlsten.se-hemsida.png\" alt=\"\" width=\"200\" height=\"191\" align=\"left\"><\/a><\/h4>\n<p style=\"text-align: left;\">Carlstens F\u00e4sting hat auch eine eigene sch\u00f6ne Website mit vielen Informationen \u00fcber das Restaurant, die Konferenz und die Festung. Klicken Sie einfach auf <a href=\"http:\/\/www.carlsten.se\" target=\"_blank\">www.carlsten.se<\/a><br \/>\n[\/one_half_last]<\/p>\n","protected":false},"excerpt":{"rendered":"<p>\u00dcber die Festung Carlsten Ganz oben auf der Insel Marstrand ragt die Festung Carlsten hervor. Seit mehr als 300 Jahren besch\u00fctzt dieser m\u00e4chtige W\u00e4chter die kleine Holzstadt darunter. Heute ist die Festung ein fesselndes Gesamterlebnis jenseits des Gew\u00f6hnlichen. Willkommen bei der gr\u00f6\u00dften Attraktion von Marstrand. [one_half] Der Bau der Festung Im Frieden von Roskilde im [&hellip;]<\/p>\n","protected":false},"author":1,"featured_media":0,"parent":0,"menu_order":0,"comment_status":"closed","ping_status":"closed","template":"page-full-width.php","meta":{"ngg_post_thumbnail":0,"footnotes":""},"class_list":["post-1860","page","type-page","status-publish","hentry"],"_links":{"self":[{"href":"https:\/\/carlstenssoldathotell.se\/de\/wp-json\/wp\/v2\/pages\/1860","targetHints":{"allow":["GET"]}}],"collection":[{"href":"https:\/\/carlstenssoldathotell.se\/de\/wp-json\/wp\/v2\/pages"}],"about":[{"href":"https:\/\/carlstenssoldathotell.se\/de\/wp-json\/wp\/v2\/types\/page"}],"author":[{"embeddable":true,"href":"https:\/\/carlstenssoldathotell.se\/de\/wp-json\/wp\/v2\/users\/1"}],"replies":[{"embeddable":true,"href":"https:\/\/carlstenssoldathotell.se\/de\/wp-json\/wp\/v2\/comments?post=1860"}],"version-history":[{"count":0,"href":"https:\/\/carlstenssoldathotell.se\/de\/wp-json\/wp\/v2\/pages\/1860\/revisions"}],"wp:attachment":[{"href":"https:\/\/carlstenssoldathotell.se\/de\/wp-json\/wp\/v2\/media?parent=1860"}],"curies":[{"name":"wp","href":"https:\/\/api.w.org\/{rel}","templated":true}]}}