{"id":1853,"date":"2014-02-12T05:00:44","date_gmt":"2014-02-12T04:00:44","guid":{"rendered":"https:\/\/carlstenssoldathotell.se\/erleben-sie-die-tauchgewaesser-von-marstrand\/"},"modified":"2014-02-12T05:00:44","modified_gmt":"2014-02-12T04:00:44","slug":"erleben-sie-die-tauchgewaesser-von-marstrand","status":"publish","type":"page","link":"https:\/\/carlstenssoldathotell.se\/de\/erleben-sie-die-tauchgewaesser-von-marstrand\/","title":{"rendered":"Erleben Sie die Tauchgew\u00e4sser von Marstrand"},"content":{"rendered":"<p>[portfolio_slideshow]<\/p>\n<p>[one_half]<\/p>\n<h4>Tauchbasis Marstrand Marina<\/h4>\n<p>Marstrand bietet einige der sch\u00f6nsten Tauchgew\u00e4sser an der Westk\u00fcste. Wir sind stolz darauf, sie mit Ihnen zu teilen! Ausfl\u00fcge f\u00fcr zertifizierte Taucher zu etwa 30 Tauchpl\u00e4tzen, Schnuppertauchg\u00e4nge f\u00fcr diejenigen, die die Unterwasserwelt noch nicht kennen, und Ausbildung nach PADI in Zusammenarbeit mit Kontiki G\u00f6teborg, einem der \u00e4ltesten und renommiertesten Tauchzentren Westschwedens. Kommen Sie und tauchen Sie ein Wochenende mit uns, wir helfen Ihnen mit Unterkunft und &#8222;After-Dive&#8220; nat\u00fcrlich!   <\/p>\n<blockquote><p>Die Idee, eine Tauchbasis mit einer Werft auf Marstrand zu kombinieren, begleitet mich schon lange,<br \/>\n, aber im letzten Winter nahm sie richtig Fahrt auf. Gesagt, getan; Marstrands Dyk &amp; Skeppshandel war geboren! <\/p><\/blockquote>\n<p>Im Shop finden Sie Ausr\u00fcstung von SubGear und anderen bekannten Marken, Luftbef\u00fcllung 200\/300 bar, Verleih von Anz\u00fcgen und Airpacks. Au\u00dferdem bieten wir einen Atemreglerservice und k\u00fcmmern uns um die Pr\u00fcfung Ihrer Gasflaschen. <\/p>\n<p><strong>Ein herzliches Willkommen f\u00fcr Sie!<br \/>\n<\/strong><em>~ Roland Fr\u00f6sing mit Mitarbeitern<\/em><br \/>\n[\/one_half][one_half_last]<\/p>\n<h4>Kontaktieren Sie uns<\/h4>\n<ul>\n<li>T\u00e4gliche Ausfl\u00fcge in der Hochsaison. Begrenzte Anzahl von Pl\u00e4tzen <\/li>\n<li>Telefonische Reservierung: 0303-611 30<\/li>\n<li>E-Mail: <a href=\"mailto:butik@marstrandsmarina.se\">butik@marstrandsmarina.se<\/a><\/li>\n<li>\u00d6ffnungszeiten der Tauchbasis: Mo-Fr 9-18, Sa 9-15<\/li>\n<li>Samstag- und Sonntagsausfl\u00fcge mit mindestens 4 gebuchten Tauchern.<\/li>\n<li>Tauchen Sie auch an Wochentagen nach Vereinbarung. Die Kurse finden den ganzen Herbst \u00fcber statt. <\/li>\n<li>Besuchen Sie die Website des Yachthafens Marstrand f\u00fcr weitere Informationen: <a href=\"http:\/\/www.marstrandsmarina.se\">www.marstrandsmarina.se<\/a><\/li>\n<li>Siehe auch unsere <a href=\"https:\/\/www.facebook.com\/pages\/Marstrands-Dyk-Skeppshandel-AB\/148868051885542\" target=\"_blank\">Facebook-Seite<\/a> f\u00fcr die neuesten Nachrichten!<\/li>\n<\/ul>\n<p><strong><br \/>\n<\/strong>[\/one_half_last]<\/p>\n","protected":false},"excerpt":{"rendered":"<p>Marstrand bietet die sch\u00f6nsten Tauchgew\u00e4sser an der Westk\u00fcste. Wir organisieren Ausfl\u00fcge f\u00fcr zertifizierte Taucher und Schnuppertauchg\u00e4nge! <\/p>\n","protected":false},"author":1,"featured_media":1641,"parent":0,"menu_order":0,"comment_status":"closed","ping_status":"closed","template":"page-full-width.php","meta":{"ngg_post_thumbnail":0,"footnotes":""},"class_list":["post-1853","page","type-page","status-publish","has-post-thumbnail","hentry"],"_links":{"self":[{"href":"https:\/\/carlstenssoldathotell.se\/de\/wp-json\/wp\/v2\/pages\/1853","targetHints":{"allow":["GET"]}}],"collection":[{"href":"https:\/\/carlstenssoldathotell.se\/de\/wp-json\/wp\/v2\/pages"}],"about":[{"href":"https:\/\/carlstenssoldathotell.se\/de\/wp-json\/wp\/v2\/types\/page"}],"author":[{"embeddable":true,"href":"https:\/\/carlstenssoldathotell.se\/de\/wp-json\/wp\/v2\/users\/1"}],"replies":[{"embeddable":true,"href":"https:\/\/carlstenssoldathotell.se\/de\/wp-json\/wp\/v2\/comments?post=1853"}],"version-history":[{"count":0,"href":"https:\/\/carlstenssoldathotell.se\/de\/wp-json\/wp\/v2\/pages\/1853\/revisions"}],"wp:featuredmedia":[{"embeddable":true,"href":"https:\/\/carlstenssoldathotell.se\/de\/wp-json\/wp\/v2\/media\/1641"}],"wp:attachment":[{"href":"https:\/\/carlstenssoldathotell.se\/de\/wp-json\/wp\/v2\/media?parent=1853"}],"curies":[{"name":"wp","href":"https:\/\/api.w.org\/{rel}","templated":true}]}}