{"id":1844,"date":"2016-04-14T11:30:39","date_gmt":"2016-04-14T10:30:39","guid":{"rendered":"https:\/\/carlstenssoldathotell.se\/schlacht-von-carlsten-teambuilding-spiele\/"},"modified":"2016-04-14T11:30:39","modified_gmt":"2016-04-14T10:30:39","slug":"schlacht-von-carlsten-teambuilding-spiele","status":"publish","type":"page","link":"https:\/\/carlstenssoldathotell.se\/de\/schlacht-von-carlsten-teambuilding-spiele\/","title":{"rendered":"Schlacht von Carlsten! &#8211; Teambuilding-Spiele"},"content":{"rendered":"<div id=\"pl-1844\"  class=\"panel-layout\" ><div id=\"pg-1844-0\"  class=\"panel-grid panel-no-style\" ><div id=\"pgc-1844-0-0\"  class=\"panel-grid-cell\" ><div id=\"panel-1844-0-0-0\" class=\"so-panel widget widget_sow-image panel-first-child\" data-index=\"0\" ><div class=\"panel-widget-style panel-widget-style-for-1844-0-0-0\" ><div\n\t\t\t\n\t\t\tclass=\"so-widget-sow-image so-widget-sow-image-default-8b5b6f678277-1844\"\n\t\t\t\n\t\t>\n<div class=\"sow-image-container\">\n\t\t<img fetchpriority=\"high\" \n\tsrc=\"https:\/\/carlstenssoldathotell.se\/wp-content\/uploads\/2018\/03\/slaget_om_carlsten.jpg\" width=\"1300\" height=\"483\" srcset=\"https:\/\/carlstenssoldathotell.se\/wp-content\/uploads\/2018\/03\/slaget_om_carlsten.jpg 1300w, https:\/\/carlstenssoldathotell.se\/wp-content\/uploads\/2018\/03\/slaget_om_carlsten-300x111.jpg 300w, https:\/\/carlstenssoldathotell.se\/wp-content\/uploads\/2018\/03\/slaget_om_carlsten-768x285.jpg 768w, https:\/\/carlstenssoldathotell.se\/wp-content\/uploads\/2018\/03\/slaget_om_carlsten-1024x380.jpg 1024w\" sizes=\"(max-width: 1300px) 100vw, 1300px\" alt=\"Slaget om Carlsten!\" \t\tclass=\"so-widget-image\"\/>\n\t<\/div>\n\n<\/div><\/div><\/div><div id=\"panel-1844-0-0-1\" class=\"so-panel widget widget_sow-editor panel-last-child\" data-index=\"1\" ><div\n\t\t\t\n\t\t\tclass=\"so-widget-sow-editor so-widget-sow-editor-base\"\n\t\t\t\n\t\t>\n<div class=\"siteorigin-widget-tinymce textwidget\">\n\t<h1>Begleiten Sie uns zu einem echten Abenteuer auf der Festung Carlsten!<\/h1>\n<p>Die Schlacht von Carlsten ist eine super lustige Teambuilding-Aktivit\u00e4t. Die verschiedenen Disziplinen werden sowohl in Gruppen als auch einzeln durchgef\u00fchrt. Die Mindestteilnehmerzahl sollte mindestens 20 Personen betragen und ist sowohl f\u00fcr Privatpersonen als auch f\u00fcr Unternehmen geeignet. <em>Die Schlacht von Carlsten<\/em> ist in verschiedenen Varianten und Preiskategorien erh\u00e4ltlich. Medaille f\u00fcr das Siegerteam!   <\/p>\n<\/div>\n<\/div><\/div><\/div><\/div><div id=\"pg-1844-1\"  class=\"panel-grid panel-no-style\" ><div id=\"pgc-1844-1-0\"  class=\"panel-grid-cell panel-grid-cell-empty\" ><\/div><div id=\"pgc-1844-1-1\"  class=\"panel-grid-cell\" ><div id=\"panel-1844-1-1-0\" class=\"so-panel widget widget_sow-editor panel-first-child panel-last-child\" data-index=\"2\" ><div class=\"hide panel-widget-style panel-widget-style-for-1844-1-1-0\" ><div\n\t\t\t\n\t\t\tclass=\"so-widget-sow-editor so-widget-sow-editor-base\"\n\t\t\t\n\t\t><h3 class=\"widget-title\">Metta Fock<\/h3>\n<div class=\"siteorigin-widget-tinymce textwidget\">\n\t<div class=\"siteorigin-widget-tinymce textwidget\">\n<p><em>Metta Fock ist eine Variante der Schlacht von Carlsten:<\/em><\/p>\n<p><strong>Dauer:<\/strong> 1-1,5 Stunden<br \/><strong>Preis:<\/strong> 195 SEK\/Person<\/p>\n<\/div>\n<\/div>\n<\/div><\/div><\/div><\/div><div id=\"pgc-1844-1-2\"  class=\"panel-grid-cell\" ><div id=\"panel-1844-1-2-0\" class=\"so-panel widget widget_sow-editor panel-first-child panel-last-child\" data-index=\"3\" ><div class=\"hide panel-widget-style panel-widget-style-for-1844-1-2-0\" ><div\n\t\t\t\n\t\t\tclass=\"so-widget-sow-editor so-widget-sow-editor-base\"\n\t\t\t\n\t\t><h3 class=\"widget-title\">Thunderbolt<\/h3>\n<div class=\"siteorigin-widget-tinymce textwidget\">\n\t<div class=\"siteorigin-widget-tinymce textwidget\">\n<p><em>Tordenskjold ist eine Variante der Schlacht von Carlsten:<\/em><\/p>\n<p><strong>Dauer:<\/strong> 2-2,5 Stunden<br \/><strong>Preis: <\/strong>275 SEK\/Person<\/p>\n<\/div>\n<\/div>\n<\/div><\/div><\/div><\/div><\/div><div id=\"pg-1844-2\"  class=\"panel-grid panel-no-style\" ><div id=\"pgc-1844-2-0\"  class=\"panel-grid-cell\" ><div id=\"panel-1844-2-0-0\" class=\"so-panel widget widget_sow-editor panel-first-child\" data-index=\"4\" ><div class=\"panel-widget-style panel-widget-style-for-1844-2-0-0\" ><div\n\t\t\t\n\t\t\tclass=\"so-widget-sow-editor so-widget-sow-editor-base\"\n\t\t\t\n\t\t><h3 class=\"widget-title\">Lasse-Maja<\/h3>\n<div class=\"siteorigin-widget-tinymce textwidget\">\n\t<div class=\"siteorigin-widget-tinymce textwidget\">\n<p><em>W\u00e4hrend dieser Zeit machen wir so viele \u00dcbungen, wie wir k\u00f6nnen. Es gibt sowohl Gruppen\u00fcbungen als auch individuelle \u00dcbungen. <\/em><\/p>\n<p><strong>Zeit:<\/strong> 1,5-2 Stunden<br \/><strong>Preis:<\/strong> 225 SEK\/Person inklusive Medaille f\u00fcr das Siegerteam<\/p>\n<\/div>\n<\/div>\n<\/div><\/div><\/div><div id=\"panel-1844-2-0-1\" class=\"so-panel widget widget_sow-editor panel-last-child\" data-index=\"5\" ><div\n\t\t\t\n\t\t\tclass=\"so-widget-sow-editor so-widget-sow-editor-base\"\n\t\t\t\n\t\t>\n<div class=\"siteorigin-widget-tinymce textwidget\">\n\t<h4>Kontaktieren Sie uns f\u00fcr Buchungen und Anfragen!<\/h4>\n<p><strong>Telefon:<\/strong> 0303-602 65<br \/> <strong>E-Mail:<\/strong> <a href=\"mailto:cs@carlsten.se\">cs@carlsten.se<\/a><\/p>\n<\/div>\n<\/div><\/div><\/div><\/div><\/div>","protected":false},"excerpt":{"rendered":"<p>Begleiten Sie uns zu einem echten Abenteuer auf der Festung Carlsten! Die Schlacht von Carlsten ist eine super lustige Teambuilding-Aktivit\u00e4t. Die verschiedenen Disziplinen werden sowohl in Gruppen als auch einzeln durchgef\u00fchrt. Die Mindestteilnehmerzahl sollte mindestens 20 Personen betragen und ist sowohl f\u00fcr Privatpersonen als auch f\u00fcr Unternehmen geeignet. Die Schlacht von Carlsten ist in verschiedenen [&hellip;]<\/p>\n","protected":false},"author":1,"featured_media":0,"parent":0,"menu_order":0,"comment_status":"closed","ping_status":"closed","template":"page-full-width.php","meta":{"ngg_post_thumbnail":0,"footnotes":""},"class_list":["post-1844","page","type-page","status-publish","hentry"],"_links":{"self":[{"href":"https:\/\/carlstenssoldathotell.se\/de\/wp-json\/wp\/v2\/pages\/1844","targetHints":{"allow":["GET"]}}],"collection":[{"href":"https:\/\/carlstenssoldathotell.se\/de\/wp-json\/wp\/v2\/pages"}],"about":[{"href":"https:\/\/carlstenssoldathotell.se\/de\/wp-json\/wp\/v2\/types\/page"}],"author":[{"embeddable":true,"href":"https:\/\/carlstenssoldathotell.se\/de\/wp-json\/wp\/v2\/users\/1"}],"replies":[{"embeddable":true,"href":"https:\/\/carlstenssoldathotell.se\/de\/wp-json\/wp\/v2\/comments?post=1844"}],"version-history":[{"count":0,"href":"https:\/\/carlstenssoldathotell.se\/de\/wp-json\/wp\/v2\/pages\/1844\/revisions"}],"wp:attachment":[{"href":"https:\/\/carlstenssoldathotell.se\/de\/wp-json\/wp\/v2\/media?parent=1844"}],"curies":[{"name":"wp","href":"https:\/\/api.w.org\/{rel}","templated":true}]}}