{"id":1843,"date":"2014-02-12T08:00:53","date_gmt":"2014-02-12T07:00:53","guid":{"rendered":"https:\/\/carlstenssoldathotell.se\/geschichte-des-hotels-soldat\/"},"modified":"2014-02-12T08:00:53","modified_gmt":"2014-02-12T07:00:53","slug":"geschichte-des-hotels-soldat","status":"publish","type":"page","link":"https:\/\/carlstenssoldathotell.se\/de\/geschichte-des-hotels-soldat\/","title":{"rendered":"Geschichte des Hotels Soldat"},"content":{"rendered":"<p><img decoding=\"async\" src=\"https:\/\/carlstenssoldathotell.se\/wp-content\/uploads\/2012\/11\/kommendanthuset.jpg\" alt=\"\"><\/p>\n<p>[one_half]<\/p>\n<blockquote><p>Die robusten Mauern von Carlsten umschlie\u00dfen das Donjonen und das Kommendanthuset. In diesen Geb\u00e4uden aus dem 18. Jahrhundert werden Sie in unseren charmanten Zimmern mit Blick auf Marstrand und das Meer \u00fcbernachten, so wie es Tausende von Soldaten im Laufe der Jahre getan haben. <\/p><\/blockquote>\n<h2><\/h2>\n<h4>Das Haus des Kommandanten<\/h4>\n<p>Erbaut im Jahr 1775. Wurde f\u00fcr Offiziere und besondere Gefangene, einschlie\u00dflich politischer Gefangener, verwendet. Gefangene, die nicht der aktuellen Regierung angeh\u00f6rten, wurden in der Regel inhaftiert, damit sie die aktuelle Regierung nicht beeinflussen konnten. Ein solcher Gefangener hatte zwei Zimmer, im Gegensatz zu den anderen Gefangenen, die bis zu 30 Mann in jeder Zelle hatten. Sogar der Todestrakt, in dem die Gefangenen die letzte Nacht vor ihrer Hinrichtung verbrachten, befand sich in diesem Geb\u00e4ude.<br \/>\nMetta-Charlotta war die einzige weibliche Gefangene in Carlsten, wo sie des Mordes an ihrem Mann und ihren Kindern beschuldigt wurde. Sie wurde 1806 zur Beichte vorgef\u00fchrt und gestand 1809 die Morde. Sie wurde zum Tode verurteilt und 1810 hingerichtet. Die Autorin Ann Rosman hat ein Buch \u00fcber Mettas Leben geschrieben (Mercurium).      <\/p>\n<p>Auch der Kommandant von Carlsten wohnte in diesem Haus. Der erste Kommandant war Johan W\u00e4nsch\u00f6ld und der letzte ist Eiwe Swanberg, der immer noch ein st\u00e4ndiger Bewohner des Kommendantshuset ist. Im Jahr 2013 wurden sieben neue Hotelzimmer im Erdgeschoss des Kommendantshuset renoviert.  <\/p>\n<p>[\/one_half]<\/p>\n<p>[one_half_last]<\/p>\n<h4>Der Donjon<\/h4>\n<p><img fetchpriority=\"high\" decoding=\"async\" class=\"alignnone size-full wp-image-521\" style=\"line-height: 1.5em;\" title=\"der Donjon\" src=\"https:\/\/carlstenssoldathotell.se\/wp-content\/uploads\/2012\/11\/donjonen.jpg\" alt=\"\" width=\"950\" height=\"505\" srcset=\"https:\/\/carlstenssoldathotell.se\/wp-content\/uploads\/2012\/11\/donjonen.jpg 950w, https:\/\/carlstenssoldathotell.se\/wp-content\/uploads\/2012\/11\/donjonen-300x159.jpg 300w\" sizes=\"(max-width: 950px) 100vw, 950px\" \/><\/p>\n<p>Der Donjon wurde als Unterkunft f\u00fcr Soldaten genutzt, wobei maximal 600 M\u00e4nner in H\u00e4ngematten auf dem Dach lebten. Es gab dort auch Kanonen, die nach S\u00fcden ausgerichtet waren. Heute gibt es 15 Zimmer, Hotelzimmer, Konferenzr\u00e4ume, eine K\u00fcche und einen Gemeinschaftsraum. Carlsten hatte seine eigene Garnison 1658-1882. Bis 1993, als das National Property Board die Verwaltung von Carlsten \u00fcbernahm, war es milit\u00e4risch genutzt, mit einer Radarstation im gro\u00dfen Turm.     <\/p>\n<p>Carlsten bietet heute ein gro\u00dfes Restaurant, Konferenzen, F\u00fchrungen und Veranstaltungen. Das Gesch\u00e4ft ist das ganze Jahr \u00fcber ge\u00f6ffnet. <\/p>\n<p>[\/one_half_last]<\/p>\n<p>&nbsp;<\/p>\n<h2 style=\"text-align: center;\">Sehen Sie sich den Film \u00fcber das Soldat Hotel an!<\/h2>\n<p><iframe width=\"1080\" height=\"608\" src=\"https:\/\/www.youtube.com\/embed\/TL-Dm7FCo_E?rel=0&amp;showinfo=0\" frameborder=\"0\" allowfullscreen=\"\"><\/iframe><\/p>\n<p>&nbsp;<\/p>\n","protected":false},"excerpt":{"rendered":"<p>Die Geschichte von Soldathotellet auf Marstrand begann im Jahr 1658.<\/p>\n","protected":false},"author":1,"featured_media":1557,"parent":0,"menu_order":0,"comment_status":"closed","ping_status":"closed","template":"page-full-width.php","meta":{"ngg_post_thumbnail":0,"footnotes":""},"class_list":["post-1843","page","type-page","status-publish","has-post-thumbnail","hentry"],"_links":{"self":[{"href":"https:\/\/carlstenssoldathotell.se\/de\/wp-json\/wp\/v2\/pages\/1843","targetHints":{"allow":["GET"]}}],"collection":[{"href":"https:\/\/carlstenssoldathotell.se\/de\/wp-json\/wp\/v2\/pages"}],"about":[{"href":"https:\/\/carlstenssoldathotell.se\/de\/wp-json\/wp\/v2\/types\/page"}],"author":[{"embeddable":true,"href":"https:\/\/carlstenssoldathotell.se\/de\/wp-json\/wp\/v2\/users\/1"}],"replies":[{"embeddable":true,"href":"https:\/\/carlstenssoldathotell.se\/de\/wp-json\/wp\/v2\/comments?post=1843"}],"version-history":[{"count":0,"href":"https:\/\/carlstenssoldathotell.se\/de\/wp-json\/wp\/v2\/pages\/1843\/revisions"}],"wp:featuredmedia":[{"embeddable":true,"href":"https:\/\/carlstenssoldathotell.se\/de\/wp-json\/wp\/v2\/media\/1557"}],"wp:attachment":[{"href":"https:\/\/carlstenssoldathotell.se\/de\/wp-json\/wp\/v2\/media?parent=1843"}],"curies":[{"name":"wp","href":"https:\/\/api.w.org\/{rel}","templated":true}]}}