{"id":1838,"date":"2015-08-10T08:26:03","date_gmt":"2015-08-10T07:26:03","guid":{"rendered":"https:\/\/carlstenssoldathotell.se\/allgemeine-geschaeftsbedingungen-und-stornierungsbedingungen\/"},"modified":"2015-08-10T08:26:03","modified_gmt":"2015-08-10T07:26:03","slug":"allgemeine-geschaeftsbedingungen-und-stornierungsbedingungen","status":"publish","type":"page","link":"https:\/\/carlstenssoldathotell.se\/de\/allgemeine-geschaeftsbedingungen-und-stornierungsbedingungen\/","title":{"rendered":"Allgemeine Gesch\u00e4ftsbedingungen und Stornierungsbedingungen"},"content":{"rendered":"<div id=\"pl-1838\"  class=\"panel-layout\" ><div id=\"pg-1838-0\"  class=\"panel-grid panel-no-style\" ><div id=\"pgc-1838-0-0\"  class=\"panel-grid-cell panel-grid-cell-empty\" ><\/div><div id=\"pgc-1838-0-1\"  class=\"panel-grid-cell panel-grid-cell-mobile-last\" ><div id=\"panel-1838-0-1-0\" class=\"so-panel widget widget_sow-editor panel-first-child panel-last-child\" data-index=\"0\" ><div\n\t\t\t\n\t\t\tclass=\"so-widget-sow-editor so-widget-sow-editor-base\"\n\t\t\t\n\t\t>\n<div class=\"siteorigin-widget-tinymce textwidget\">\n\t<h4>&nbsp;<\/h4>\n<h2>In der Zimmerbuchung inbegriffen:<\/h2>\n<p>&nbsp;<\/p>\n<ul>\n<li>Die Zimmerpreise beinhalten Bettw\u00e4sche, Handt\u00fccher und Fr\u00fchst\u00fcck.<\/li>\n<li>F\u00fcr unsere Hotelg\u00e4ste sind der freie Zugang zum Festungsgel\u00e4nde und F\u00fchrungen vom 1. Juni bis 31. August inbegriffen (zu anderen Zeiten m\u00fcssen F\u00fchrungen vereinbart werden: 0303-611 67).<\/li>\n<li>Als Einwohner von Soldathotellet haben Sie Ihren eigenen Schl\u00fcssel zum m\u00e4chtigen Festungstor von Carlsten. Alle Preise enthalten die Mehrwertsteuer und sind g\u00fcltig bis 2025-12-31 <\/li>\n<\/ul>\n<h2>&nbsp;<\/h2>\n<h2>Buchungsregeln &amp; Check-in:<\/h2>\n<p>&nbsp;<\/p>\n<ul>\n<li>Buchungen, die \u00fcber <a href=\"https:\/\/carlstenssoldathotell.se\/project\/boka\/\" target=\"_blank\" rel=\"noopener noreferrer\">das Buchungsformular auf der Website <\/a>get\u00e4tigt werden, sind erst g\u00fcltig, wenn Sie von uns eine Buchungsbest\u00e4tigung an die von Ihnen angegebene E-Mail-Adresse erhalten haben.<br \/><strong>HINWEIS!<\/strong> Bei einigen E-Mail-Programmen kann die Best\u00e4tigung als Spam markiert sein. Bitte \u00fcberpr\u00fcfen Sie Ihren Spam-Ordner, wenn Sie die Best\u00e4tigung nicht erhalten haben.<\/li>\n<li>Check-in zwischen 14.00-18.00 Uhr, sofern nichts anderes vereinbart wurde.<\/li>\n<li>Das Mindestalter f\u00fcr den Check-in betr\u00e4gt 20 Jahre (gilt nicht f\u00fcr die Unterbringung in Begleitung eines Elternteils oder Erziehungsberechtigten)<\/li>\n<li>Buchungen f\u00fcr Junggesellen- oder Junggesellinnenabschiede m\u00fcssen mit dem Personal von Carlstens Soldathotell abgesprochen werden. Bitte teilen Sie uns dies vor der Buchung auf der Website per Telefon oder E-Mail mit.<\/li>\n<\/ul>\n<h2>&nbsp;<\/h2>\n<h2>Stornierungsbedingungen f\u00fcr Einzelzimmer (1-4 Zimmer):<\/h2>\n<p>&nbsp;<\/p>\n<ul>\n<li>Die Stornierung eines Zimmers muss mindestens 48 Stunden vor dem gebuchten Termin erfolgen, andernfalls wird der Zimmerpreis in Rechnung gestellt.<\/li>\n<\/ul>\n<h2>&nbsp;<\/h2>\n<h2>Stornierungsbedingungen f\u00fcr Gruppenbuchungen (5 Zimmer oder mehr):<\/h2>\n<p>&nbsp;<\/p>\n<ul>\n<li>Die Stornierung von 5 oder mehr Zimmern muss mindestens 1 Woche vor dem gebuchten Termin erfolgen.<\/li>\n<\/ul>\n<\/div>\n<\/div><\/div><\/div><div id=\"pgc-1838-0-2\"  class=\"panel-grid-cell panel-grid-cell-empty\" ><\/div><\/div><\/div>","protected":false},"excerpt":{"rendered":"<p>&nbsp; In der Zimmerbuchung inbegriffen: &nbsp; Die Zimmerpreise beinhalten Bettw\u00e4sche, Handt\u00fccher und Fr\u00fchst\u00fcck. F\u00fcr unsere Hotelg\u00e4ste sind der freie Zugang zum Festungsgel\u00e4nde und F\u00fchrungen vom 1. Juni bis 31. August inbegriffen (zu anderen Zeiten m\u00fcssen F\u00fchrungen vereinbart werden: 0303-611 67). Als Einwohner von Soldathotellet haben Sie Ihren eigenen Schl\u00fcssel zum m\u00e4chtigen Festungstor von Carlsten. Alle [&hellip;]<\/p>\n","protected":false},"author":1,"featured_media":0,"parent":0,"menu_order":0,"comment_status":"closed","ping_status":"closed","template":"page-full-width.php","meta":{"ngg_post_thumbnail":0,"footnotes":""},"class_list":["post-1838","page","type-page","status-publish","hentry"],"_links":{"self":[{"href":"https:\/\/carlstenssoldathotell.se\/de\/wp-json\/wp\/v2\/pages\/1838","targetHints":{"allow":["GET"]}}],"collection":[{"href":"https:\/\/carlstenssoldathotell.se\/de\/wp-json\/wp\/v2\/pages"}],"about":[{"href":"https:\/\/carlstenssoldathotell.se\/de\/wp-json\/wp\/v2\/types\/page"}],"author":[{"embeddable":true,"href":"https:\/\/carlstenssoldathotell.se\/de\/wp-json\/wp\/v2\/users\/1"}],"replies":[{"embeddable":true,"href":"https:\/\/carlstenssoldathotell.se\/de\/wp-json\/wp\/v2\/comments?post=1838"}],"version-history":[{"count":0,"href":"https:\/\/carlstenssoldathotell.se\/de\/wp-json\/wp\/v2\/pages\/1838\/revisions"}],"wp:attachment":[{"href":"https:\/\/carlstenssoldathotell.se\/de\/wp-json\/wp\/v2\/media?parent=1838"}],"curies":[{"name":"wp","href":"https:\/\/api.w.org\/{rel}","templated":true}]}}