{"id":1834,"date":"2016-09-22T02:00:59","date_gmt":"2016-09-22T01:00:59","guid":{"rendered":"https:\/\/carlstenssoldathotell.se\/gefuehrte-besichtigungen-der-festung\/"},"modified":"2016-09-22T02:00:59","modified_gmt":"2016-09-22T01:00:59","slug":"gefuehrte-besichtigungen-der-festung","status":"publish","type":"page","link":"https:\/\/carlstenssoldathotell.se\/de\/gefuehrte-besichtigungen-der-festung\/","title":{"rendered":"Gef\u00fchrte Besichtigungen der Festung"},"content":{"rendered":"<p><img fetchpriority=\"high\" decoding=\"async\" class=\"alignnone size-full wp-image-57\" alt=\"festung_seite\" src=\"https:\/\/carlstenssoldathotell.se\/wp-content\/uploads\/2012\/11\/festningen_sidan.jpg\" width=\"734\" height=\"340\" srcset=\"https:\/\/carlstenssoldathotell.se\/wp-content\/uploads\/2012\/11\/festningen_sidan.jpg 734w, https:\/\/carlstenssoldathotell.se\/wp-content\/uploads\/2012\/11\/festningen_sidan-300x138.jpg 300w\" sizes=\"(max-width: 734px) 100vw, 734px\" \/><\/p>\n<p>&nbsp;<\/p>\n<h3>Das ganze Jahr \u00fcber organisieren wir F\u00fchrungen und Festungsspiele!<\/h3>\n<p>In der Zeit vom 1. Juni bis 31. August bieten wir regelm\u00e4\u00dfig F\u00fchrungen auf der Festung Carlsten an. Aber auch w\u00e4hrend des restlichen Jahres k\u00f6nnen wir nat\u00fcrlich spannende F\u00fchrungen und Festungsspiele nach Wunsch arrangieren. Wenn Sie die Festung auf eigene Faust entdecken m\u00f6chten, k\u00f6nnen Sie das nat\u00fcrlich auch tun.  <\/p>\n<p>&nbsp;<\/p>\n<h3>Festung Spiele<\/h3>\n<p>Wir veranstalten mehrere verschiedene historische Festungsspiele. Alles von einem F\u00fchrer in historischer Uniform bis hin zu gro\u00dfen Festungsspielen mit Musketen, Kanonen, Trommlern und marschierenden Soldaten. Preise und weitere Informationen zu den Festungsspielen erhalten Sie telefonisch oder per E-Mail:  <\/p>\n<p>Tel 0303-611 67 | E-mail: <a href=\"mailto:info@carlsten.se\">info@carlsten.se<\/a> | Preise und weitere Informationen unter: <a href=\"http:\/\/www.carlsten.se\" target=\"_blank\">www.carlsten.se<\/a><\/p>\n<p>&nbsp;<\/p>\n<h3>Datum Offen Gef\u00fchrte Touren<\/h3>\n<ul>\n<li>1. Juni &#8211; 21. Juni T\u00e4glich 11.00 &#8211; 16.00 12.00, 14.00, 15.00<\/li>\n<li>23. Juni &#8211; 31. Juli T\u00e4glich 11.00 &#8211; 18.00 12.00, 14.00, 15.00, 16.00<\/li>\n<li>1 Aug &#8211; 31 Aug T\u00e4glich 11.00 &#8211; 16.00 12.00, 14.00, 15.00<\/li>\n<li>1 Sep &#8211; 31 Mai W\u00e4hrend dieser Zeit ist die Festung an den meisten Wochentagen und Wochenenden ge\u00f6ffnet.<\/li>\n<li>Bitte beachten Sie! Bitte informieren Sie sich vor Ihrem Besuch telefonisch \u00fcber die aktuellen \u00d6ffnungszeiten. Tel: oder 0303-611 67  <\/li>\n<\/ul>\n","protected":false},"excerpt":{"rendered":"<p>Das ganze Jahr \u00fcber organisieren wir F\u00fchrungen und Festungsspiele!<\/p>\n","protected":false},"author":1,"featured_media":1547,"parent":0,"menu_order":0,"comment_status":"closed","ping_status":"closed","template":"page-full-width.php","meta":{"ngg_post_thumbnail":0,"footnotes":""},"class_list":["post-1834","page","type-page","status-publish","has-post-thumbnail","hentry"],"_links":{"self":[{"href":"https:\/\/carlstenssoldathotell.se\/de\/wp-json\/wp\/v2\/pages\/1834","targetHints":{"allow":["GET"]}}],"collection":[{"href":"https:\/\/carlstenssoldathotell.se\/de\/wp-json\/wp\/v2\/pages"}],"about":[{"href":"https:\/\/carlstenssoldathotell.se\/de\/wp-json\/wp\/v2\/types\/page"}],"author":[{"embeddable":true,"href":"https:\/\/carlstenssoldathotell.se\/de\/wp-json\/wp\/v2\/users\/1"}],"replies":[{"embeddable":true,"href":"https:\/\/carlstenssoldathotell.se\/de\/wp-json\/wp\/v2\/comments?post=1834"}],"version-history":[{"count":0,"href":"https:\/\/carlstenssoldathotell.se\/de\/wp-json\/wp\/v2\/pages\/1834\/revisions"}],"wp:featuredmedia":[{"embeddable":true,"href":"https:\/\/carlstenssoldathotell.se\/de\/wp-json\/wp\/v2\/media\/1547"}],"wp:attachment":[{"href":"https:\/\/carlstenssoldathotell.se\/de\/wp-json\/wp\/v2\/media?parent=1834"}],"curies":[{"name":"wp","href":"https:\/\/api.w.org\/{rel}","templated":true}]}}