{"id":1832,"date":"2016-09-12T03:00:12","date_gmt":"2016-09-12T02:00:12","guid":{"rendered":"https:\/\/carlstenssoldathotell.se\/gefuehrter-stadtrundgang-marstrand\/"},"modified":"2016-09-12T03:00:12","modified_gmt":"2016-09-12T02:00:12","slug":"gefuehrter-stadtrundgang-marstrand","status":"publish","type":"page","link":"https:\/\/carlstenssoldathotell.se\/de\/gefuehrter-stadtrundgang-marstrand\/","title":{"rendered":"Gef\u00fchrter Stadtrundgang Marstrand"},"content":{"rendered":"<p><img fetchpriority=\"high\" decoding=\"async\" class=\"alignnone size-full wp-image-149\" src=\"https:\/\/carlstenssoldathotell.se\/wp-content\/uploads\/2012\/11\/marstrand-stadsvandring-sommar.jpg\" alt=\"marstrand stadtspaziergang sommer\" width=\"950\" height=\"505\" srcset=\"https:\/\/carlstenssoldathotell.se\/wp-content\/uploads\/2012\/11\/marstrand-stadsvandring-sommar.jpg 950w, https:\/\/carlstenssoldathotell.se\/wp-content\/uploads\/2012\/11\/marstrand-stadsvandring-sommar-300x159.jpg 300w\" sizes=\"(max-width: 950px) 100vw, 950px\" \/><\/p>\n<p>[one_half]<\/p>\n<h4>LasseMaja Fremdenf\u00fchrer<\/h4>\n<p>Benannt nach dem &#8222;ersten&#8220; Fremdenf\u00fchrer auf Marstrand, Lasse-Maja, organisieren und f\u00fchren wir in seinem Sinne F\u00fchrungen und Vortr\u00e4ge durch. Sowohl auf Schwedisch als auch auf Englisch. In der Regel gehen wir durch den bebauten Teil von Marstrand und sprechen \u00fcber alles, von den Urspr\u00fcngen Marstrands bis hin zu dem, wo wir heute sind, sowohl \u00fcber den Krieg, den Heringsfang als auch das gesellschaftliche Leben. Fakten, wichtige Daten und L\u00fcgengeschichten werden in einer wunderbaren Mischung miteinander verwoben. Seit den fr\u00fchen 90er Jahren.    <\/p>\n<blockquote><p>Seit Anfang der 1990er Jahre bietet Putte Hedin seine beliebten F\u00fchrungen f\u00fcr gro\u00dfe und kleine Gruppen durch die historischen Stra\u00dfen und Gassen von Marstrand an. Mit gro\u00dfem Wissen und Einf\u00fchlungsverm\u00f6gen pr\u00e4sentiert er das ganze Jahr \u00fcber Marstrands einzigartige Geschichte sowohl auf Schwedisch als auch auf Englisch. <\/p><\/blockquote>\n<h4>Info &amp; Kontakt f\u00fcr LasseMaja Guiding<\/h4>\n<ul>\n<li>Telefon 0730-66 70 80<\/li>\n<li>E-Mail: putte.hedin@swipnet.se<\/li>\n<li>Preise nach Vereinbarung.<\/li>\n<li>Normale gef\u00fchrte Tour, ca. 1 Stunde.<\/li>\n<li>Gef\u00fchrte Touren mit bis zu 100 Personen\/Gruppe<\/li>\n<li>Das ganze Jahr \u00fcber verf\u00fcgbar!<\/li>\n<li>Website: <a href=\"http:\/\/www.lassemajaguidning.se\" target=\"_blank\">www.lassemajaguidning.se<\/a><\/li>\n<\/ul>\n<p>[\/one_half]<\/p>\n<p>[one_half_last]<\/p>\n<h4>Senden Sie eine Anfrage f\u00fcr eine gef\u00fchrte Tour<\/h4>\n<p><strong><em>Bitte beachten Sie! Dies ist keine Buchung. Sobald ich Ihre Anfrage erhalten habe, werde ich mich mit Ihnen in Verbindung setzen. Wir sprechen uns bald!  <\/em><\/strong><\/p>\n<p>[contact-form-7 id=&#8220;608&#8243; title=&#8220;LasseMaja Guiding (neu 130213)&#8220;]<\/p>\n<p>[\/one_half_last]<\/p>\n","protected":false},"excerpt":{"rendered":"<p>Seit den fr\u00fchen 90er Jahren gibt Putte Hedin seine beliebten F\u00fchrungen.<\/p>\n","protected":false},"author":1,"featured_media":1603,"parent":0,"menu_order":0,"comment_status":"closed","ping_status":"closed","template":"page-full-width.php","meta":{"ngg_post_thumbnail":0,"footnotes":""},"class_list":["post-1832","page","type-page","status-publish","has-post-thumbnail","hentry"],"_links":{"self":[{"href":"https:\/\/carlstenssoldathotell.se\/de\/wp-json\/wp\/v2\/pages\/1832","targetHints":{"allow":["GET"]}}],"collection":[{"href":"https:\/\/carlstenssoldathotell.se\/de\/wp-json\/wp\/v2\/pages"}],"about":[{"href":"https:\/\/carlstenssoldathotell.se\/de\/wp-json\/wp\/v2\/types\/page"}],"author":[{"embeddable":true,"href":"https:\/\/carlstenssoldathotell.se\/de\/wp-json\/wp\/v2\/users\/1"}],"replies":[{"embeddable":true,"href":"https:\/\/carlstenssoldathotell.se\/de\/wp-json\/wp\/v2\/comments?post=1832"}],"version-history":[{"count":0,"href":"https:\/\/carlstenssoldathotell.se\/de\/wp-json\/wp\/v2\/pages\/1832\/revisions"}],"wp:featuredmedia":[{"embeddable":true,"href":"https:\/\/carlstenssoldathotell.se\/de\/wp-json\/wp\/v2\/media\/1603"}],"wp:attachment":[{"href":"https:\/\/carlstenssoldathotell.se\/de\/wp-json\/wp\/v2\/media?parent=1832"}],"curies":[{"name":"wp","href":"https:\/\/api.w.org\/{rel}","templated":true}]}}