{"id":1830,"date":"2021-06-30T12:08:43","date_gmt":"2021-06-30T11:08:43","guid":{"rendered":"https:\/\/carlstenssoldathotell.se\/lagerschule-auf-der-festung-carlsten\/"},"modified":"2021-06-30T12:08:43","modified_gmt":"2021-06-30T11:08:43","slug":"lagerschule-auf-der-festung-carlsten","status":"publish","type":"page","link":"https:\/\/carlstenssoldathotell.se\/de\/lagerschule-auf-der-festung-carlsten\/","title":{"rendered":"Lagerschule auf der Festung Carlsten"},"content":{"rendered":"<div id=\"pl-1830\"  class=\"panel-layout\" ><div id=\"pg-1830-0\"  class=\"panel-grid panel-no-style\" ><div id=\"pgc-1830-0-0\"  class=\"panel-grid-cell\" ><div id=\"panel-1830-0-0-0\" class=\"so-panel widget widget_sow-image panel-first-child\" data-index=\"0\" ><div\n\t\t\t\n\t\t\tclass=\"so-widget-sow-image so-widget-sow-image-default-c67d20f9f743-1830\"\n\t\t\t\n\t\t>\n<div class=\"sow-image-container\">\n\t\t<img fetchpriority=\"high\" \n\tsrc=\"https:\/\/carlstenssoldathotell.se\/wp-content\/uploads\/2014\/02\/vandring-img-f1-02.jpg\" width=\"1300\" height=\"483\" srcset=\"https:\/\/carlstenssoldathotell.se\/wp-content\/uploads\/2014\/02\/vandring-img-f1-02.jpg 1300w, https:\/\/carlstenssoldathotell.se\/wp-content\/uploads\/2014\/02\/vandring-img-f1-02-300x111.jpg 300w, https:\/\/carlstenssoldathotell.se\/wp-content\/uploads\/2014\/02\/vandring-img-f1-02-1024x380.jpg 1024w\" sizes=\"(max-width: 1300px) 100vw, 1300px\" alt=\"\" \t\tclass=\"so-widget-image\"\/>\n\t<\/div>\n\n<\/div><\/div><div id=\"panel-1830-0-0-1\" class=\"so-panel widget widget_sow-editor panel-last-child\" data-index=\"1\" ><div\n\t\t\t\n\t\t\tclass=\"so-widget-sow-editor so-widget-sow-editor-base\"\n\t\t\t\n\t\t>\n<div class=\"siteorigin-widget-tinymce textwidget\">\n\t<h2>F\u00fcr Schulklassen und Sportvereine<\/h2>\n<p>Herzlich willkommen zu einer aufregenden und geschichtstr\u00e4chtigen Camp School auf der Festung Carlsten - Marstrands gr\u00f6\u00dfter Attraktion!<\/p>\n<ul>\n<li>\u00dcbernachten Sie in historischer Umgebung auf der Festung Carlsten auf der Insel Marstrand<\/li>\n<li>Mittags- und Abendbuffets<\/li>\n<li>Unterkunft in Mehrbettzimmern in den R\u00e4umlichkeiten des Donjon aus dem 18.<\/li>\n<\/ul>\n<p><strong>Kontaktieren Sie uns f\u00fcr Buchungen und Fragen \u00fcber die unten stehenden Kontaktdaten:<\/strong><\/p>\n<p>thomas@1860.se<br \/>0709-10 56 01<\/p>\n<p>nina@1860.se<br \/>0739-99 65 49<\/p>\n<p>cs@carlstenssoldathotell.se<br \/>0303-602 65<\/p>\n<\/div>\n<\/div><\/div><\/div><\/div><\/div>","protected":false},"excerpt":{"rendered":"<p>Willkommen mit Ihrer Klasse oder Organisation in einer historischen und spannenden Umgebung<\/p>\n","protected":false},"author":1,"featured_media":1645,"parent":0,"menu_order":0,"comment_status":"closed","ping_status":"closed","template":"page-full-width.php","meta":{"ngg_post_thumbnail":0,"footnotes":""},"class_list":["post-1830","page","type-page","status-publish","has-post-thumbnail","hentry"],"_links":{"self":[{"href":"https:\/\/carlstenssoldathotell.se\/de\/wp-json\/wp\/v2\/pages\/1830","targetHints":{"allow":["GET"]}}],"collection":[{"href":"https:\/\/carlstenssoldathotell.se\/de\/wp-json\/wp\/v2\/pages"}],"about":[{"href":"https:\/\/carlstenssoldathotell.se\/de\/wp-json\/wp\/v2\/types\/page"}],"author":[{"embeddable":true,"href":"https:\/\/carlstenssoldathotell.se\/de\/wp-json\/wp\/v2\/users\/1"}],"replies":[{"embeddable":true,"href":"https:\/\/carlstenssoldathotell.se\/de\/wp-json\/wp\/v2\/comments?post=1830"}],"version-history":[{"count":0,"href":"https:\/\/carlstenssoldathotell.se\/de\/wp-json\/wp\/v2\/pages\/1830\/revisions"}],"wp:featuredmedia":[{"embeddable":true,"href":"https:\/\/carlstenssoldathotell.se\/de\/wp-json\/wp\/v2\/media\/1645"}],"wp:attachment":[{"href":"https:\/\/carlstenssoldathotell.se\/de\/wp-json\/wp\/v2\/media?parent=1830"}],"curies":[{"name":"wp","href":"https:\/\/api.w.org\/{rel}","templated":true}]}}