{"id":1829,"date":"2024-09-04T15:29:13","date_gmt":"2024-09-04T14:29:13","guid":{"rendered":"https:\/\/carlstenssoldathotell.se\/buchveroeffentlichung-in-der-festung-carlsten\/"},"modified":"2024-09-04T15:29:13","modified_gmt":"2024-09-04T14:29:13","slug":"buchveroeffentlichung-in-der-festung-carlsten","status":"publish","type":"page","link":"https:\/\/carlstenssoldathotell.se\/de\/buchveroeffentlichung-in-der-festung-carlsten\/","title":{"rendered":"Buchver\u00f6ffentlichung in der Festung Carlsten!"},"content":{"rendered":"<p><a href=\"https:\/\/carlstenssoldathotell.se\/wp-content\/uploads\/2024\/09\/fanslande.jpg\"><img fetchpriority=\"high\" decoding=\"async\" class=\"alignnone size-full wp-image-1515\" src=\"https:\/\/carlstenssoldathotell.se\/wp-content\/uploads\/2024\/09\/fanslande.jpg\" alt=\"\" width=\"1920\" height=\"1080\" srcset=\"https:\/\/carlstenssoldathotell.se\/wp-content\/uploads\/2024\/09\/fanslande.jpg 1920w, https:\/\/carlstenssoldathotell.se\/wp-content\/uploads\/2024\/09\/fanslande-300x169.jpg 300w, https:\/\/carlstenssoldathotell.se\/wp-content\/uploads\/2024\/09\/fanslande-1024x576.jpg 1024w, https:\/\/carlstenssoldathotell.se\/wp-content\/uploads\/2024\/09\/fanslande-768x432.jpg 768w, https:\/\/carlstenssoldathotell.se\/wp-content\/uploads\/2024\/09\/fanslande-1536x864.jpg 1536w\" sizes=\"(max-width: 1920px) 100vw, 1920px\" \/><\/a><\/p>\n<p><strong>Samstag, 7. September um 13.00 Uhr 2024<\/strong><\/p>\n<p>H\u00f6ren Sie die Historikerin Bonnie Clementsson \u00fcber ihr neues Buch &#8222;F\u00e4ngslade \u00f6den&#8220;, das von den Str\u00e4flingen in Carlsten handelt. Wer waren sie? Warum sind sie dort gelandet? Und wie sah der Alltag eines Festungsh\u00e4ftlings aus?<\/p>\n<p>&nbsp;<\/p>\n<p>Aus dem Buch:<\/p>\n<p><em>Als die lebenslange Haftstrafe verh\u00e4ngt wurde, lief Nikolaus der kalte Schwei\u00df auf der Stirn, aber er bem\u00fchte sich, sich nichts anmerken zu lassen. Er war stolz darauf, vor W\u00e4chtern und Richtern niemals Schw\u00e4che oder Angst zu zeigen. Nicolaus Magnus S\u00f6derman war noch nicht 21 Jahre alt, als er im M\u00e4rz 1848 zu einer lebenslangen Haftstrafe verurteilt wurde. Trotz eines guten Starts ins Leben endete sein Leben in einem Festungsgef\u00e4ngnis.<\/em><\/p>\n","protected":false},"excerpt":{"rendered":"<p>Samstag, 7. September um 13.00 Uhr 2024<\/p>\n","protected":false},"author":1,"featured_media":1825,"parent":0,"menu_order":0,"comment_status":"closed","ping_status":"closed","template":"page-full-width.php","meta":{"ngg_post_thumbnail":0,"footnotes":""},"class_list":["post-1829","page","type-page","status-publish","has-post-thumbnail","hentry"],"_links":{"self":[{"href":"https:\/\/carlstenssoldathotell.se\/de\/wp-json\/wp\/v2\/pages\/1829","targetHints":{"allow":["GET"]}}],"collection":[{"href":"https:\/\/carlstenssoldathotell.se\/de\/wp-json\/wp\/v2\/pages"}],"about":[{"href":"https:\/\/carlstenssoldathotell.se\/de\/wp-json\/wp\/v2\/types\/page"}],"author":[{"embeddable":true,"href":"https:\/\/carlstenssoldathotell.se\/de\/wp-json\/wp\/v2\/users\/1"}],"replies":[{"embeddable":true,"href":"https:\/\/carlstenssoldathotell.se\/de\/wp-json\/wp\/v2\/comments?post=1829"}],"version-history":[{"count":0,"href":"https:\/\/carlstenssoldathotell.se\/de\/wp-json\/wp\/v2\/pages\/1829\/revisions"}],"wp:featuredmedia":[{"embeddable":true,"href":"https:\/\/carlstenssoldathotell.se\/de\/wp-json\/wp\/v2\/media\/1825"}],"wp:attachment":[{"href":"https:\/\/carlstenssoldathotell.se\/de\/wp-json\/wp\/v2\/media?parent=1829"}],"curies":[{"name":"wp","href":"https:\/\/api.w.org\/{rel}","templated":true}]}}